{"id":765913,"date":"2025-08-28T11:56:21","date_gmt":"2025-08-28T08:56:21","guid":{"rendered":"https:\/\/roveyayinevi.com.tr\/index.php\/urun\/ahmet-kamil-beyin-gunlukleri\/"},"modified":"2026-04-15T03:31:39","modified_gmt":"2026-04-15T00:31:39","slug":"ahmet-kamil-beyin-gunlukleri","status":"publish","type":"product","link":"https:\/\/roveyayinevi.com.tr\/index.php\/urun\/ahmet-kamil-beyin-gunlukleri\/","title":{"rendered":"Ahmet Kamil Bey\u2019in G\u00fcnl\u00fckleri"},"content":{"rendered":"<p>Osmanl\u0131 Devleti&#8217;nin tarihe kar\u0131\u015f\u0131p T\u00fcrkiye Cumhuriyeti&#8217;nin kuruldu\u011fu sava\u015f ve m\u00fccadeleyle dolu &#8220;On Y\u0131ll\u0131k Harp&#8221; d\u00f6neminin bir ferdi olan Ahmet K\u00e2mil Bey, Harbiye Mektebi&#8217;nin son s\u0131n\u0131f talebesi iken A\u011fustos 1914&#8217;te seferberli\u011fin ilan\u0131yla z\u00e2bit vekili olarak kat\u0131ld\u0131\u011f\u0131 Osmanl\u0131 ordusunda, Do\u011fu Cephesi&#8217;nde Ruslara kar\u015f\u0131, Irak Cephesi&#8217;nde \u0130ngilizlere kar\u015f\u0131 muharebe etmi\u015ftir. Sava\u015f\u0131n devam etti\u011fi d\u00f6rt y\u0131l zarf\u0131nda zaferlerle ma\u011flubiyetleri, sevin\u00e7lerle ac\u0131 ve yokluklar\u0131 bir arada ya\u015fam\u0131\u015ft\u0131r. 29 Nisan 1916 tarihinde K\u00fbt\u00fclamare Zaferi&#8217;ni kazanan Osmanl\u0131 ordusunun muzaffer subaylar\u0131ndan biri iken 30 Ekim 1918&#8217;de Musul yak\u0131nlar\u0131nda \u0130ngilizlere esir d\u00fc\u015fme talihsizli\u011fini ya\u015fam\u0131\u015ft\u0131r.  Esaret alt\u0131nda ge\u00e7en iki y\u0131ldan sonra geldi\u011fi \u0130stanbul&#8217;da sadece iki ay durabilmi\u015f, ilk f\u0131rsatta Anadolu&#8217;ya ge\u00e7erek \u0130stikl\u00e2l Harbi&#8217;ne kat\u0131lm\u0131\u015f, \u0130kinci \u0130n\u00f6n\u00fc, Asl\u0131hanlar, K\u00fctahya-Eski\u015fehir Muharebeleriyle Sakarya Meydan Muharebesi&#8217;ne kat\u0131lm\u0131\u015f, B\u00fcy\u00fck Taarruz&#8217;da d\u00fc\u015fman\u0131 kovalayan birliklerin i\u00e7inde bulunmu\u015ftur.  Ahmet K\u00e2mil Bey, 1914 y\u0131l\u0131nda orduya kat\u0131l\u0131\u015f\u0131ndan 1934 y\u0131l\u0131na kadar harp meydanlar\u0131nda, asker\u00ee k\u0131talarda, esaret kamp\u0131nda ya\u015fad\u0131klar\u0131n\u0131, g\u00f6r\u00fcp i\u015fittiklerini bir evlat, bir e\u015f ve bir baba olarak verdi\u011fi hayat m\u00fccadelesini g\u00fcn g\u00fcn defterine kaydetmi\u015ftir. Neticede yedi defterden olu\u015fan ve yakla\u015f\u0131k yirmi y\u0131ll\u0131k bir s\u00fcreyi i\u00e7eren g\u00fcnl\u00fckleri ortaya \u00e7\u0131km\u0131\u015ft\u0131r. Yirmi y\u0131ll\u0131k devre i\u00e7inde I. D\u00fcnya Sava\u015f\u0131, \u0130stikl\u00e2l Harbi ve Cumhuriyet&#8217;in kurulu\u015funa tan\u0131kl\u0131k etmi\u015f bir subay\u0131n tutmu\u015f oldu\u011fu bu g\u00fcnl\u00fckler hi\u00e7 ku\u015fkusuz d\u00f6nemine dair \u00e7ok k\u0131ymetli kaynak te\u015fkil etmektedir. <\/p>\n","protected":false},"excerpt":{"rendered":"<p>Osmanl\u0131 Devleti&#8217;nin tarihe kar\u0131\u015f\u0131p T\u00fcrkiye Cumhuriyeti&#8217;nin kuruldu\u011fu sava\u015f ve m\u00fccadeleyle dolu &#8220;On Y\u0131ll\u0131k Harp&#8221; d\u00f6neminin bir ferdi olan Ahmet K\u00e2mil Bey, Harbiye Mektebi&#8217;nin son s\u0131n\u0131f talebesi<span class=\"excerpt-hellip\"> [\u2026]<\/span><\/p>\n","protected":false},"featured_media":0,"template":"","meta":{"_monsterinsights_skip_tracking":false,"_monsterinsights_sitenote_active":false,"_monsterinsights_sitenote_note":"","_monsterinsights_sitenote_category":0},"product_brand":[],"product_cat":[12304],"product_tag":[],"class_list":{"0":"post-765913","1":"product","2":"type-product","3":"status-publish","5":"product_cat-tarih","6":"pa_cilt-ciltsiz","7":"pa_tur-kitap","8":"pa_yayinevi-yeditepe-yayinevi","9":"pa_yazar-muzaffer-albayrak","11":"first","12":"instock","13":"sale","14":"shipping-taxable","15":"purchasable","16":"product-type-simple"},"_links":{"self":[{"href":"https:\/\/roveyayinevi.com.tr\/index.php\/wp-json\/wp\/v2\/product\/765913","targetHints":{"allow":["GET"]}}],"collection":[{"href":"https:\/\/roveyayinevi.com.tr\/index.php\/wp-json\/wp\/v2\/product"}],"about":[{"href":"https:\/\/roveyayinevi.com.tr\/index.php\/wp-json\/wp\/v2\/types\/product"}],"wp:attachment":[{"href":"https:\/\/roveyayinevi.com.tr\/index.php\/wp-json\/wp\/v2\/media?parent=765913"}],"wp:term":[{"taxonomy":"product_brand","embeddable":true,"href":"https:\/\/roveyayinevi.com.tr\/index.php\/wp-json\/wp\/v2\/product_brand?post=765913"},{"taxonomy":"product_cat","embeddable":true,"href":"https:\/\/roveyayinevi.com.tr\/index.php\/wp-json\/wp\/v2\/product_cat?post=765913"},{"taxonomy":"product_tag","embeddable":true,"href":"https:\/\/roveyayinevi.com.tr\/index.php\/wp-json\/wp\/v2\/product_tag?post=765913"}],"curies":[{"name":"wp","href":"https:\/\/api.w.org\/{rel}","templated":true}]}}