{"id":765912,"date":"2025-08-28T11:56:19","date_gmt":"2025-08-28T08:56:19","guid":{"rendered":"https:\/\/roveyayinevi.com.tr\/index.php\/urun\/savasa-doganlarin-siirleri\/"},"modified":"2026-04-15T03:31:39","modified_gmt":"2026-04-15T00:31:39","slug":"savasa-doganlarin-siirleri","status":"publish","type":"product","link":"https:\/\/roveyayinevi.com.tr\/index.php\/urun\/savasa-doganlarin-siirleri\/","title":{"rendered":"Sava\u015fa Do\u011fanlar\u0131n \u015eiirleri"},"content":{"rendered":"<p>Sava\u015fa Do\u011fanlar\u0131n \u015eiirleri, adaletsizliklerle dolu d\u00fcnya d\u00fczeninde \u00e7e\u015fitli \u015fiddet bi\u00e7imleriyle kar\u015f\u0131 kar\u015f\u0131ya kalan her dilden insan toplulu\u011funun akl\u0131ndan \u00e7\u0131kmayan an\u0131lar\u0131 \u201c\u015fiirden hik\u00e2yeler\u201dde bir araya getiren g\u00fc\u00e7l\u00fc bir ki\u015fisel alb\u00fcm. \u0130nsanl\u0131\u011f\u0131n \u201cy\u0131k\u0131lmaya y\u00fcz tutmu\u015f isli duvar\u0131nda\u201d bireyin kendisini \u201cg\u00f6\u00e7le ufalanm\u0131\u015f anlamlar\u0131n soluk bir izi\u201d olarak hissetti\u011fi sonsuz bir \u201c\u00e7\u00f6l g\u00fcnl\u00fc\u011f\u00fc\u201d. B\u00fct\u00fcn bu \u015fiddete ra\u011fmen; evlerde, sokaklarda, meydanlarda ya\u015fanan ger\u00e7ek ser\u00fcvenlerin zorlu derinliklerinde gizli izlekler i\u00e7inden aya\u011fa kalkan umut sayesinde bar\u0131\u015f ve mutluluk dolu bir d\u00fcnyan\u0131n \u201cm\u00fcmk\u00fcn kesintisiz uykular\u0131\u201d ucun ucun zihinlerde filizleniyor. \u201cD\u00fcnyadan eski o g\u00f6lde sesimizi s\u00fczece\u011fimiz\u201d, o kadim s\u00fcrg\u00fcn yollar\u0131nda \u201ca\u015fk\u0131n g\u00f6z\u00fc\u201d olan g\u00f6n\u00fcl \u201cbir sonsuzluk kap\u0131s\u0131\u201d olarak ezilmi\u015flere, kaybolmu\u015flara hep yol g\u00f6sterecektir. Sava\u015fa Do\u011fanlar\u0131n \u015eiirleri bamba\u015fka mek\u00e2nlar, co\u011frafyalar ve k\u00fclt\u00fcrlerden s\u00f6zleri, sesleri bulu\u015ftururken ba\u015ftan sona b\u00fct\u00fcnl\u00fckl\u00fc ve ak\u0131\u015fkan bir estetik yap\u0131 i\u00e7inde okuru hem tan\u0131d\u0131k hem yabanc\u0131 bir ate\u015fler d\u00fcnyas\u0131n\u0131n i\u00e7ine davet ediyor. \u201cUmut bir a\u011fa\u00e7sa g\u00f6\u011f\u00fc saran \/ topra\u011f\u0131 kucaklayan bir maviye varacak ellerimiz\u201d: \u015eiir ile ya\u015fam\u0131n k\u00e2\u011f\u0131t \u00fczerindeki s\u0131n\u0131r\u0131n\u0131n belirginli\u011fini kaybetti\u011fi, t\u00fcm\u00fcyle kendine \u00f6zg\u00fc \u00e7a\u011fda\u015f bir a\u011f\u0131t. <\/p>\n","protected":false},"excerpt":{"rendered":"<p>Sava\u015fa Do\u011fanlar\u0131n \u015eiirleri, adaletsizliklerle dolu d\u00fcnya d\u00fczeninde \u00e7e\u015fitli \u015fiddet bi\u00e7imleriyle kar\u015f\u0131 kar\u015f\u0131ya kalan her dilden insan toplulu\u011funun akl\u0131ndan \u00e7\u0131kmayan an\u0131lar\u0131 \u201c\u015fiirden hik\u00e2yeler\u201dde bir araya getiren g\u00fc\u00e7l\u00fc<span class=\"excerpt-hellip\"> [\u2026]<\/span><\/p>\n","protected":false},"featured_media":0,"template":"","meta":{"_monsterinsights_skip_tracking":false,"_monsterinsights_sitenote_active":false,"_monsterinsights_sitenote_note":"","_monsterinsights_sitenote_category":0},"product_brand":[],"product_cat":[12291,12509],"product_tag":[],"class_list":{"0":"post-765912","1":"product","2":"type-product","3":"status-publish","5":"product_cat-edebiyat","6":"product_cat-siir","7":"pa_cilt-ciltsiz","8":"pa_tur-kitap","9":"pa_yayinevi-ayrinti-yayinlari","10":"pa_yazar-ali-ulas-akalin","12":"first","13":"instock","14":"sale","15":"shipping-taxable","16":"purchasable","17":"product-type-simple"},"_links":{"self":[{"href":"https:\/\/roveyayinevi.com.tr\/index.php\/wp-json\/wp\/v2\/product\/765912","targetHints":{"allow":["GET"]}}],"collection":[{"href":"https:\/\/roveyayinevi.com.tr\/index.php\/wp-json\/wp\/v2\/product"}],"about":[{"href":"https:\/\/roveyayinevi.com.tr\/index.php\/wp-json\/wp\/v2\/types\/product"}],"wp:attachment":[{"href":"https:\/\/roveyayinevi.com.tr\/index.php\/wp-json\/wp\/v2\/media?parent=765912"}],"wp:term":[{"taxonomy":"product_brand","embeddable":true,"href":"https:\/\/roveyayinevi.com.tr\/index.php\/wp-json\/wp\/v2\/product_brand?post=765912"},{"taxonomy":"product_cat","embeddable":true,"href":"https:\/\/roveyayinevi.com.tr\/index.php\/wp-json\/wp\/v2\/product_cat?post=765912"},{"taxonomy":"product_tag","embeddable":true,"href":"https:\/\/roveyayinevi.com.tr\/index.php\/wp-json\/wp\/v2\/product_tag?post=765912"}],"curies":[{"name":"wp","href":"https:\/\/api.w.org\/{rel}","templated":true}]}}