{"id":765910,"date":"2025-08-28T11:56:16","date_gmt":"2025-08-28T08:56:16","guid":{"rendered":"https:\/\/roveyayinevi.com.tr\/index.php\/urun\/meyve-hirsizi\/"},"modified":"2026-04-15T03:31:39","modified_gmt":"2026-04-15T00:31:39","slug":"meyve-hirsizi","status":"publish","type":"product","link":"https:\/\/roveyayinevi.com.tr\/index.php\/urun\/meyve-hirsizi\/","title":{"rendered":"Meyve H\u0131rs\u0131z\u0131"},"content":{"rendered":"<p>Peter Handke, \u201cSon Destan\u201d ad\u0131n\u0131 verdi\u011fi bu roman\u0131 yazmaya 1 A\u011fustos 2016&#8217;da ba\u015fl\u0131yor. Yolculuk sahipsiz koydan \u00e7\u0131k\u0131p, dolamba\u00e7l\u0131 yollar\u0131 takip ederek, arayarak seyrediyor ve d\u00f6n\u00fc\u015f\u00fc olmayan \u201ctek y\u00f6nl\u00fc\u201d yolculu\u011fa \u00e7\u0131kan meyve h\u0131rs\u0131z\u0131 kad\u0131n\u0131n orada kalaca\u011f\u0131 ya da kalmayaca\u011f\u0131 \u00fclkenin i\u00e7lerine do\u011fru ilerliyor. Destan\u0131n yaz\u0131m\u0131n\u0131n son g\u00fcn\u00fc olan 30 Kas\u0131m 2016&#8217;da Peter Handke, kad\u0131n\u0131n yolda kar\u015f\u0131la\u015ft\u0131\u011f\u0131 inan\u0131lmaz ve e\u015fi benzeri g\u00f6r\u00fclmemi\u015f tehlikeleri \u015f\u00f6yle \u00f6zetliyor: \u201c\u00dclke i\u00e7ine yapt\u0131\u011f\u0131 \u00fc\u00e7 g\u00fcnl\u00fck yolculukta ya\u015fad\u0131klar\u0131: Tuhaft\u0131. Yoksa de\u011fil miydi? Hay\u0131r, tuhaft\u0131. Ebedi tuhaf. Sonsuz tuhaf.\u201d   \u201cK\u0131sacas\u0131 bir arma\u011fan bu kitap; \u00e7a\u011f\u0131m\u0131z\u0131n en b\u00fcy\u00fck yazarlar\u0131ndan birinin yarat\u0131s\u0131nda yeni bir d\u00f6n\u00fcm noktas\u0131 daha.\u201d Martin Krumbholz, WDR Televizyonu   \u201cPeter Handke, ger\u00e7ekli\u011fi; uzun s\u00fcre  giyilmi\u015f bir \u00e7ift y\u00fcr\u00fcy\u00fc\u015f ayakkab\u0131s\u0131 gibi \u00f6zenle temizleme yetene\u011fine sahip: cilal\u0131yor, f\u0131r\u00e7al\u0131yor, bir sanat eseri gibi parlat\u0131yor. Ancak derdi allay\u0131p pullamak de\u011fil, onlarla y\u00fcr\u00fcmeye devam etme hevesi uyand\u0131rmak.\u201d Annemarie Stoltenberg, NDR Televizyonu   \u201c\u2026 birinin bu d\u00fcnyay\u0131 -belki h\u00e2l\u00e2 katlan\u0131labilir k\u0131lmak umuduyla- ne b\u00fcy\u00fck bir sab\u0131r, dilsel ve eski moda bir sadelik ve neredeyse naif bir \u015fa\u015fk\u0131nl\u0131kla g\u00f6rebilmesi nas\u0131l da imrenilecek bir \u015fey!\u201d Bernd Noack, N\u00fcrnberger Nachrichten Gazetesi   \u201cMeyve H\u0131rs\u0131z\u0131, her Handke eseri gibi, \u00e7ok tuhaf bir kitap ve de tuhafl\u0131\u011f\u0131n\u0131n fark\u0131nda. \u0130\u00e7inde ola\u011fan\u00fcst\u00fc ve harikulade \u015feyler var ve modern bir Parsival&#8217;den bekleyebilece\u011finiz gibi, hik\u00e2ye anlat\u0131c\u0131l\u0131\u011f\u0131n\u0131n iyile\u015ftiremeyece\u011fi, ancak en iyi ihtimalle kapatabilece\u011fi bir\u00e7ok yara da var.\u201d Richard K\u00e4mmerlings, DIE WELT <\/p>\n","protected":false},"excerpt":{"rendered":"<p>Peter Handke, \u201cSon Destan\u201d ad\u0131n\u0131 verdi\u011fi bu roman\u0131 yazmaya 1 A\u011fustos 2016&#8217;da ba\u015fl\u0131yor. Yolculuk sahipsiz koydan \u00e7\u0131k\u0131p, dolamba\u00e7l\u0131 yollar\u0131 takip ederek, arayarak seyrediyor ve d\u00f6n\u00fc\u015f\u00fc olmayan<span class=\"excerpt-hellip\"> [\u2026]<\/span><\/p>\n","protected":false},"featured_media":0,"template":"","meta":{"_monsterinsights_skip_tracking":false,"_monsterinsights_sitenote_active":false,"_monsterinsights_sitenote_note":"","_monsterinsights_sitenote_category":0},"product_brand":[],"product_cat":[12291,12711],"product_tag":[],"class_list":{"0":"post-765910","1":"product","2":"type-product","3":"status-publish","5":"product_cat-edebiyat","6":"product_cat-roman-oyku","7":"pa_cilt-ciltsiz","8":"pa_tur-kitap","9":"pa_yayinevi-ayrinti-yayinlari","10":"pa_yazar-peter-handke","12":"first","13":"instock","14":"sale","15":"shipping-taxable","16":"purchasable","17":"product-type-simple"},"_links":{"self":[{"href":"https:\/\/roveyayinevi.com.tr\/index.php\/wp-json\/wp\/v2\/product\/765910","targetHints":{"allow":["GET"]}}],"collection":[{"href":"https:\/\/roveyayinevi.com.tr\/index.php\/wp-json\/wp\/v2\/product"}],"about":[{"href":"https:\/\/roveyayinevi.com.tr\/index.php\/wp-json\/wp\/v2\/types\/product"}],"wp:attachment":[{"href":"https:\/\/roveyayinevi.com.tr\/index.php\/wp-json\/wp\/v2\/media?parent=765910"}],"wp:term":[{"taxonomy":"product_brand","embeddable":true,"href":"https:\/\/roveyayinevi.com.tr\/index.php\/wp-json\/wp\/v2\/product_brand?post=765910"},{"taxonomy":"product_cat","embeddable":true,"href":"https:\/\/roveyayinevi.com.tr\/index.php\/wp-json\/wp\/v2\/product_cat?post=765910"},{"taxonomy":"product_tag","embeddable":true,"href":"https:\/\/roveyayinevi.com.tr\/index.php\/wp-json\/wp\/v2\/product_tag?post=765910"}],"curies":[{"name":"wp","href":"https:\/\/api.w.org\/{rel}","templated":true}]}}