{"id":765909,"date":"2025-08-28T11:56:15","date_gmt":"2025-08-28T08:56:15","guid":{"rendered":"https:\/\/roveyayinevi.com.tr\/index.php\/urun\/sanat-eserine-donusmek\/"},"modified":"2026-04-15T03:31:39","modified_gmt":"2026-04-15T00:31:39","slug":"sanat-eserine-donusmek","status":"publish","type":"product","link":"https:\/\/roveyayinevi.com.tr\/index.php\/urun\/sanat-eserine-donusmek\/","title":{"rendered":"Sanat Eserine D\u00f6nu\u0308\u015fmek"},"content":{"rendered":"<p>Modern \u00e7a\u011fda sanat nedir? Sanat\u00e7\u0131 kimli\u011fi ne anlama gelir? Kendimizi bir sanat eserine d\u00f6n\u00fc\u015ft\u00fcrmek m\u00fcmk\u00fcn m\u00fc? Boris Groys, bu sorulara Sanat Eserine D\u00f6n\u00fc\u015fmek adl\u0131 cesur kitab\u0131nda cevap ar\u0131yor. Groys, modern ve \u00e7a\u011fda\u015f sanat\u0131n tarihini inceleyerek sanat\u0131n geleneksel tan\u0131mlar\u0131n\u0131n art\u0131k ge\u00e7erli olmad\u0131\u011f\u0131n\u0131 savunuyor. Art\u0131k sanat, sadece m\u00fcze ve k\u00fct\u00fcphanelerde sergilenen nesnelerden ibaret de\u011fildir. Dijital \u00e7a\u011fda sanat, her yerde ve her \u015feyde olabilir. Groys\u2019un kapsaml\u0131 birikimi ve keskin g\u00f6zlem yetene\u011fi, bu kitapta sanat\u0131n d\u00f6n\u00fc\u015f\u00fcm\u00fcn\u00fc ve sanat\u00e7\u0131n\u0131n kendi varolu\u015funu sanat eserine nas\u0131l yans\u0131tt\u0131\u011f\u0131n\u0131 inceliyor. Sanat\u00e7\u0131n\u0131n kendisini bir sanat eseri haline getirme s\u00fcreci, modern ve \u00e7a\u011fda\u015f sanat\u0131n temelindeki kavramsal kayg\u0131lar\u0131 ayd\u0131nlat\u0131yor. Groys, bu kitapta bize sanat\u0131n art\u0131k bir d\u0131\u015f nesne de\u011fil, bir i\u00e7 deneyim oldu\u011funu g\u00f6steriyor. Bir sanat eserine d\u00f6n\u00fc\u015fmek i\u00e7in, kendimizi s\u00fcrekli olarak yeniden ve yeniden tasarlamam\u0131z gerekir. Bu, kimli\u011fimizi, bedenimizi ve ili\u015fkilerimizi sorgulamay\u0131 gerektiren zorlay\u0131c\u0131 bir s\u00fcre\u00e7tir. Groys\u2019un ustal\u0131kl\u0131 analizi, sanat\u0131n s\u0131n\u0131rlar\u0131n\u0131 ve potansiyelini ke\u015ffetmek isteyen herkes i\u00e7in ilham verici bir kaynak olacak. <\/p>\n","protected":false},"excerpt":{"rendered":"<p>Modern \u00e7a\u011fda sanat nedir? Sanat\u00e7\u0131 kimli\u011fi ne anlama gelir? Kendimizi bir sanat eserine d\u00f6n\u00fc\u015ft\u00fcrmek m\u00fcmk\u00fcn m\u00fc? Boris Groys, bu sorulara Sanat Eserine D\u00f6n\u00fc\u015fmek adl\u0131 cesur kitab\u0131nda<span class=\"excerpt-hellip\"> [\u2026]<\/span><\/p>\n","protected":false},"featured_media":0,"template":"","meta":{"_monsterinsights_skip_tracking":false,"_monsterinsights_sitenote_active":false,"_monsterinsights_sitenote_note":"","_monsterinsights_sitenote_category":0},"product_brand":[],"product_cat":[13548,12408],"product_tag":[],"class_list":{"0":"post-765909","1":"product","2":"type-product","3":"status-publish","5":"product_cat-kuram","6":"product_cat-sanat","7":"pa_cilt-ciltsiz","8":"pa_tur-kitap","9":"pa_yayinevi-ayrinti-yayinlari","10":"pa_yazar-boris-groys","12":"first","13":"instock","14":"sale","15":"shipping-taxable","16":"purchasable","17":"product-type-simple"},"_links":{"self":[{"href":"https:\/\/roveyayinevi.com.tr\/index.php\/wp-json\/wp\/v2\/product\/765909","targetHints":{"allow":["GET"]}}],"collection":[{"href":"https:\/\/roveyayinevi.com.tr\/index.php\/wp-json\/wp\/v2\/product"}],"about":[{"href":"https:\/\/roveyayinevi.com.tr\/index.php\/wp-json\/wp\/v2\/types\/product"}],"wp:attachment":[{"href":"https:\/\/roveyayinevi.com.tr\/index.php\/wp-json\/wp\/v2\/media?parent=765909"}],"wp:term":[{"taxonomy":"product_brand","embeddable":true,"href":"https:\/\/roveyayinevi.com.tr\/index.php\/wp-json\/wp\/v2\/product_brand?post=765909"},{"taxonomy":"product_cat","embeddable":true,"href":"https:\/\/roveyayinevi.com.tr\/index.php\/wp-json\/wp\/v2\/product_cat?post=765909"},{"taxonomy":"product_tag","embeddable":true,"href":"https:\/\/roveyayinevi.com.tr\/index.php\/wp-json\/wp\/v2\/product_tag?post=765909"}],"curies":[{"name":"wp","href":"https:\/\/api.w.org\/{rel}","templated":true}]}}