{"id":765907,"date":"2025-08-28T11:56:12","date_gmt":"2025-08-28T08:56:12","guid":{"rendered":"https:\/\/roveyayinevi.com.tr\/index.php\/urun\/fasizmin-yeni-yuzleri\/"},"modified":"2026-04-15T03:31:39","modified_gmt":"2026-04-15T00:31:39","slug":"fasizmin-yeni-yuzleri","status":"publish","type":"product","link":"https:\/\/roveyayinevi.com.tr\/index.php\/urun\/fasizmin-yeni-yuzleri\/","title":{"rendered":"Fa\u015fizmin Yeni Y\u00fczleri"},"content":{"rendered":"<p>Yirminci y\u00fczy\u0131l\u0131n soyk\u0131r\u0131mlar, sava\u015flar ve s\u00f6m\u00fcrgecilikle dolu tarihinden sonra d\u00fc\u015fmanl\u0131klar\u0131n yeni k\u0131l\u0131flara b\u00fcr\u00fcnd\u00fc\u011f\u00fc, ideolojilerin art\u0131k eski anlamlar\u0131n\u0131 yitirdi\u011fi, k\u0131sacas\u0131 hemen her \u015feyin kab\u0131na s\u0131\u011fmad\u0131\u011f\u0131 ve ayn\u0131 zamanda kabuk de\u011fi\u015ftirdi\u011fi bir y\u00fczy\u0131lday\u0131z. Kaynayan bu kazanda, ge\u00e7en y\u00fczy\u0131ldaki geli\u015fmeleri, ak\u0131mlar\u0131 tan\u0131mlamak i\u00e7in kullan\u0131lan kavramlar da buharla\u015f\u0131yor. Soyk\u0131r\u0131m ve fa\u015fizm tarih\u00e7isi Enzo Traverso, tam da bu ba\u011flamda, Avrupa\u2019da her ge\u00e7en g\u00fcn kendisini daha da g\u00f6steren ve d\u00fcnyan\u0131n ba\u015fka yerlerinde ise farkl\u0131 \u015fekillerde beliren yeni sa\u011f hareketleri merce\u011fine al\u0131yor. Avrupa i\u00e7inde bile bir\u00e7ok farkl\u0131l\u0131k g\u00f6steren mezk\u00fbr hareketlerin \u201cfa\u015fizm\u201d ile a\u00e7\u0131klanamayaca\u011f\u0131n\u0131 iddia eden Traverso, bu hareketlerin yaratt\u0131\u011f\u0131 heterojen ve karma duruma dikkat \u00e7ekerek \u201cpost-fa\u015fizm\u201d kavram\u0131n\u0131 \u00f6neriyor. Bu hareketlerin nevi \u015fahs\u0131na m\u00fcnhas\u0131r unsurlar\u0131na, kendilerini ge\u00e7mi\u015f fa\u015fist ideolojilerden nas\u0131l ay\u0131rd\u0131klar\u0131na dikkat \u00e7eken Traverso, g\u00fcn\u00fcm\u00fcz d\u00fcnyas\u0131n\u0131 etkileyen yabanc\u0131 d\u00fc\u015fmanl\u0131\u011f\u0131n\u0131n yan\u0131nda \u0130slamofobi, antisemitizm gibi bir\u00e7ok meseleyi de tart\u0131\u015fman\u0131n merkezine al\u0131yor.   Elinizdeki kitab\u0131n Frans\u0131zca yay\u0131mland\u0131\u011f\u0131 tarihten bug\u00fcne kadar ge\u00e7en s\u00fcrede a\u015f\u0131r\u0131 sa\u011f hareketlerin Avrupa siyasetinin kalbine yerle\u015fmesi ve ad\u0131ndan daha fazla s\u00f6z ettirmesi, Enzo Traverso\u2019nun analiz ve tespitlerinde ne kadar keskin ve hassas oldu\u011funu g\u00f6zler \u00f6n\u00fcne serdi. R\u00f6portaj format\u0131nda haz\u0131rlanm\u0131\u015f bu eser, ak\u0131c\u0131 \u00fcslubu ve analitik tart\u0131\u015fmalar\u0131yla bug\u00fcn\u00fcn d\u00fcnyas\u0131na dair en net foto\u011fraflardan biri. Haliyle, daha da b\u00fcy\u00fcyecek gibi g\u00f6r\u00fcnen a\u015f\u0131r\u0131 sa\u011f\u0131n yaratt\u0131\u011f\u0131 bir\u00e7ok sorunu ve ilgili kavramlar\u0131 anlamam\u0131za yard\u0131mc\u0131 olacak derinli\u011fe ve g\u00fcncelli\u011fe sahip. Kitap T\u00fcrkiye\u2019yi do\u011frudan mesele edinmese bile, bir ayna olarak tutuldu\u011funda, T\u00fcrkiye\u2019deki tabloyu da hakk\u0131yla g\u00f6sterecek parlakl\u0131kta bir perspektife sahip. <\/p>\n","protected":false},"excerpt":{"rendered":"<p>Yirminci y\u00fczy\u0131l\u0131n soyk\u0131r\u0131mlar, sava\u015flar ve s\u00f6m\u00fcrgecilikle dolu tarihinden sonra d\u00fc\u015fmanl\u0131klar\u0131n yeni k\u0131l\u0131flara b\u00fcr\u00fcnd\u00fc\u011f\u00fc, ideolojilerin art\u0131k eski anlamlar\u0131n\u0131 yitirdi\u011fi, k\u0131sacas\u0131 hemen her \u015feyin kab\u0131na s\u0131\u011fmad\u0131\u011f\u0131 ve ayn\u0131<span class=\"excerpt-hellip\"> [\u2026]<\/span><\/p>\n","protected":false},"featured_media":0,"template":"","meta":{"_monsterinsights_skip_tracking":false,"_monsterinsights_sitenote_active":false,"_monsterinsights_sitenote_note":"","_monsterinsights_sitenote_category":0},"product_brand":[],"product_cat":[13590,12337],"product_tag":[],"class_list":{"0":"post-765907","1":"product","2":"type-product","3":"status-publish","5":"product_cat-arastirma-inceleme-politika-siyaset","6":"product_cat-politika-siyaset","7":"pa_cilt-ciltsiz","8":"pa_tur-kitap","9":"pa_yayinevi-ayrinti-yayinlari","10":"pa_yazar-enzo-traverso","12":"first","13":"instock","14":"sale","15":"shipping-taxable","16":"purchasable","17":"product-type-simple"},"_links":{"self":[{"href":"https:\/\/roveyayinevi.com.tr\/index.php\/wp-json\/wp\/v2\/product\/765907","targetHints":{"allow":["GET"]}}],"collection":[{"href":"https:\/\/roveyayinevi.com.tr\/index.php\/wp-json\/wp\/v2\/product"}],"about":[{"href":"https:\/\/roveyayinevi.com.tr\/index.php\/wp-json\/wp\/v2\/types\/product"}],"wp:attachment":[{"href":"https:\/\/roveyayinevi.com.tr\/index.php\/wp-json\/wp\/v2\/media?parent=765907"}],"wp:term":[{"taxonomy":"product_brand","embeddable":true,"href":"https:\/\/roveyayinevi.com.tr\/index.php\/wp-json\/wp\/v2\/product_brand?post=765907"},{"taxonomy":"product_cat","embeddable":true,"href":"https:\/\/roveyayinevi.com.tr\/index.php\/wp-json\/wp\/v2\/product_cat?post=765907"},{"taxonomy":"product_tag","embeddable":true,"href":"https:\/\/roveyayinevi.com.tr\/index.php\/wp-json\/wp\/v2\/product_tag?post=765907"}],"curies":[{"name":"wp","href":"https:\/\/api.w.org\/{rel}","templated":true}]}}