{"id":765906,"date":"2025-08-28T11:56:11","date_gmt":"2025-08-28T08:56:11","guid":{"rendered":"https:\/\/roveyayinevi.com.tr\/index.php\/urun\/asiye-5-ben-bitti-demeden-bitmez-fleksi-kapak\/"},"modified":"2026-04-15T03:31:38","modified_gmt":"2026-04-15T00:31:38","slug":"asiye-5-ben-bitti-demeden-bitmez-fleksi-kapak","status":"publish","type":"product","link":"https:\/\/roveyayinevi.com.tr\/index.php\/urun\/asiye-5-ben-bitti-demeden-bitmez-fleksi-kapak\/","title":{"rendered":"Asiye 5 &#8211; Ben Bitti Demeden Bitmez  (Fleksi Kapak)"},"content":{"rendered":"<p>Yat\u0131l\u0131 okulun haylaz demirba\u015f\u0131 Asiye&#8217;nin kula\u011f\u0131na baz\u0131 f\u0131s\u0131lt\u0131lar gelir. Okulda kamp yap\u0131laca\u011f\u0131n\u0131 \u00f6\u011frenir. Bu fikir ba\u015fta Asiye&#8217;yi heyecanland\u0131r\u0131r ama sonra umdu\u011funu bulamaz. \u00c7\u00fcnk\u00fc kamp i\u00e7in ormana gitmek gerekir, okula de\u011fil. Bu yanl\u0131\u015fl\u0131\u011f\u0131 d\u00fczeltmeyi kafas\u0131na koyan Asiye hemen planlara ba\u015flar. Tabii ki yaln\u0131z ba\u015f\u0131na de\u011fil. Hoop! Ak\u0131l hocas\u0131, S\u00fcrmeneli Deli Asiye yan\u0131 ba\u015f\u0131nda. Okul m\u00fcd\u00fcr\u00fc Fikri Tutuk, Asiye\u2019nin planlar\u0131ndan haberdar olunca korkmaya ba\u015flar. Daha okulun i\u00e7inde yerinde duramayan, her yeri birbirine katan Asiye, ormanda kim bilir neler yapacakt\u0131r?  Asiye serisinin heyecan, e\u011flence ve bol macera dolu ser\u00fcvenleri, 5. kitapta da tam gaz devam ediyor. Asiye, okuma yazmay\u0131 \u00f6\u011frenmi\u015f her ya\u015ftan \u00e7ocu\u011fun zevkle okuyaca\u011f\u0131 bir yat\u0131l\u0131 okul maceras\u0131. <\/p>\n","protected":false},"excerpt":{"rendered":"<p>Yat\u0131l\u0131 okulun haylaz demirba\u015f\u0131 Asiye&#8217;nin kula\u011f\u0131na baz\u0131 f\u0131s\u0131lt\u0131lar gelir. Okulda kamp yap\u0131laca\u011f\u0131n\u0131 \u00f6\u011frenir. Bu fikir ba\u015fta Asiye&#8217;yi heyecanland\u0131r\u0131r ama sonra umdu\u011funu bulamaz. \u00c7\u00fcnk\u00fc kamp i\u00e7in ormana<span class=\"excerpt-hellip\"> [\u2026]<\/span><\/p>\n","protected":false},"featured_media":0,"template":"","meta":{"_monsterinsights_skip_tracking":false,"_monsterinsights_sitenote_active":false,"_monsterinsights_sitenote_note":"","_monsterinsights_sitenote_category":0},"product_brand":[],"product_cat":[12274,12284],"product_tag":[],"class_list":{"0":"post-765906","1":"product","2":"type-product","3":"status-publish","5":"product_cat-cocuk-ve-genclik-kitaplari","6":"product_cat-hikayeler","7":"pa_cilt-ciltsiz","8":"pa_tur-kitap","9":"pa_yayinevi-taze-kitap","10":"pa_yazar-halenur-calisan","12":"first","13":"instock","14":"sale","15":"shipping-taxable","16":"purchasable","17":"product-type-simple"},"_links":{"self":[{"href":"https:\/\/roveyayinevi.com.tr\/index.php\/wp-json\/wp\/v2\/product\/765906","targetHints":{"allow":["GET"]}}],"collection":[{"href":"https:\/\/roveyayinevi.com.tr\/index.php\/wp-json\/wp\/v2\/product"}],"about":[{"href":"https:\/\/roveyayinevi.com.tr\/index.php\/wp-json\/wp\/v2\/types\/product"}],"wp:attachment":[{"href":"https:\/\/roveyayinevi.com.tr\/index.php\/wp-json\/wp\/v2\/media?parent=765906"}],"wp:term":[{"taxonomy":"product_brand","embeddable":true,"href":"https:\/\/roveyayinevi.com.tr\/index.php\/wp-json\/wp\/v2\/product_brand?post=765906"},{"taxonomy":"product_cat","embeddable":true,"href":"https:\/\/roveyayinevi.com.tr\/index.php\/wp-json\/wp\/v2\/product_cat?post=765906"},{"taxonomy":"product_tag","embeddable":true,"href":"https:\/\/roveyayinevi.com.tr\/index.php\/wp-json\/wp\/v2\/product_tag?post=765906"}],"curies":[{"name":"wp","href":"https:\/\/api.w.org\/{rel}","templated":true}]}}