{"id":765905,"date":"2025-08-28T11:56:09","date_gmt":"2025-08-28T08:56:09","guid":{"rendered":"https:\/\/roveyayinevi.com.tr\/index.php\/urun\/stoacinin-gunlugu\/"},"modified":"2026-04-15T03:31:38","modified_gmt":"2026-04-15T00:31:38","slug":"stoacinin-gunlugu","status":"publish","type":"product","link":"https:\/\/roveyayinevi.com.tr\/index.php\/urun\/stoacinin-gunlugu\/","title":{"rendered":"Stoac\u0131n\u0131n G\u00fcnl\u00fc\u011f\u00fc"},"content":{"rendered":"<p>SENECA, EP\u0130KTETOS VE MARCUS AURELIUS&#8217;UN MET\u0130NLER\u0130NDEN ALINTILARLAMutlulu\u011fa nas\u0131l kavu\u015furuz? \u00d6fkemizi kontrol etmenin en etkili yolu nedir? Ba\u015far\u0131n\u0131n ger\u00e7ek \u00f6l\u00e7\u00fct\u00fc ne olmal\u0131d\u0131r? Kederimizin \u00fcstesinden gelip hayat\u0131m\u0131za nas\u0131l bir anlam katabiliriz? T\u00fcm bu sorular\u0131n ve daha fazlas\u0131n\u0131n cevab\u0131 Stoac\u0131 felsefenin \u00f6z\u00fcn\u00fc olu\u015fturur. \u0130\u015fte Stoac\u0131n\u0131n G\u00fcnl\u00fc\u011f\u00fc de bu antik bilgeli\u011fi temel alan faydal\u0131 bir rehber g\u00f6revi g\u00f6r\u00fcyor.Sanat\u00e7\u0131lardan aktivistlere, imparatorlardan sava\u015f kahramanlar\u0131na kadar tarihin b\u00fcy\u00fck isimlerinin gizli silah\u0131 olan Stoac\u0131l\u0131k prensipleri, eyleme ge\u00e7mek isteyenlerin felsefesi olarak y\u00fczy\u0131llar boyu bir \u0131\u015f\u0131k gibi parlad\u0131. \u0130nsan deneyiminin laboratuvar\u0131nda son iki bin y\u0131ld\u0131r test edilen bu zamans\u0131z bilgiler modern hayat\u0131n karma\u015fas\u0131n\u0131 anlamland\u0131rabilmek ad\u0131na olduk\u00e7a \u00f6nemli.Bu kitapta y\u0131l\u0131n her bir g\u00fcn\u00fc i\u00e7in \u0130mparator Marcus Aurelius&#8217;un, Seneca&#8217;n\u0131n ve Epiktetos&#8217;un yazd\u0131klar\u0131ndan yola \u00e7\u0131k\u0131larak Stoac\u0131 egzersizler ile deneyimler payla\u015f\u0131l\u0131yor ve okuyucular her g\u00fcn i\u00e7in ayr\u0131 ayr\u0131 tarihi anekdotlar, bu anekdotlar \u00fczerine d\u00fc\u015f\u00fcnd\u00fcr\u00fcc\u00fc yorumlar ve Antik Yunan k\u00fclt\u00fcr\u00fcne ait, hayat\u0131 kolayla\u015ft\u0131ran bak\u0131\u015f a\u00e7\u0131lar\u0131yla kar\u015f\u0131la\u015f\u0131yor. Bir y\u0131l boyunca bu kitaptaki Stoac\u0131 \u00f6\u011fretileri takip ederek siz de hayat\u0131n g\u00fc\u00e7l\u00fckleri kar\u015f\u0131s\u0131nda daha yap\u0131c\u0131 \u00e7\u00f6z\u00fcmler bulabilece\u011finiz huzurlu, dingin bir zihne kavu\u015fabilirsiniz.&#8221;\u00dc\u00e7 b\u00fcy\u00fck Stoac\u0131 bilgenin hayat derslerini \u00f6zetleyen bu kitab\u0131 y\u0131l boyu yan\u0131n\u0131zda ta\u015f\u0131yacak ve g\u00fc\u00e7l\u00fcklerle kar\u015f\u0131la\u015ft\u0131\u011f\u0131n\u0131zda do\u011frudan ona ba\u015fvuracaks\u0131n\u0131z.&#8221;WALL STREET JOURNAL&#8221;Antik bilgeli\u011fi modern hayat\u0131m\u0131za uyarlayan harika bir hediye.&#8221;MARIA POPOVA, Brain Pickings edit\u00f6r\u00fc&#8221;Kontrol\u00fcn\u00fczde olan \u015feylere odaklanman\u0131za yard\u0131mc\u0131 olan, yanl\u0131\u015f ve s\u0131n\u0131rlay\u0131c\u0131 inan\u0131\u015flardan kurtulman\u0131z\u0131 ve do\u011fru bir \u015fekilde eyleme ge\u00e7menizi sa\u011flayan e\u015fi bulunmaz bir eser. Stoac\u0131n\u0131n G\u00fcnl\u00fc\u011f\u00fc&#8217;n\u00fc kendinize rehber edinin ve hayat\u0131n\u0131z\u0131n g\u00fcnbeg\u00fcn nas\u0131l g\u00fczelle\u015fti\u011fini g\u00f6r\u00fcn.&#8221;JACK CANFIELD&#8221;Hayattaki tercihlerimizi y\u00f6netebilmemizi ve yan\u0131lg\u0131lar\u0131m\u0131zdan kurtulmam\u0131z\u0131 sa\u011flayan harika bir kaynak.&#8221;JOSEPH A. MACIARIELLO&#8221;Stoac\u0131n\u0131n G\u00fcnl\u00fc\u011f\u00fc zaman s\u0131n\u0131rlar\u0131n\u0131 ve ki\u015fisel farkl\u0131l\u0131klar\u0131 a\u015fan evrensel bilgelikler sunuyor. Bu kitap her zor an\u0131n\u0131zda d\u00f6n\u00fcp sakinle\u015fece\u011finiz bir dinginlik merkezi gibi.&#8221;GREGORY HAYS&#8221;Bug\u00fcne dek durup kendini dinlemeye hi\u00e7 zaman bulamam\u0131\u015f, y\u00fcksek tempoya al\u0131\u015f\u0131k insanlar\u0131 bile esasl\u0131 Stoac\u0131lara d\u00f6n\u00fc\u015ft\u00fcrecekbir \u00e7al\u0131\u015fma.&#8221;TIMES&#8221;Stoac\u0131n\u0131n G\u00fcnl\u00fc\u011f\u00fc sakin, bilgelikle dolu bir hayat s\u00fcrme aray\u0131\u015f\u0131nda olan herkes i\u00e7in manevi bir \u00e7apa g\u00f6revi g\u00f6r\u00fcyor. \u015eartlar ne denli zor olursa olsun karanl\u0131k zamanlar\u0131 metanetle a\u015fman\u0131z\u0131 sa\u011flayan bu kitab\u0131 yan\u0131n\u0131zdan ay\u0131rmay\u0131n.&#8221;SHARON LEBELL&#8221;Stoac\u0131l\u0131k g\u00fcn\u00fcm\u00fczde tekrar de\u011fer g\u00f6r\u00fcyorsa bu kesinlikle Ryan Holiday sayesinde olmu\u015ftur diyebiliriz.&#8221;THE NEW YORK TIMES<\/p>\n","protected":false},"excerpt":{"rendered":"<p>SENECA, EP\u0130KTETOS VE MARCUS AURELIUS&#8217;UN MET\u0130NLER\u0130NDEN ALINTILARLAMutlulu\u011fa nas\u0131l kavu\u015furuz? \u00d6fkemizi kontrol etmenin en etkili yolu nedir? Ba\u015far\u0131n\u0131n ger\u00e7ek \u00f6l\u00e7\u00fct\u00fc ne olmal\u0131d\u0131r? Kederimizin \u00fcstesinden gelip hayat\u0131m\u0131za nas\u0131l<span class=\"excerpt-hellip\"> [\u2026]<\/span><\/p>\n","protected":false},"featured_media":0,"template":"","meta":{"_monsterinsights_skip_tracking":false,"_monsterinsights_sitenote_active":false,"_monsterinsights_sitenote_note":"","_monsterinsights_sitenote_category":0},"product_brand":[],"product_cat":[12364,12376],"product_tag":[],"class_list":{"0":"post-765905","1":"product","2":"type-product","3":"status-publish","5":"product_cat-genel-konular","6":"product_cat-kisisel-gelisim","7":"pa_cilt-ciltsiz","8":"pa_tur-kitap","9":"pa_yayinevi-pegasus-yayinlari","10":"pa_yazar-ryan-holiday-stephen-hanselman","12":"first","13":"instock","14":"sale","15":"shipping-taxable","16":"purchasable","17":"product-type-simple"},"_links":{"self":[{"href":"https:\/\/roveyayinevi.com.tr\/index.php\/wp-json\/wp\/v2\/product\/765905","targetHints":{"allow":["GET"]}}],"collection":[{"href":"https:\/\/roveyayinevi.com.tr\/index.php\/wp-json\/wp\/v2\/product"}],"about":[{"href":"https:\/\/roveyayinevi.com.tr\/index.php\/wp-json\/wp\/v2\/types\/product"}],"wp:attachment":[{"href":"https:\/\/roveyayinevi.com.tr\/index.php\/wp-json\/wp\/v2\/media?parent=765905"}],"wp:term":[{"taxonomy":"product_brand","embeddable":true,"href":"https:\/\/roveyayinevi.com.tr\/index.php\/wp-json\/wp\/v2\/product_brand?post=765905"},{"taxonomy":"product_cat","embeddable":true,"href":"https:\/\/roveyayinevi.com.tr\/index.php\/wp-json\/wp\/v2\/product_cat?post=765905"},{"taxonomy":"product_tag","embeddable":true,"href":"https:\/\/roveyayinevi.com.tr\/index.php\/wp-json\/wp\/v2\/product_tag?post=765905"}],"curies":[{"name":"wp","href":"https:\/\/api.w.org\/{rel}","templated":true}]}}