{"id":765904,"date":"2025-08-28T11:56:08","date_gmt":"2025-08-28T08:56:08","guid":{"rendered":"https:\/\/roveyayinevi.com.tr\/index.php\/urun\/sucun-sosyolojisi\/"},"modified":"2026-04-15T03:31:38","modified_gmt":"2026-04-15T00:31:38","slug":"sucun-sosyolojisi","status":"publish","type":"product","link":"https:\/\/roveyayinevi.com.tr\/index.php\/urun\/sucun-sosyolojisi\/","title":{"rendered":"Su\u00e7un Sosyolojisi"},"content":{"rendered":"<p>\u0130nsanlar\u0131n toplumsal gruplar h\u00e2linde ya\u015famaya ba\u015flamas\u0131ndan g\u00fcn\u00fcm\u00fcze kadar ge\u00e7en s\u00fcre\u00e7te daima toplumsal sapma ve su\u00e7 ile kar\u015f\u0131 kar\u015f\u0131ya kal\u0131nm\u0131\u015ft\u0131r. Dolay\u0131s\u0131yla da bir bi\u00e7imde bu t\u00fcr davran\u0131\u015flardan etkilenilmi\u015ftir. Su\u00e7 ve sapma, insanlar\u0131 derinden etkilemesi sebebiyle her zaman ka\u00e7\u0131n\u0131lm\u0131\u015f ve uzak durulmu\u015f, b\u00f6ylece b\u00fct\u00fcn dikkatleri de \u00fczerine \u00e7ekerek her d\u00f6nem ara\u015ft\u0131rmalar\u0131n merkezinde yer alm\u0131\u015ft\u0131r. Bu sebeple de sosyolojinin kurulu\u015fundan itibaren \u00f6nem verilen konular aras\u0131nda su\u00e7 ve sapma davran\u0131\u015flar yer alm\u0131\u015ft\u0131r. Hem su\u00e7 \u00fczerine hem de su\u00e7un \u00f6nlenmesi \u00fczerine pek \u00e7ok teori geli\u015ftirilmi\u015ftir. Su\u00e7un \u00e7e\u015fitli kurumsal yap\u0131larla ili\u015fki i\u00e7inde olmas\u0131, onun daha g\u00f6r\u00fcn\u00fcr h\u00e2le gelmesine sebep olmu\u015ftur. Su\u00e7u olu\u015fturan ve su\u00e7 ile do\u011frudan ya da dolayl\u0131 olarak ili\u015fki i\u00e7inde bulunan pek \u00e7ok konu\/alan da bu ara\u015ft\u0131rmalar\u0131n merkezinde yer alm\u0131\u015ft\u0131r. \u00d6nceleri su\u00e7un \u00f6znesi insan iken g\u00fcn\u00fcm\u00fczde su\u00e7un \u00f6znesi toplum ve toplumsal kurumlard\u0131r. Bu yakla\u015f\u0131m su\u00e7a dair bak\u0131\u015f a\u00e7\u0131lar\u0131n\u0131 da de\u011fi\u015ftirerek su\u00e7 ve sapma yakla\u015f\u0131mlar\u0131n\u0131n da yeniden g\u00f6zden ge\u00e7irilmesine sebep olmu\u015ftur. \u00d6rne\u011fin Cesare Lombroso, insan\u0131n do\u011fu\u015ftan su\u00e7lu oldu\u011funu iddia ederek insan\u0131 bu bi\u00e7imde damgalay\u0131p lanetlerken; \u00e7a\u011fda\u015f yakla\u015f\u0131mlara g\u00f6re su\u00e7lu olan toplum, toplumsal gruplar ve kurumlard\u0131r. Zira insan do\u011fduktan sonra bulundu\u011fu toplumsal \u00e7evreye g\u00f6re bi\u00e7imlenir ve ki\u015filik kazan\u0131r.<\/p>\n","protected":false},"excerpt":{"rendered":"<p>\u0130nsanlar\u0131n toplumsal gruplar h\u00e2linde ya\u015famaya ba\u015flamas\u0131ndan g\u00fcn\u00fcm\u00fcze kadar ge\u00e7en s\u00fcre\u00e7te daima toplumsal sapma ve su\u00e7 ile kar\u015f\u0131 kar\u015f\u0131ya kal\u0131nm\u0131\u015ft\u0131r. Dolay\u0131s\u0131yla da bir bi\u00e7imde bu t\u00fcr davran\u0131\u015flardan<span class=\"excerpt-hellip\"> [\u2026]<\/span><\/p>\n","protected":false},"featured_media":0,"template":"","meta":{"_monsterinsights_skip_tracking":false,"_monsterinsights_sitenote_active":false,"_monsterinsights_sitenote_note":"","_monsterinsights_sitenote_category":0},"product_brand":[],"product_cat":[12325,12324],"product_tag":[],"class_list":{"0":"post-765904","1":"product","2":"type-product","3":"status-publish","5":"product_cat-diger-sosyoloji","6":"product_cat-sosyoloji","7":"pa_cilt-ciltsiz","8":"pa_tur-kitap","9":"pa_yayinevi-ani-yayincilik","10":"pa_yazar-bekir-kocadas","12":"first","13":"instock","14":"sale","15":"shipping-taxable","16":"purchasable","17":"product-type-simple"},"_links":{"self":[{"href":"https:\/\/roveyayinevi.com.tr\/index.php\/wp-json\/wp\/v2\/product\/765904","targetHints":{"allow":["GET"]}}],"collection":[{"href":"https:\/\/roveyayinevi.com.tr\/index.php\/wp-json\/wp\/v2\/product"}],"about":[{"href":"https:\/\/roveyayinevi.com.tr\/index.php\/wp-json\/wp\/v2\/types\/product"}],"wp:attachment":[{"href":"https:\/\/roveyayinevi.com.tr\/index.php\/wp-json\/wp\/v2\/media?parent=765904"}],"wp:term":[{"taxonomy":"product_brand","embeddable":true,"href":"https:\/\/roveyayinevi.com.tr\/index.php\/wp-json\/wp\/v2\/product_brand?post=765904"},{"taxonomy":"product_cat","embeddable":true,"href":"https:\/\/roveyayinevi.com.tr\/index.php\/wp-json\/wp\/v2\/product_cat?post=765904"},{"taxonomy":"product_tag","embeddable":true,"href":"https:\/\/roveyayinevi.com.tr\/index.php\/wp-json\/wp\/v2\/product_tag?post=765904"}],"curies":[{"name":"wp","href":"https:\/\/api.w.org\/{rel}","templated":true}]}}