{"id":765903,"date":"2025-08-28T11:56:07","date_gmt":"2025-08-28T08:56:07","guid":{"rendered":"https:\/\/roveyayinevi.com.tr\/index.php\/urun\/kadin-ve-terorizm\/"},"modified":"2026-04-15T03:31:38","modified_gmt":"2026-04-15T00:31:38","slug":"kadin-ve-terorizm","status":"publish","type":"product","link":"https:\/\/roveyayinevi.com.tr\/index.php\/urun\/kadin-ve-terorizm\/","title":{"rendered":"Kad\u0131n ve Ter\u00f6rizm"},"content":{"rendered":"<p>Bu kitap yerel ve uluslararas\u0131 ter\u00f6rizm ayr\u0131m\u0131n\u0131 esas alarak kad\u0131nlar\u0131n ter\u00f6rist \u00f6rg\u00fctlere kat\u0131l\u0131m\u0131n\u0131 analiz etmektedir. Kitapta yerel ve uluslararas\u0131 ter\u00f6rizm gruplar\u0131nda kad\u0131n faaliyetlerinin d\u00fczeyi ve yo\u011funlu\u011fu t\u00fcm d\u00fcnyadan \u00f6rnekler ele al\u0131narak incelenmi\u015ftir. Kitap Amerika, Asya, Avrupa, Orta Do\u011fu ve Afrika\u2019da aktif olan \u00e7ok say\u0131da ter\u00f6rist \u00f6rg\u00fct\u00fc ayr\u0131nt\u0131l\u0131 \u015fekilde incelemektedir. Bu ter\u00f6rist \u00f6rg\u00fctlere kad\u0131n kat\u0131l\u0131m\u0131n\u0131n farkl\u0131 seviyelerini a\u00e7\u0131klamaya yard\u0131mc\u0131 olan temel bir teorik model sunulmaktad\u0131r.\u00d6nceki \u00e7al\u0131\u015fmalar, kad\u0131nlar\u0131n ter\u00f6rist faaliyetlerde bulunma ya da etkili konumlara gelme nedenlerini daha \u00e7ok din, paternalizm, sosyalizm \u00fczerinden incelemi\u015ftir. Bu kitapta sunulan model, ter\u00f6rist gruplar aras\u0131nda ba\u015fka temel bir ayr\u0131ma dayand\u0131r\u0131lm\u0131\u015ft\u0131r. Yerel ve uluslararas\u0131 ter\u00f6rist \u00f6rg\u00fctlerin kad\u0131n kat\u0131l\u0131m\u0131n\u0131n d\u00fczeylerini belirledi\u011fi kar\u015f\u0131la\u015ft\u0131rmal\u0131 bir analizle ele al\u0131nmakta ve bu a\u00e7\u0131dan yeni bir bak\u0131\u015f a\u00e7\u0131s\u0131 sunulmaktad\u0131r. Kitab\u0131n sundu\u011fu bu bak\u0131\u015f a\u00e7\u0131s\u0131 kad\u0131nlar ve ter\u00f6rizm konusuna yeni bir boyut eklemekte ve ter\u00f6rizm incelemeleri konusunda \u00f6nemli bir katk\u0131 sunmaktad\u0131r.\u00d6te yandan ter\u00f6rizm konusunda h\u00fck\u00fcmet politikalar\u0131n\u0131n belirlenmesine y\u00f6nelik \u00f6nemli katk\u0131 imkan\u0131 da s\u00f6z konusudur. Kitap bu y\u00f6n\u00fcyle hem ter\u00f6rizm incelemeleri alan\u0131na hem de h\u00fck\u00fcmet d\u00fczeyinde politika yap\u0131c\u0131lara \u00f6nemli katk\u0131 sa\u011flamaktad\u0131r.<\/p>\n","protected":false},"excerpt":{"rendered":"<p>Bu kitap yerel ve uluslararas\u0131 ter\u00f6rizm ayr\u0131m\u0131n\u0131 esas alarak kad\u0131nlar\u0131n ter\u00f6rist \u00f6rg\u00fctlere kat\u0131l\u0131m\u0131n\u0131 analiz etmektedir. Kitapta yerel ve uluslararas\u0131 ter\u00f6rizm gruplar\u0131nda kad\u0131n faaliyetlerinin d\u00fczeyi ve yo\u011funlu\u011fu<span class=\"excerpt-hellip\"> [\u2026]<\/span><\/p>\n","protected":false},"featured_media":0,"template":"","meta":{"_monsterinsights_skip_tracking":false,"_monsterinsights_sitenote_active":false,"_monsterinsights_sitenote_note":"","_monsterinsights_sitenote_category":0},"product_brand":[],"product_cat":[12337],"product_tag":[],"class_list":{"0":"post-765903","1":"product","2":"type-product","3":"status-publish","5":"product_cat-politika-siyaset","6":"pa_cilt-ciltsiz","7":"pa_tur-kitap","8":"pa_yayinevi-siyasal-kitabevi","9":"pa_yazar-margaret-gonzales","11":"first","12":"instock","13":"sale","14":"shipping-taxable","15":"purchasable","16":"product-type-simple"},"_links":{"self":[{"href":"https:\/\/roveyayinevi.com.tr\/index.php\/wp-json\/wp\/v2\/product\/765903","targetHints":{"allow":["GET"]}}],"collection":[{"href":"https:\/\/roveyayinevi.com.tr\/index.php\/wp-json\/wp\/v2\/product"}],"about":[{"href":"https:\/\/roveyayinevi.com.tr\/index.php\/wp-json\/wp\/v2\/types\/product"}],"wp:attachment":[{"href":"https:\/\/roveyayinevi.com.tr\/index.php\/wp-json\/wp\/v2\/media?parent=765903"}],"wp:term":[{"taxonomy":"product_brand","embeddable":true,"href":"https:\/\/roveyayinevi.com.tr\/index.php\/wp-json\/wp\/v2\/product_brand?post=765903"},{"taxonomy":"product_cat","embeddable":true,"href":"https:\/\/roveyayinevi.com.tr\/index.php\/wp-json\/wp\/v2\/product_cat?post=765903"},{"taxonomy":"product_tag","embeddable":true,"href":"https:\/\/roveyayinevi.com.tr\/index.php\/wp-json\/wp\/v2\/product_tag?post=765903"}],"curies":[{"name":"wp","href":"https:\/\/api.w.org\/{rel}","templated":true}]}}