{"id":765902,"date":"2025-08-28T11:56:05","date_gmt":"2025-08-28T08:56:05","guid":{"rendered":"https:\/\/roveyayinevi.com.tr\/index.php\/urun\/banin-olaganustu-kitabevi\/"},"modified":"2026-04-15T03:31:38","modified_gmt":"2026-04-15T00:31:38","slug":"banin-olaganustu-kitabevi","status":"publish","type":"product","link":"https:\/\/roveyayinevi.com.tr\/index.php\/urun\/banin-olaganustu-kitabevi\/","title":{"rendered":"Ba&#8217;n\u0131n Ola\u011fan\u00fcst\u00fc Kitabevi"},"content":{"rendered":"<p>\u0130yi bir kitab\u0131n i\u00e7ine d\u00fc\u015fmek gibisi var m\u0131? \u00c7ocuk romanlar\u0131yla sevilen gen\u00e7 yazar Melis Sena Y\u0131lmaz, bu sefer renkli bir kitabevinin kap\u0131lar\u0131n\u0131 aral\u0131yor, okuru soluksuz bir maceraya davet ediyor. Eski bir k\u00f6\u015fkte kurulan kitabevinde, kitaplar\u0131n i\u00e7inde sevgiyle b\u00fcy\u00fcyen bir \u00e7ocu\u011fun s\u00fcrpriz ke\u015fiflerle ve cesaretle dolu hik\u00e2yesini anlat\u0131yor. Yazar\u0131n mizahi \u00fcslubuyla renklenen gizemli macera, okurunu hik\u00e2yelerin, okuman\u0131n, iyili\u011fin ve aile olman\u0131n b\u00fcy\u00fcs\u00fcyle sar\u0131p sarmal\u0131yor. Ece, Ba dedi\u011fi &#8220;baba yar\u0131s\u0131&#8221; Bar\u0131\u015f&#8217;la ya\u015famaktad\u0131r. Aileden kalma k\u00f6\u015fku\u0308 kitabevine d\u00f6nu\u0308\u015ftu\u0308ren ve kendini, Ece&#8217;yi gu\u0308venle bu\u0308yu\u0308tmeye adayan Ba&#8217;n\u0131n kat\u0131 kurallar\u0131 vard\u0131r. Ece, okudu\u011fu kitaplar ve Mualla Nine&#8217;nin leziz kekleriyle mutlu bir \u00e7ocuktur. Ancak hi\u00e7 bilmedi\u011fi hala yar\u0131s\u0131 Zehra ve o\u011flu Robin Can&#8217;\u0131n geli\u015fi, ard\u0131ndan da Ba&#8217;n\u0131n gizemli bir yolculu\u011fa \u00e7\u0131kmas\u0131 hayat\u0131n\u0131 altu\u0308st eder. Banka soygunu haberlerine, kitabevinde beliren haydut k\u0131l\u0131kl\u0131 adamlar da eklenince, &#8220;aile&#8221; harekete ge\u00e7er\u2026<\/p>\n","protected":false},"excerpt":{"rendered":"<p>\u0130yi bir kitab\u0131n i\u00e7ine d\u00fc\u015fmek gibisi var m\u0131? \u00c7ocuk romanlar\u0131yla sevilen gen\u00e7 yazar Melis Sena Y\u0131lmaz, bu sefer renkli bir kitabevinin kap\u0131lar\u0131n\u0131 aral\u0131yor, okuru soluksuz bir<span class=\"excerpt-hellip\"> [\u2026]<\/span><\/p>\n","protected":false},"featured_media":0,"template":"","meta":{"_monsterinsights_skip_tracking":false,"_monsterinsights_sitenote_active":false,"_monsterinsights_sitenote_note":"","_monsterinsights_sitenote_category":0},"product_brand":[],"product_cat":[12274,12284],"product_tag":[],"class_list":{"0":"post-765902","1":"product","2":"type-product","3":"status-publish","5":"product_cat-cocuk-ve-genclik-kitaplari","6":"product_cat-hikayeler","7":"pa_cilt-ciltsiz","8":"pa_tur-kitap","9":"pa_yayinevi-gunisigi-kitapligi","10":"pa_yazar-melis-sena-yilmaz","12":"first","13":"instock","14":"sale","15":"shipping-taxable","16":"purchasable","17":"product-type-simple"},"_links":{"self":[{"href":"https:\/\/roveyayinevi.com.tr\/index.php\/wp-json\/wp\/v2\/product\/765902","targetHints":{"allow":["GET"]}}],"collection":[{"href":"https:\/\/roveyayinevi.com.tr\/index.php\/wp-json\/wp\/v2\/product"}],"about":[{"href":"https:\/\/roveyayinevi.com.tr\/index.php\/wp-json\/wp\/v2\/types\/product"}],"wp:attachment":[{"href":"https:\/\/roveyayinevi.com.tr\/index.php\/wp-json\/wp\/v2\/media?parent=765902"}],"wp:term":[{"taxonomy":"product_brand","embeddable":true,"href":"https:\/\/roveyayinevi.com.tr\/index.php\/wp-json\/wp\/v2\/product_brand?post=765902"},{"taxonomy":"product_cat","embeddable":true,"href":"https:\/\/roveyayinevi.com.tr\/index.php\/wp-json\/wp\/v2\/product_cat?post=765902"},{"taxonomy":"product_tag","embeddable":true,"href":"https:\/\/roveyayinevi.com.tr\/index.php\/wp-json\/wp\/v2\/product_tag?post=765902"}],"curies":[{"name":"wp","href":"https:\/\/api.w.org\/{rel}","templated":true}]}}