{"id":765896,"date":"2025-08-28T11:55:55","date_gmt":"2025-08-28T08:55:55","guid":{"rendered":"https:\/\/roveyayinevi.com.tr\/index.php\/urun\/bursanin-isiklari-isiklar-askeri-lisesi-1845-2016\/"},"modified":"2025-12-30T11:32:05","modified_gmt":"2025-12-30T08:32:05","slug":"bursanin-isiklari-isiklar-askeri-lisesi-1845-2016","status":"publish","type":"product","link":"https:\/\/roveyayinevi.com.tr\/index.php\/urun\/bursanin-isiklari-isiklar-askeri-lisesi-1845-2016\/","title":{"rendered":"Bursa\u2019n\u0131n I\u015f\u0131klar\u2019\u0131 I\u015f\u0131klar Askeri Lisesi (1845-2016)"},"content":{"rendered":"<p>\u201c1978 y\u0131l\u0131nda 153 arkada\u015f\u0131mla beraber mezun oldu\u011fum, \u00f6\u011frencisi olmakla gurur duydu\u011fum Okulum, 2016 senesinde gerek\u00e7esiz olarak kapat\u0131ld\u0131. Bu kitab\u0131 yazma amac\u0131m I\u015f\u0131klar Askeri Lisesi\u2019nin haf\u0131zalardan silinmesini \u00f6nlemek, gelecek nesillere I\u015f\u0131klar ruhunu yans\u0131tmakt\u0131r. Edebi bir eser olarak de\u011fil, haf\u0131zamda kalan an\u0131lar ve Okulun tarih\u00e7esi olarak haz\u0131rlanm\u0131\u015ft\u0131r. E\u011fitim konusunda tecr\u00fcbe ve birikimi en \u00fcst seviyede olan Askeri Liselerimizin kapat\u0131lmas\u0131 \u00e7ok b\u00fcy\u00fck bir kay\u0131pt\u0131r. Gerek\u00e7e olarak hain dinci ter\u00f6r \u00f6rg\u00fct\u00fcn\u00fcn bu okullara s\u0131zmas\u0131 g\u00f6sterilmektedir. Ancak, askerin i\u00e7ine s\u0131zd\u0131r\u0131lan tarikat ve cemaat yanda\u015flar\u0131n\u0131n di\u011fer e\u011fitim kurumlar\u0131na da yerle\u015ftirildi\u011fi unutulmamal\u0131d\u0131r. Feyz ile b\u00fct\u00fcn \u00fclkeye \u015fan veren Askeri Liselerimizin tekrar e\u011fitim-\u00f6\u011fretime a\u00e7\u0131lmas\u0131 \u00fcmidiyle\u2026\u201d                                                                                                                                                            Tayfun \u00d6nal   <\/p>\n","protected":false},"excerpt":{"rendered":"<p>\u201c1978 y\u0131l\u0131nda 153 arkada\u015f\u0131mla beraber mezun oldu\u011fum, \u00f6\u011frencisi olmakla gurur duydu\u011fum Okulum, 2016 senesinde gerek\u00e7esiz olarak kapat\u0131ld\u0131. Bu kitab\u0131 yazma amac\u0131m I\u015f\u0131klar Askeri Lisesi\u2019nin haf\u0131zalardan silinmesini<span class=\"excerpt-hellip\"> [\u2026]<\/span><\/p>\n","protected":false},"featured_media":0,"template":"","meta":{"_monsterinsights_skip_tracking":false,"_monsterinsights_sitenote_active":false,"_monsterinsights_sitenote_note":"","_monsterinsights_sitenote_category":0},"product_brand":[],"product_cat":[13701,12291],"product_tag":[],"class_list":{"0":"post-765896","1":"product","2":"type-product","3":"status-publish","5":"product_cat-ani-mektup-gunluk","6":"product_cat-edebiyat","7":"pa_cilt-ciltsiz","8":"pa_tur-kitap","9":"pa_yayinevi-galeati-yayincilik","10":"pa_yazar-tayfun-onal","12":"first","13":"instock","14":"sale","15":"shipping-taxable","16":"purchasable","17":"product-type-simple"},"_links":{"self":[{"href":"https:\/\/roveyayinevi.com.tr\/index.php\/wp-json\/wp\/v2\/product\/765896","targetHints":{"allow":["GET"]}}],"collection":[{"href":"https:\/\/roveyayinevi.com.tr\/index.php\/wp-json\/wp\/v2\/product"}],"about":[{"href":"https:\/\/roveyayinevi.com.tr\/index.php\/wp-json\/wp\/v2\/types\/product"}],"wp:attachment":[{"href":"https:\/\/roveyayinevi.com.tr\/index.php\/wp-json\/wp\/v2\/media?parent=765896"}],"wp:term":[{"taxonomy":"product_brand","embeddable":true,"href":"https:\/\/roveyayinevi.com.tr\/index.php\/wp-json\/wp\/v2\/product_brand?post=765896"},{"taxonomy":"product_cat","embeddable":true,"href":"https:\/\/roveyayinevi.com.tr\/index.php\/wp-json\/wp\/v2\/product_cat?post=765896"},{"taxonomy":"product_tag","embeddable":true,"href":"https:\/\/roveyayinevi.com.tr\/index.php\/wp-json\/wp\/v2\/product_tag?post=765896"}],"curies":[{"name":"wp","href":"https:\/\/api.w.org\/{rel}","templated":true}]}}