{"id":765895,"date":"2025-08-28T11:55:53","date_gmt":"2025-08-28T08:55:53","guid":{"rendered":"https:\/\/roveyayinevi.com.tr\/index.php\/urun\/bilginin-yolculugu\/"},"modified":"2026-04-15T03:31:38","modified_gmt":"2026-04-15T00:31:38","slug":"bilginin-yolculugu","status":"publish","type":"product","link":"https:\/\/roveyayinevi.com.tr\/index.php\/urun\/bilginin-yolculugu\/","title":{"rendered":"Bilginin Yolculu\u011fu"},"content":{"rendered":"<p>Antik \u00e7a\u011flar\u0131n kadim bilgisinin b\u00fcy\u00fck eserleri Roma \u0130mparatorlu\u011fu\u2019nun b\u00f6l\u00fcnd\u00fc\u011f\u00fc, \u015fehirlerin terkedildi\u011fi, k\u00fct\u00fcphanelerin yand\u0131\u011f\u0131 bir devirde unutuldu ve adeta kayboldu. Okurunu heyecanl\u0131 bir yolculu\u011fa davet eden bu eser, \u00fc\u00e7 kadim kitab\u0131n bin y\u0131ll\u0131k hayatta kalma m\u00fccadelesini, yedi \u015fehirden olu\u015fan bir g\u00fczerg\u00e2hta takip ediyor. \u0130skenderiye K\u00fct\u00fcphanesi yok olduktan sonra Ba\u011fdat, Kurtuba, Toledo, Salerno, Palermo ve Venedik karanl\u0131k bir d\u00fcnyada adanm\u0131\u015f \u00e2limlerin metinleri toplad\u0131\u011f\u0131, terc\u00fcme etti\u011fi ve payla\u015ft\u0131\u011f\u0131 nadir bilgi merkezleri oldu. Bilgi\u2019nin Yolculu\u011fu, okuru bu yedi \u015fehrin parlak entelekt\u00fcel hayat\u0131na g\u00f6t\u00fcr\u00fcyor ve M\u00fcsl\u00fcman \u00e2limlerin Bat\u0131 d\u00fc\u015f\u00fcncesinin k\u00f6\u015fe ta\u015f\u0131 fikirlerini geli\u015ftirmesinde oynad\u0131klar\u0131 rol\u00fc vurguluyor. \u00d6klid, Batlamyus ve Galen\u2019in matematik, astronomi ve t\u0131p alan\u0131ndaki temel eserleri nas\u0131l olup da R\u00f6nesans ve sonras\u0131nda bilim ne\u015friyat\u0131n\u0131n ana merkezi olan Venedik\u2019e ula\u015fm\u0131\u015ft\u0131. Vak\u0131fBank K\u00fclt\u00fcr Yay\u0131nlar\u0131 okuru bilginin bu yolculu\u011funa davet ediyor. <\/p>\n","protected":false},"excerpt":{"rendered":"<p>Antik \u00e7a\u011flar\u0131n kadim bilgisinin b\u00fcy\u00fck eserleri Roma \u0130mparatorlu\u011fu\u2019nun b\u00f6l\u00fcnd\u00fc\u011f\u00fc, \u015fehirlerin terkedildi\u011fi, k\u00fct\u00fcphanelerin yand\u0131\u011f\u0131 bir devirde unutuldu ve adeta kayboldu. Okurunu heyecanl\u0131 bir yolculu\u011fa davet eden bu<span class=\"excerpt-hellip\"> [\u2026]<\/span><\/p>\n","protected":false},"featured_media":0,"template":"","meta":{"_monsterinsights_skip_tracking":false,"_monsterinsights_sitenote_active":false,"_monsterinsights_sitenote_note":"","_monsterinsights_sitenote_category":0},"product_brand":[],"product_cat":[12304],"product_tag":[],"class_list":{"0":"post-765895","1":"product","2":"type-product","3":"status-publish","5":"product_cat-tarih","6":"pa_cilt-ciltsiz","7":"pa_tur-kitap","8":"pa_yayinevi-vakifbank-kultur-yayinlari","9":"pa_yazar-violet-moller","11":"first","12":"instock","13":"sale","14":"shipping-taxable","15":"purchasable","16":"product-type-simple"},"_links":{"self":[{"href":"https:\/\/roveyayinevi.com.tr\/index.php\/wp-json\/wp\/v2\/product\/765895","targetHints":{"allow":["GET"]}}],"collection":[{"href":"https:\/\/roveyayinevi.com.tr\/index.php\/wp-json\/wp\/v2\/product"}],"about":[{"href":"https:\/\/roveyayinevi.com.tr\/index.php\/wp-json\/wp\/v2\/types\/product"}],"wp:attachment":[{"href":"https:\/\/roveyayinevi.com.tr\/index.php\/wp-json\/wp\/v2\/media?parent=765895"}],"wp:term":[{"taxonomy":"product_brand","embeddable":true,"href":"https:\/\/roveyayinevi.com.tr\/index.php\/wp-json\/wp\/v2\/product_brand?post=765895"},{"taxonomy":"product_cat","embeddable":true,"href":"https:\/\/roveyayinevi.com.tr\/index.php\/wp-json\/wp\/v2\/product_cat?post=765895"},{"taxonomy":"product_tag","embeddable":true,"href":"https:\/\/roveyayinevi.com.tr\/index.php\/wp-json\/wp\/v2\/product_tag?post=765895"}],"curies":[{"name":"wp","href":"https:\/\/api.w.org\/{rel}","templated":true}]}}