{"id":765893,"date":"2025-08-28T11:55:49","date_gmt":"2025-08-28T08:55:49","guid":{"rendered":"https:\/\/roveyayinevi.com.tr\/index.php\/urun\/mimar-sinandan-teslaya\/"},"modified":"2026-04-15T03:31:38","modified_gmt":"2026-04-15T00:31:38","slug":"mimar-sinandan-teslaya","status":"publish","type":"product","link":"https:\/\/roveyayinevi.com.tr\/index.php\/urun\/mimar-sinandan-teslaya\/","title":{"rendered":"Mimar Sinan\u2019dan Tesla\u2019ya"},"content":{"rendered":"<p>Edebiyat\u0131m\u0131z\u0131n g\u00fc\u00e7l\u00fc kalemi Mavisel Yener, 16. y\u00fczy\u0131l\u0131n dehas\u0131 Mimar Sinan\u2019\u0131n kay\u0131p kafatas\u0131n\u0131n izini s\u00fcrerken, tarihin en b\u00fcy\u00fck s\u0131rlar\u0131ndan birini ke\u015ffetmeye ad\u0131m ad\u0131m yakla\u015ft\u0131\u011f\u0131n\u0131 bilmiyordu. Mimar Sinan\u2019la Tesla\u2019n\u0131n \u00e7\u0131\u011f\u0131r a\u00e7an enerji \u00e7al\u0131\u015fmalar\u0131 aras\u0131ndaki ba\u011flant\u0131y\u0131 buldu\u011funda, bu roman\u0131 cesurca yazd\u0131. Okuyacaklar\u0131n\u0131z, bilimin insanl\u0131k yarar\u0131na kullan\u0131lmas\u0131n\u0131n bir se\u00e7im de\u011fil, zorunluluk oldu\u011funu g\u00f6zler \u00f6n\u00fcne seriyor. Mimar Sinan\u2019\u0131n eserlerinde sakl\u0131 olan \u015fey neydi? Tesla\u2019n\u0131n s\u0131rlar\u0131yla nas\u0131l bir ba\u011flant\u0131s\u0131 vard\u0131? Kay\u0131p kafatas\u0131 nerede? Ge\u00e7mi\u015fin ve gelece\u011fin anahtar\u0131 s\u0131n\u0131rlar i\u00e7indeki s\u0131n\u0131rs\u0131zl\u0131kta gizli.<\/p>\n","protected":false},"excerpt":{"rendered":"<p>Edebiyat\u0131m\u0131z\u0131n g\u00fc\u00e7l\u00fc kalemi Mavisel Yener, 16. y\u00fczy\u0131l\u0131n dehas\u0131 Mimar Sinan\u2019\u0131n kay\u0131p kafatas\u0131n\u0131n izini s\u00fcrerken, tarihin en b\u00fcy\u00fck s\u0131rlar\u0131ndan birini ke\u015ffetmeye ad\u0131m ad\u0131m yakla\u015ft\u0131\u011f\u0131n\u0131 bilmiyordu. Mimar Sinan\u2019la<span class=\"excerpt-hellip\"> [\u2026]<\/span><\/p>\n","protected":false},"featured_media":0,"template":"","meta":{"_monsterinsights_skip_tracking":false,"_monsterinsights_sitenote_active":false,"_monsterinsights_sitenote_note":"","_monsterinsights_sitenote_category":0},"product_brand":[],"product_cat":[12274,15842],"product_tag":[],"class_list":{"0":"post-765893","1":"product","2":"type-product","3":"status-publish","5":"product_cat-cocuk-ve-genclik-kitaplari","6":"product_cat-egitici-kitaplar","7":"pa_cilt-ciltsiz","8":"pa_tur-kitap","9":"pa_yayinevi-bilgi-yayinevi-cocuk","10":"pa_yazar-mavisel-yener","12":"first","13":"instock","14":"sale","15":"shipping-taxable","16":"purchasable","17":"product-type-simple"},"_links":{"self":[{"href":"https:\/\/roveyayinevi.com.tr\/index.php\/wp-json\/wp\/v2\/product\/765893","targetHints":{"allow":["GET"]}}],"collection":[{"href":"https:\/\/roveyayinevi.com.tr\/index.php\/wp-json\/wp\/v2\/product"}],"about":[{"href":"https:\/\/roveyayinevi.com.tr\/index.php\/wp-json\/wp\/v2\/types\/product"}],"wp:attachment":[{"href":"https:\/\/roveyayinevi.com.tr\/index.php\/wp-json\/wp\/v2\/media?parent=765893"}],"wp:term":[{"taxonomy":"product_brand","embeddable":true,"href":"https:\/\/roveyayinevi.com.tr\/index.php\/wp-json\/wp\/v2\/product_brand?post=765893"},{"taxonomy":"product_cat","embeddable":true,"href":"https:\/\/roveyayinevi.com.tr\/index.php\/wp-json\/wp\/v2\/product_cat?post=765893"},{"taxonomy":"product_tag","embeddable":true,"href":"https:\/\/roveyayinevi.com.tr\/index.php\/wp-json\/wp\/v2\/product_tag?post=765893"}],"curies":[{"name":"wp","href":"https:\/\/api.w.org\/{rel}","templated":true}]}}