{"id":765892,"date":"2025-08-28T11:55:48","date_gmt":"2025-08-28T08:55:48","guid":{"rendered":"https:\/\/roveyayinevi.com.tr\/index.php\/urun\/erken-modern-avrupa-tarihi-3\/"},"modified":"2026-04-15T03:31:38","modified_gmt":"2026-04-15T00:31:38","slug":"erken-modern-avrupa-tarihi-3","status":"publish","type":"product","link":"https:\/\/roveyayinevi.com.tr\/index.php\/urun\/erken-modern-avrupa-tarihi-3\/","title":{"rendered":"Erken Modern Avrupa Tarihi"},"content":{"rendered":"<p>Vak\u0131fBank K\u00fclt\u00fcr Yay\u0131nlar\u0131\u2019n\u0131n Erken Modern Avrupa Tarihi serisinin d\u00f6rd\u00fcnc\u00fc cildi D\u00fc\u015f\u00fcnce Sanat ve K\u00fclt\u00fcr, Avrupa\u2019n\u0131n modernli\u011fin \u015fafa\u011f\u0131nda entelekt\u00fcel ve k\u00fclt\u00fcrel d\u00f6n\u00fc\u015f\u00fcm\u00fcn\u00fc merkeze al\u0131yor. H\u00fcmanizmin y\u00fckseli\u015finden bilimsel devrimlerin etkilerine, politik d\u00fc\u015f\u00fcncenin evrili\u015finden sanat ve m\u00fczik d\u00fcnyas\u0131ndaki k\u00f6kl\u00fc de\u011fi\u015fimlere kadar geni\u015f bir yelpazede Avrupa\u2019n\u0131n 14. y\u00fczy\u0131ldan 18. y\u00fczy\u0131l\u0131n ortalar\u0131na kadar ge\u00e7irdi\u011fi devinimleri takip ediyor. Avrupa\u2019n\u0131n d\u00fc\u015f\u00fcnce d\u00fcnyas\u0131nda ve k\u00fclt\u00fcrel ya\u015fam\u0131nda meydana gelen derin de\u011fi\u015fimlerin izi, Galieo\u2019dan Newton\u2019a, van Eyck\u2019ten Mozart\u2019a, Bodin\u2019den Rousseau\u2019ya erken modern \u00e7a\u011f\u0131n k\u00fclt\u00fcr ve fikir mimarlar\u0131n\u0131n eserleri, d\u00fc\u015f\u00fcnce d\u00fcnyalar\u0131 ve modern zamana uzanan etkileri \u00fczerinden i\u015fleniyor. Ayn\u0131 zamanda bu d\u00f6n\u00fc\u015f\u00fcmlerin, toplumsal yap\u0131 ve g\u00fcnl\u00fck ya\u015fam \u00fczerindeki etkileri de dikkatle inceleniyor; bunlar\u0131n ne miktarda bir k\u0131r\u0131lma ya da ne denli bir devaml\u0131l\u0131k oldu\u011fu, ne oranda sadece Avrupa\u2019ya ait olduklar\u0131 ve \u0130slam, \u00c7in, Hint gibi k\u00fclt\u00fcrlerden nas\u0131l beslendikleri, kadim eserleri nas\u0131l yorumlad\u0131klar\u0131 ve onlarla nas\u0131l irtibatta olduklar\u0131 dakik ara\u015ft\u0131rma y\u00f6ntemleriyle sorgulan\u0131yor. Erken modern d\u00f6nemde, sanat, mimar\u00ee ve m\u00fczik gibi yarat\u0131c\u0131 alanlarda ya\u015fanan devinimler, sadece estetik anlay\u0131\u015f\u0131 de\u011fil, ayn\u0131 zamanda toplumun kendini ifade edi\u015f bi\u00e7imlerini de d\u00f6n\u00fc\u015ft\u00fcrm\u00fc\u015ft\u00fc. Erken Modern Avrupa\u2019n\u0131n entelekt\u00fcel ve k\u00fclt\u00fcrel dinamiklerini anlamak i\u00e7in temel bir rehber niteli\u011fi ta\u015f\u0131yan bu eser, serinin \u00f6nceki \u00fc\u00e7 cildinde oldu\u011fu gibi, okurlar i\u00e7in \u00f6ncelikli bir ba\u015fvuru kayna\u011f\u0131 olmay\u0131 s\u00fcrd\u00fcrecektir. <\/p>\n","protected":false},"excerpt":{"rendered":"<p>Vak\u0131fBank K\u00fclt\u00fcr Yay\u0131nlar\u0131\u2019n\u0131n Erken Modern Avrupa Tarihi serisinin d\u00f6rd\u00fcnc\u00fc cildi D\u00fc\u015f\u00fcnce Sanat ve K\u00fclt\u00fcr, Avrupa\u2019n\u0131n modernli\u011fin \u015fafa\u011f\u0131nda entelekt\u00fcel ve k\u00fclt\u00fcrel d\u00f6n\u00fc\u015f\u00fcm\u00fcn\u00fc merkeze al\u0131yor. H\u00fcmanizmin y\u00fckseli\u015finden bilimsel<span class=\"excerpt-hellip\"> [\u2026]<\/span><\/p>\n","protected":false},"featured_media":0,"template":"","meta":{"_monsterinsights_skip_tracking":false,"_monsterinsights_sitenote_active":false,"_monsterinsights_sitenote_note":"","_monsterinsights_sitenote_category":0},"product_brand":[],"product_cat":[12304],"product_tag":[],"class_list":{"0":"post-765892","1":"product","2":"type-product","3":"status-publish","5":"product_cat-tarih","6":"pa_cilt-ciltsiz","7":"pa_tur-kitap","8":"pa_yayinevi-vakifbank-kultur-yayinlari","9":"pa_yazar-hamish-scott","11":"first","12":"instock","13":"sale","14":"shipping-taxable","15":"purchasable","16":"product-type-simple"},"_links":{"self":[{"href":"https:\/\/roveyayinevi.com.tr\/index.php\/wp-json\/wp\/v2\/product\/765892","targetHints":{"allow":["GET"]}}],"collection":[{"href":"https:\/\/roveyayinevi.com.tr\/index.php\/wp-json\/wp\/v2\/product"}],"about":[{"href":"https:\/\/roveyayinevi.com.tr\/index.php\/wp-json\/wp\/v2\/types\/product"}],"wp:attachment":[{"href":"https:\/\/roveyayinevi.com.tr\/index.php\/wp-json\/wp\/v2\/media?parent=765892"}],"wp:term":[{"taxonomy":"product_brand","embeddable":true,"href":"https:\/\/roveyayinevi.com.tr\/index.php\/wp-json\/wp\/v2\/product_brand?post=765892"},{"taxonomy":"product_cat","embeddable":true,"href":"https:\/\/roveyayinevi.com.tr\/index.php\/wp-json\/wp\/v2\/product_cat?post=765892"},{"taxonomy":"product_tag","embeddable":true,"href":"https:\/\/roveyayinevi.com.tr\/index.php\/wp-json\/wp\/v2\/product_tag?post=765892"}],"curies":[{"name":"wp","href":"https:\/\/api.w.org\/{rel}","templated":true}]}}