{"id":765891,"date":"2025-08-28T11:55:46","date_gmt":"2025-08-28T08:55:46","guid":{"rendered":"https:\/\/roveyayinevi.com.tr\/index.php\/urun\/zeynep-ile-sekilleri-kesfet\/"},"modified":"2026-04-15T03:31:38","modified_gmt":"2026-04-15T00:31:38","slug":"zeynep-ile-sekilleri-kesfet","status":"publish","type":"product","link":"https:\/\/roveyayinevi.com.tr\/index.php\/urun\/zeynep-ile-sekilleri-kesfet\/","title":{"rendered":"Zeynep ile \u015eekilleri Ke\u015ffet"},"content":{"rendered":"<p>IVAN BRUNETTI kelimelerle ve say\u0131larla oynamay\u0131 seven bir karikat\u00fcrist ve sanat\u00e7\u0131. D\u00fcnyay\u0131 say\u0131sal ve geometrik gruplamalarla g\u00f6rmenin bir\u00e7ok \u015feyi anlamam\u0131za yard\u0131m etti\u011fine inan\u0131yor. Kitap boyunca resimlere \u00fc\u00e7genler, be\u015fgenler, kareler, daireler ve daha pek \u00e7ok \u015fekil gizlenmi\u015f. Zeynep ile \u015fekilleri ke\u015ffetmeye haz\u0131r m\u0131s\u0131n? <\/p>\n","protected":false},"excerpt":{"rendered":"<p>IVAN BRUNETTI kelimelerle ve say\u0131larla oynamay\u0131 seven bir karikat\u00fcrist ve sanat\u00e7\u0131. D\u00fcnyay\u0131 say\u0131sal ve geometrik gruplamalarla g\u00f6rmenin bir\u00e7ok \u015feyi anlamam\u0131za yard\u0131m etti\u011fine inan\u0131yor. Kitap boyunca resimlere<span class=\"excerpt-hellip\"> [\u2026]<\/span><\/p>\n","protected":false},"featured_media":0,"template":"","meta":{"_monsterinsights_skip_tracking":false,"_monsterinsights_sitenote_active":false,"_monsterinsights_sitenote_note":"","_monsterinsights_sitenote_category":0},"product_brand":[],"product_cat":[12274,15842],"product_tag":[],"class_list":{"0":"post-765891","1":"product","2":"type-product","3":"status-publish","5":"product_cat-cocuk-ve-genclik-kitaplari","6":"product_cat-egitici-kitaplar","7":"pa_cilt-ciltsiz","8":"pa_tur-kitap","9":"pa_yayinevi-vakifbank-kultur-yayinlari","10":"pa_yazar-ivan-brunetti","12":"first","13":"instock","14":"sale","15":"shipping-taxable","16":"purchasable","17":"product-type-simple"},"_links":{"self":[{"href":"https:\/\/roveyayinevi.com.tr\/index.php\/wp-json\/wp\/v2\/product\/765891","targetHints":{"allow":["GET"]}}],"collection":[{"href":"https:\/\/roveyayinevi.com.tr\/index.php\/wp-json\/wp\/v2\/product"}],"about":[{"href":"https:\/\/roveyayinevi.com.tr\/index.php\/wp-json\/wp\/v2\/types\/product"}],"wp:attachment":[{"href":"https:\/\/roveyayinevi.com.tr\/index.php\/wp-json\/wp\/v2\/media?parent=765891"}],"wp:term":[{"taxonomy":"product_brand","embeddable":true,"href":"https:\/\/roveyayinevi.com.tr\/index.php\/wp-json\/wp\/v2\/product_brand?post=765891"},{"taxonomy":"product_cat","embeddable":true,"href":"https:\/\/roveyayinevi.com.tr\/index.php\/wp-json\/wp\/v2\/product_cat?post=765891"},{"taxonomy":"product_tag","embeddable":true,"href":"https:\/\/roveyayinevi.com.tr\/index.php\/wp-json\/wp\/v2\/product_tag?post=765891"}],"curies":[{"name":"wp","href":"https:\/\/api.w.org\/{rel}","templated":true}]}}