{"id":765890,"date":"2025-08-28T11:55:44","date_gmt":"2025-08-28T08:55:44","guid":{"rendered":"https:\/\/roveyayinevi.com.tr\/index.php\/urun\/gunesin-dokunusu\/"},"modified":"2026-04-15T03:31:38","modified_gmt":"2026-04-15T00:31:38","slug":"gunesin-dokunusu","status":"publish","type":"product","link":"https:\/\/roveyayinevi.com.tr\/index.php\/urun\/gunesin-dokunusu\/","title":{"rendered":"G\u00fcne\u015fin Dokunu\u015fu"},"content":{"rendered":"<p>A\u015fk, nerede olursan ol seni bulur, ondan ve kalbinden ka\u00e7amazs\u0131n.   Beril, \u0130zmir&#8217;in s\u0131cakl\u0131\u011f\u0131ndan, Eren&#8217;le payla\u015ft\u0131\u011f\u0131 y\u0131llar\u0131n g\u00f6lgesinden ve babas\u0131n\u0131n ani \u00f6l\u00fcm\u00fcn\u00fcn alt\u00fcst etti\u011fi eski hayat\u0131ndan Karadeniz&#8217;in sert r\u00fczg\u00e2rlar\u0131na ka\u00e7arken sadece fiziki de\u011fil ruhen de bir yolculu\u011fa \u00e7\u0131kar. Bu ka\u00e7\u0131\u015f asl\u0131nda Beril&#8217;in hayat\u0131na yeni bir y\u00f6n vermek ve kendini yeniden tan\u0131mak istedi\u011fi bir f\u0131rsatt\u0131r. \u00dcniversite nedeniyle geldi\u011fi bu \u015fehirde ge\u00e7mi\u015fini geride b\u0131rakmaya \u00e7al\u0131\u015fsa da, arkada\u015flar\u0131yla aras\u0131nda denge kurmakta zorlanmas\u0131na neden olan Eren\u2019le bir k\u00fcs bir bar\u0131\u015f\u0131k ili\u015fkisi pe\u015fini b\u0131rakmaz. \u00d6zg\u00fcr ruhlu, tutkulu ve hayat\u0131 ciddiye almadan ya\u015fayan Alaz ise Beril\u2019in hayat\u0131nda yeni bir kap\u0131 a\u00e7ar. Beril\u2019in i\u00e7sel karma\u015fas\u0131, Alaz\u2019\u0131n \u00e7ekicili\u011fiyle yeni bir boyuta ta\u015f\u0131n\u0131r. Fakat Eren\u2019in sessiz ama g\u00fc\u00e7l\u00fc varl\u0131\u011f\u0131 Beril\u2019in zihin d\u00fcnyas\u0131ndan silinmez. Eren ans\u0131z\u0131n bir g\u00fcn okul kap\u0131s\u0131nda g\u00f6r\u00fcn\u00fcr ve her \u015fey de\u011fi\u015fir.   \u0130ki farkl\u0131 adam, iki farkl\u0131 d\u00fcnya\u2026   Beril, bu karma\u015f\u0131k ili\u015fkiler aras\u0131nda kendi yolunu bulmaya \u00e7al\u0131\u015f\u0131rken, a\u015fka, sadakate ve \u00f6zg\u00fcrl\u00fc\u011fe dair pek \u00e7ok \u015feyi sorgular. Bir yanda yeni ba\u015flang\u0131\u00e7lar, di\u011fer yanda ge\u00e7mi\u015fin izleri\u2026   \u0130lk roman\u0131 G\u00fcne\u015fin Dokunu\u015fu ile Sert Serisi\u2019nin m\u00fcjdesini veren Ece Nihan Tuzcal\u0131; a\u015fk, aile, dostluk ve kendini ke\u015ffetme \u00fczerine dokunakl\u0131 bir hik\u00e2yeyle okura merhaba diyor. Beril\u2019in kalbine dokunacak bu yolculu\u011fa sen de kat\u0131l. <\/p>\n","protected":false},"excerpt":{"rendered":"<p>A\u015fk, nerede olursan ol seni bulur, ondan ve kalbinden ka\u00e7amazs\u0131n. Beril, \u0130zmir&#8217;in s\u0131cakl\u0131\u011f\u0131ndan, Eren&#8217;le payla\u015ft\u0131\u011f\u0131 y\u0131llar\u0131n g\u00f6lgesinden ve babas\u0131n\u0131n ani \u00f6l\u00fcm\u00fcn\u00fcn alt\u00fcst etti\u011fi eski hayat\u0131ndan Karadeniz&#8217;in<span class=\"excerpt-hellip\"> [\u2026]<\/span><\/p>\n","protected":false},"featured_media":0,"template":"","meta":{"_monsterinsights_skip_tracking":false,"_monsterinsights_sitenote_active":false,"_monsterinsights_sitenote_note":"","_monsterinsights_sitenote_category":0},"product_brand":[],"product_cat":[12291,12711],"product_tag":[],"class_list":{"0":"post-765890","1":"product","2":"type-product","3":"status-publish","5":"product_cat-edebiyat","6":"product_cat-roman-oyku","7":"pa_cilt-ciltsiz","8":"pa_tur-kitap","9":"pa_yayinevi-dokuz-yayinlari","10":"pa_yazar-ece-nihan-tuzcali","12":"first","13":"instock","14":"sale","15":"shipping-taxable","16":"purchasable","17":"product-type-simple"},"_links":{"self":[{"href":"https:\/\/roveyayinevi.com.tr\/index.php\/wp-json\/wp\/v2\/product\/765890","targetHints":{"allow":["GET"]}}],"collection":[{"href":"https:\/\/roveyayinevi.com.tr\/index.php\/wp-json\/wp\/v2\/product"}],"about":[{"href":"https:\/\/roveyayinevi.com.tr\/index.php\/wp-json\/wp\/v2\/types\/product"}],"wp:attachment":[{"href":"https:\/\/roveyayinevi.com.tr\/index.php\/wp-json\/wp\/v2\/media?parent=765890"}],"wp:term":[{"taxonomy":"product_brand","embeddable":true,"href":"https:\/\/roveyayinevi.com.tr\/index.php\/wp-json\/wp\/v2\/product_brand?post=765890"},{"taxonomy":"product_cat","embeddable":true,"href":"https:\/\/roveyayinevi.com.tr\/index.php\/wp-json\/wp\/v2\/product_cat?post=765890"},{"taxonomy":"product_tag","embeddable":true,"href":"https:\/\/roveyayinevi.com.tr\/index.php\/wp-json\/wp\/v2\/product_tag?post=765890"}],"curies":[{"name":"wp","href":"https:\/\/api.w.org\/{rel}","templated":true}]}}