{"id":765889,"date":"2025-08-28T11:55:42","date_gmt":"2025-08-28T08:55:42","guid":{"rendered":"https:\/\/roveyayinevi.com.tr\/index.php\/urun\/benim-adim-neden-vecihi\/"},"modified":"2026-04-15T03:31:38","modified_gmt":"2026-04-15T00:31:38","slug":"benim-adim-neden-vecihi","status":"publish","type":"product","link":"https:\/\/roveyayinevi.com.tr\/index.php\/urun\/benim-adim-neden-vecihi\/","title":{"rendered":"Benim Ad\u0131m Neden Vecihi?"},"content":{"rendered":"<p>\u0130smiyle bar\u0131\u015f\u0131k olmayan ka\u00e7 ki\u015fiyiz? Recep, \u015eaban, Ramazan, D\u00f6ne, Abuzittin, Nurittin, Saniye, Olgun&#8230; Ka\u00e7 ki\u015fi ismi y\u00fcz\u00fcnden okulda alay konusu oldu, zorbal\u0131\u011fa u\u011frad\u0131? Ya beyaz perde? Bizim i\u00e7in de\u011feri olan isimleri bilerek mi y\u0131pratt\u0131? Vecihi de bu zorbal\u0131ktan nasibini alan u\u00e7ak tutkunu bir afacan. Hayallerine kanat \u00e7\u0131rparken yoluna \u00e7\u0131kan onca engeli a\u015fabilecek mi? \u201cBenim Ad\u0131m Neden Vecihi?\u201d \u0130sminin ard\u0131ndaki kimli\u011fi ke\u015ffetme yolculu\u011funda cesaret, dostluk ve bol macera ile nefes kesici hik\u00e2ye. Ilg\u0131t Burak\u2019\u0131n kaleminden d\u00f6k\u00fclen duygu y\u00fckl\u00fc anlat\u0131mla, hayallerin pe\u015finden ko\u015fman\u0131n ve zorluklarla y\u00fczle\u015fmenin ger\u00e7ek anlam\u0131n\u0131 ke\u015ffedeceksiniz. U\u00e7maya haz\u0131r m\u0131s\u0131n\u0131z?<\/p>\n","protected":false},"excerpt":{"rendered":"<p>\u0130smiyle bar\u0131\u015f\u0131k olmayan ka\u00e7 ki\u015fiyiz? Recep, \u015eaban, Ramazan, D\u00f6ne, Abuzittin, Nurittin, Saniye, Olgun&#8230; Ka\u00e7 ki\u015fi ismi y\u00fcz\u00fcnden okulda alay konusu oldu, zorbal\u0131\u011fa u\u011frad\u0131? Ya beyaz perde?<span class=\"excerpt-hellip\"> [\u2026]<\/span><\/p>\n","protected":false},"featured_media":0,"template":"","meta":{"_monsterinsights_skip_tracking":false,"_monsterinsights_sitenote_active":false,"_monsterinsights_sitenote_note":"","_monsterinsights_sitenote_category":0},"product_brand":[],"product_cat":[12274],"product_tag":[],"class_list":{"0":"post-765889","1":"product","2":"type-product","3":"status-publish","5":"product_cat-cocuk-ve-genclik-kitaplari","6":"pa_cilt-ciltsiz","7":"pa_tur-kitap","8":"pa_yayinevi-hayykitap","9":"pa_yazar-ilgit-burak","11":"first","12":"instock","13":"sale","14":"shipping-taxable","15":"purchasable","16":"product-type-simple"},"_links":{"self":[{"href":"https:\/\/roveyayinevi.com.tr\/index.php\/wp-json\/wp\/v2\/product\/765889","targetHints":{"allow":["GET"]}}],"collection":[{"href":"https:\/\/roveyayinevi.com.tr\/index.php\/wp-json\/wp\/v2\/product"}],"about":[{"href":"https:\/\/roveyayinevi.com.tr\/index.php\/wp-json\/wp\/v2\/types\/product"}],"wp:attachment":[{"href":"https:\/\/roveyayinevi.com.tr\/index.php\/wp-json\/wp\/v2\/media?parent=765889"}],"wp:term":[{"taxonomy":"product_brand","embeddable":true,"href":"https:\/\/roveyayinevi.com.tr\/index.php\/wp-json\/wp\/v2\/product_brand?post=765889"},{"taxonomy":"product_cat","embeddable":true,"href":"https:\/\/roveyayinevi.com.tr\/index.php\/wp-json\/wp\/v2\/product_cat?post=765889"},{"taxonomy":"product_tag","embeddable":true,"href":"https:\/\/roveyayinevi.com.tr\/index.php\/wp-json\/wp\/v2\/product_tag?post=765889"}],"curies":[{"name":"wp","href":"https:\/\/api.w.org\/{rel}","templated":true}]}}