{"id":765888,"date":"2025-08-28T11:55:40","date_gmt":"2025-08-28T08:55:40","guid":{"rendered":"https:\/\/roveyayinevi.com.tr\/index.php\/urun\/alabora-firtinaya-karsi-kurek-cekenler\/"},"modified":"2026-04-15T03:31:38","modified_gmt":"2026-04-15T00:31:38","slug":"alabora-firtinaya-karsi-kurek-cekenler","status":"publish","type":"product","link":"https:\/\/roveyayinevi.com.tr\/index.php\/urun\/alabora-firtinaya-karsi-kurek-cekenler\/","title":{"rendered":"Alabora &#8211; F\u0131rt\u0131naya Kar\u015f\u0131 K\u00fcrek \u00c7ekenler"},"content":{"rendered":"<p>\u201cF\u0131rt\u0131naya Kar\u015f\u0131 K\u00fcrek \u00c7ekenler: ALABORA\u201d, insan\u0131n ruhunu derinden etkileyen, umutla umutsuzluk aras\u0131nda gidip gelen bir ya\u015fam m\u00fccadelesinin \u00f6yk\u00fcs\u00fcn\u00fc anlat\u0131yor. Bu m\u00fccadele her \u015feyden \u00f6nce insan olman\u0131n, onurlu ya\u015faman\u0131n ve haklar\u0131m\u0131z\u0131 koruman\u0131n ne kadar kutsal bir g\u00f6rev oldu\u011funu bir kez daha g\u00f6sterdi. Y\u0131llar s\u00fcren bu m\u00fccadele, benim i\u00e7in sadece hukuksal bir dava de\u011fil, bir hayat m\u00fccadelesiydi. Att\u0131\u011f\u0131m her ad\u0131mda adaletin ve insan haklar\u0131n\u0131n ne kadar k\u0131r\u0131lgan ama bir o kadar da g\u00fc\u00e7l\u00fc oldu\u011funu hissettim. Bug\u00fcn bu m\u00fccadele sayesinde sadece kendi hayat\u0131m i\u00e7in de\u011fil, ba\u015fkalar\u0131n\u0131n da haklar\u0131 i\u00e7in bir umut olman\u0131n gururunu ya\u015f\u0131yorum. Yazd\u0131\u011f\u0131m bu kitap yaln\u0131zca ki\u015fisel bir hik\u00e2ye de\u011fil, insan haklar\u0131 m\u00fccadelesinin kal\u0131c\u0131 bir hat\u0131ras\u0131, adaletin zaferine dair bir belge olacakt\u0131r. <\/p>\n","protected":false},"excerpt":{"rendered":"<p>\u201cF\u0131rt\u0131naya Kar\u015f\u0131 K\u00fcrek \u00c7ekenler: ALABORA\u201d, insan\u0131n ruhunu derinden etkileyen, umutla umutsuzluk aras\u0131nda gidip gelen bir ya\u015fam m\u00fccadelesinin \u00f6yk\u00fcs\u00fcn\u00fc anlat\u0131yor. Bu m\u00fccadele her \u015feyden \u00f6nce insan olman\u0131n,<span class=\"excerpt-hellip\"> [\u2026]<\/span><\/p>\n","protected":false},"featured_media":0,"template":"","meta":{"_monsterinsights_skip_tracking":false,"_monsterinsights_sitenote_active":false,"_monsterinsights_sitenote_note":"","_monsterinsights_sitenote_category":0},"product_brand":[],"product_cat":[18545,12291],"product_tag":[],"class_list":{"0":"post-765888","1":"product","2":"type-product","3":"status-publish","5":"product_cat-anlati","6":"product_cat-edebiyat","7":"pa_cilt-ciltsiz","8":"pa_tur-kitap","9":"pa_yayinevi-sinirsiz-kitap","10":"pa_yazar-mukadder-alakus","12":"first","13":"instock","14":"sale","15":"shipping-taxable","16":"purchasable","17":"product-type-simple"},"_links":{"self":[{"href":"https:\/\/roveyayinevi.com.tr\/index.php\/wp-json\/wp\/v2\/product\/765888","targetHints":{"allow":["GET"]}}],"collection":[{"href":"https:\/\/roveyayinevi.com.tr\/index.php\/wp-json\/wp\/v2\/product"}],"about":[{"href":"https:\/\/roveyayinevi.com.tr\/index.php\/wp-json\/wp\/v2\/types\/product"}],"wp:attachment":[{"href":"https:\/\/roveyayinevi.com.tr\/index.php\/wp-json\/wp\/v2\/media?parent=765888"}],"wp:term":[{"taxonomy":"product_brand","embeddable":true,"href":"https:\/\/roveyayinevi.com.tr\/index.php\/wp-json\/wp\/v2\/product_brand?post=765888"},{"taxonomy":"product_cat","embeddable":true,"href":"https:\/\/roveyayinevi.com.tr\/index.php\/wp-json\/wp\/v2\/product_cat?post=765888"},{"taxonomy":"product_tag","embeddable":true,"href":"https:\/\/roveyayinevi.com.tr\/index.php\/wp-json\/wp\/v2\/product_tag?post=765888"}],"curies":[{"name":"wp","href":"https:\/\/api.w.org\/{rel}","templated":true}]}}