{"id":765887,"date":"2025-08-28T11:55:38","date_gmt":"2025-08-28T08:55:38","guid":{"rendered":"https:\/\/roveyayinevi.com.tr\/index.php\/urun\/eger-ucup-gitmediysen-2\/"},"modified":"2026-04-15T03:31:38","modified_gmt":"2026-04-15T00:31:38","slug":"eger-ucup-gitmediysen-2","status":"publish","type":"product","link":"https:\/\/roveyayinevi.com.tr\/index.php\/urun\/eger-ucup-gitmediysen-2\/","title":{"rendered":"E\u011fer U\u00e7up Gitmediysen"},"content":{"rendered":"<p>\u201c\u015eimdi b\u00f6yle konu\u015fuyorum ama asl\u0131nda uzun zamand\u0131r konu\u015fmam\u0131\u015f biriyim, en az\u0131ndan sesli olarak ya da en az\u0131ndan birine kar\u015f\u0131. C\u00fcmlelerim geldi\u011fi anlamlardan farkl\u0131 \u015feyler ifade ediyor olabilir. Biraz i\u00e7mi\u015fim seni beklerken. Seni bekledi\u011fimi bilmedi\u011fimden biraz i\u00e7mi\u015fim. Bir kitaba ortadan ba\u015flay\u0131p tersine okuyorum sanki ama inand\u0131\u011f\u0131m \u015feyler bunlarken ba\u015fka t\u00fcrl\u00fc de konu\u015famam, anl\u0131yor musun? Madem al\u0131\u015f\u0131lmad\u0131k bir geceye misafiriz laf nereden gelirse o tarafa savuray\u0131m c\u00fcmlelerimi\u2026\u201d   Tomurcuklanan ya\u011fmur damlalar\u0131n\u0131n bir intihar gibi d\u00fc\u015fmesi ve ya\u011fl\u0131 tavan\u0131n tam ortas\u0131na kabu\u011fundan sakince ayr\u0131lm\u0131\u015f bir yumurtay\u0131 pi\u015firme iste\u011fi. <\/p>\n","protected":false},"excerpt":{"rendered":"<p>\u201c\u015eimdi b\u00f6yle konu\u015fuyorum ama asl\u0131nda uzun zamand\u0131r konu\u015fmam\u0131\u015f biriyim, en az\u0131ndan sesli olarak ya da en az\u0131ndan birine kar\u015f\u0131. C\u00fcmlelerim geldi\u011fi anlamlardan farkl\u0131 \u015feyler ifade ediyor<span class=\"excerpt-hellip\"> [\u2026]<\/span><\/p>\n","protected":false},"featured_media":0,"template":"","meta":{"_monsterinsights_skip_tracking":false,"_monsterinsights_sitenote_active":false,"_monsterinsights_sitenote_note":"","_monsterinsights_sitenote_category":0},"product_brand":[],"product_cat":[12291,12711],"product_tag":[],"class_list":{"0":"post-765887","1":"product","2":"type-product","3":"status-publish","5":"product_cat-edebiyat","6":"product_cat-roman-oyku","7":"pa_cilt-ciltsiz","8":"pa_tur-kitap","9":"pa_yayinevi-sinirsiz-kitap","10":"pa_yazar-ulas-toprakcioglu","12":"first","13":"instock","14":"sale","15":"shipping-taxable","16":"purchasable","17":"product-type-simple"},"_links":{"self":[{"href":"https:\/\/roveyayinevi.com.tr\/index.php\/wp-json\/wp\/v2\/product\/765887","targetHints":{"allow":["GET"]}}],"collection":[{"href":"https:\/\/roveyayinevi.com.tr\/index.php\/wp-json\/wp\/v2\/product"}],"about":[{"href":"https:\/\/roveyayinevi.com.tr\/index.php\/wp-json\/wp\/v2\/types\/product"}],"wp:attachment":[{"href":"https:\/\/roveyayinevi.com.tr\/index.php\/wp-json\/wp\/v2\/media?parent=765887"}],"wp:term":[{"taxonomy":"product_brand","embeddable":true,"href":"https:\/\/roveyayinevi.com.tr\/index.php\/wp-json\/wp\/v2\/product_brand?post=765887"},{"taxonomy":"product_cat","embeddable":true,"href":"https:\/\/roveyayinevi.com.tr\/index.php\/wp-json\/wp\/v2\/product_cat?post=765887"},{"taxonomy":"product_tag","embeddable":true,"href":"https:\/\/roveyayinevi.com.tr\/index.php\/wp-json\/wp\/v2\/product_tag?post=765887"}],"curies":[{"name":"wp","href":"https:\/\/api.w.org\/{rel}","templated":true}]}}