{"id":765875,"date":"2025-08-28T11:55:19","date_gmt":"2025-08-28T08:55:19","guid":{"rendered":"https:\/\/roveyayinevi.com.tr\/index.php\/urun\/kula\/"},"modified":"2025-08-31T20:57:40","modified_gmt":"2025-08-31T17:57:40","slug":"kula","status":"publish","type":"product","link":"https:\/\/roveyayinevi.com.tr\/index.php\/urun\/kula\/","title":{"rendered":"Kula"},"content":{"rendered":"<p>Kula Mutfak K\u00fclt\u00fcr\u00fc: Lezzet Dolu Bir Miras\u0131n \u0130zinde   Kula, sadece e\u015fsiz co\u011frafyas\u0131yla de\u011fil, ayn\u0131 zamanda damaklara hitap eden zengin mutfa\u011f\u0131yla da b\u00fcy\u00fcleyici ve kadim bir yerle\u015fim merkezi. Kula Mutfak K\u00fclt\u00fcr\u00fc, bu muazzam lezzet miras\u0131n\u0131 derinlemesine ke\u015ffe \u00e7\u0131kan bir gastronomi yolculu\u011fudur.   Y\u00f6renin tarihini, k\u00fclt\u00fcr\u00fcn\u00fc ve insanlar\u0131n\u0131n ya\u015fam tarz\u0131n\u0131 yans\u0131tan  Kula Mutfak K\u00fclt\u00fcr\u00fc, bu mozai\u011fi olu\u015fturan her bir lezzeti ad\u0131m ad\u0131m sunarak, okuyucular\u0131n\u0131 unutulmaz bir lezzet yolculu\u011funa davet ediyor. Kula&#8217;n\u0131n topraklar\u0131ndan sofralara uzanan benzersiz lezzetleriyle tan\u0131\u015fman\u0131n yan\u0131 s\u0131ra, bu \u00f6zel mutfak k\u00fclt\u00fcr\u00fcn\u00fcn k\u00f6kenlerini de inceliyor. Geleneksel tarifler, yerel malzemeler ve hikayelerle bezeli bu kitap, Kula&#8217;n\u0131n mutfa\u011f\u0131na dair derin bir anlay\u0131\u015f sunuyor.   Yazar Adnan \u015eahin, Kula&#8217;n\u0131n gizli hazinelerini ortaya \u00e7\u0131kar\u0131rken, her tarife samimi bir dokunu\u015f kat\u0131yor. Bu kitap, sadece yemek kitaplar\u0131 aras\u0131nda de\u011fil, ayn\u0131 zamanda bir k\u00fclt\u00fcr ve tarih rehberi olarak da \u00f6ne \u00e7\u0131k\u0131yor. <\/p>\n","protected":false},"excerpt":{"rendered":"<p>Kula Mutfak K\u00fclt\u00fcr\u00fc: Lezzet Dolu Bir Miras\u0131n \u0130zinde Kula, sadece e\u015fsiz co\u011frafyas\u0131yla de\u011fil, ayn\u0131 zamanda damaklara hitap eden zengin mutfa\u011f\u0131yla da b\u00fcy\u00fcleyici ve kadim bir yerle\u015fim<span class=\"excerpt-hellip\"> [\u2026]<\/span><\/p>\n","protected":false},"featured_media":0,"template":"","meta":{"_monsterinsights_skip_tracking":false,"_monsterinsights_sitenote_active":false,"_monsterinsights_sitenote_note":"","_monsterinsights_sitenote_category":0},"product_brand":[],"product_cat":[12457],"product_tag":[],"class_list":{"0":"post-765875","1":"product","2":"type-product","3":"status-publish","5":"product_cat-yemek-kitaplari","6":"pa_cilt-ciltsiz","7":"pa_tur-kitap","8":"pa_yayinevi-alfa-yayinlari","9":"pa_yazar-kolektif","11":"first","12":"instock","13":"sale","14":"shipping-taxable","15":"purchasable","16":"product-type-simple"},"_links":{"self":[{"href":"https:\/\/roveyayinevi.com.tr\/index.php\/wp-json\/wp\/v2\/product\/765875","targetHints":{"allow":["GET"]}}],"collection":[{"href":"https:\/\/roveyayinevi.com.tr\/index.php\/wp-json\/wp\/v2\/product"}],"about":[{"href":"https:\/\/roveyayinevi.com.tr\/index.php\/wp-json\/wp\/v2\/types\/product"}],"wp:attachment":[{"href":"https:\/\/roveyayinevi.com.tr\/index.php\/wp-json\/wp\/v2\/media?parent=765875"}],"wp:term":[{"taxonomy":"product_brand","embeddable":true,"href":"https:\/\/roveyayinevi.com.tr\/index.php\/wp-json\/wp\/v2\/product_brand?post=765875"},{"taxonomy":"product_cat","embeddable":true,"href":"https:\/\/roveyayinevi.com.tr\/index.php\/wp-json\/wp\/v2\/product_cat?post=765875"},{"taxonomy":"product_tag","embeddable":true,"href":"https:\/\/roveyayinevi.com.tr\/index.php\/wp-json\/wp\/v2\/product_tag?post=765875"}],"curies":[{"name":"wp","href":"https:\/\/api.w.org\/{rel}","templated":true}]}}