{"id":765871,"date":"2025-08-28T11:55:12","date_gmt":"2025-08-28T08:55:12","guid":{"rendered":"https:\/\/roveyayinevi.com.tr\/index.php\/urun\/mihrap\/"},"modified":"2026-04-15T03:31:38","modified_gmt":"2026-04-15T00:31:38","slug":"mihrap","status":"publish","type":"product","link":"https:\/\/roveyayinevi.com.tr\/index.php\/urun\/mihrap\/","title":{"rendered":"Mihrap"},"content":{"rendered":"<p>\u201cAc\u0131m\u0131 anlatacak kadar \u015fark\u0131, te\u015fekk\u00fcr edecek kadar \u0130ngilizce biliyorum ama ac\u0131m\u0131 ge\u00e7irecek kadar \u015fark\u0131, derdimi anlatacak kadar T\u00fcrk\u00e7e bilmiyorum.\u201d 12 Eyl\u00fcl d\u00f6neminde babas\u0131n\u0131 kaybeden on ya\u015f\u0131ndaki Mihrap darbeyle de\u011fi\u015fen hayatlar\u0131n\u0131 babas\u0131n\u0131n \u00f6l\u00fcm\u00fcyle okur. K\u0131rk\u0131na kadar \u00f6l\u00fc, evini ziyaret eder derler. Mihrap da k\u0131rk g\u00fcn i\u00e7inde darbeyi ortadan kald\u0131r\u0131rsa babas\u0131n\u0131n d\u00f6nece\u011fine inan\u0131r. Sinem Sal\u2019\u0131n Bizim Zaman\u0131m\u0131z\u2019la yaratt\u0131\u011f\u0131 ne\u015feli dram t\u00fcr\u00fcnde ilerleyen roman bir \u00e7ocu\u011fun yas s\u00fcrecini ne\u015felendirmeye \u00e7al\u0131\u015fmas\u0131n\u0131n hik\u00e2yesidir. Korkular\u0131 kadar cesareti, \u0131zd\u0131rab\u0131 kadar ne\u015fesi olan bir \u00e7ocu\u011fun hik\u00e2yesi. B\u00fcy\u00fcd\u00fc\u011f\u00fcnde Mihrap olacak bir k\u0131z \u00e7ocu\u011funun hik\u00e2yesi. <\/p>\n","protected":false},"excerpt":{"rendered":"<p>\u201cAc\u0131m\u0131 anlatacak kadar \u015fark\u0131, te\u015fekk\u00fcr edecek kadar \u0130ngilizce biliyorum ama ac\u0131m\u0131 ge\u00e7irecek kadar \u015fark\u0131, derdimi anlatacak kadar T\u00fcrk\u00e7e bilmiyorum.\u201d 12 Eyl\u00fcl d\u00f6neminde babas\u0131n\u0131 kaybeden on ya\u015f\u0131ndaki<span class=\"excerpt-hellip\"> [\u2026]<\/span><\/p>\n","protected":false},"featured_media":0,"template":"","meta":{"_monsterinsights_skip_tracking":false,"_monsterinsights_sitenote_active":false,"_monsterinsights_sitenote_note":"","_monsterinsights_sitenote_category":0},"product_brand":[],"product_cat":[12291,12711],"product_tag":[],"class_list":{"0":"post-765871","1":"product","2":"type-product","3":"status-publish","5":"product_cat-edebiyat","6":"product_cat-roman-oyku","7":"pa_cilt-ciltsiz","8":"pa_tur-kitap","9":"pa_yayinevi-kara-karga-yayinlari","10":"pa_yazar-sinem-sal","12":"first","13":"instock","14":"sale","15":"shipping-taxable","16":"purchasable","17":"product-type-simple"},"_links":{"self":[{"href":"https:\/\/roveyayinevi.com.tr\/index.php\/wp-json\/wp\/v2\/product\/765871","targetHints":{"allow":["GET"]}}],"collection":[{"href":"https:\/\/roveyayinevi.com.tr\/index.php\/wp-json\/wp\/v2\/product"}],"about":[{"href":"https:\/\/roveyayinevi.com.tr\/index.php\/wp-json\/wp\/v2\/types\/product"}],"wp:attachment":[{"href":"https:\/\/roveyayinevi.com.tr\/index.php\/wp-json\/wp\/v2\/media?parent=765871"}],"wp:term":[{"taxonomy":"product_brand","embeddable":true,"href":"https:\/\/roveyayinevi.com.tr\/index.php\/wp-json\/wp\/v2\/product_brand?post=765871"},{"taxonomy":"product_cat","embeddable":true,"href":"https:\/\/roveyayinevi.com.tr\/index.php\/wp-json\/wp\/v2\/product_cat?post=765871"},{"taxonomy":"product_tag","embeddable":true,"href":"https:\/\/roveyayinevi.com.tr\/index.php\/wp-json\/wp\/v2\/product_tag?post=765871"}],"curies":[{"name":"wp","href":"https:\/\/api.w.org\/{rel}","templated":true}]}}