{"id":765867,"date":"2025-08-28T11:55:04","date_gmt":"2025-08-28T08:55:04","guid":{"rendered":"https:\/\/roveyayinevi.com.tr\/index.php\/urun\/aydedenin-gunese-yolculugu\/"},"modified":"2025-11-21T11:02:11","modified_gmt":"2025-11-21T08:02:11","slug":"aydedenin-gunese-yolculugu","status":"publish","type":"product","link":"https:\/\/roveyayinevi.com.tr\/index.php\/urun\/aydedenin-gunese-yolculugu\/","title":{"rendered":"Aydede\u2019nin G\u00fcne\u015f\u2019e Yolculu\u011fu"},"content":{"rendered":"<p>Aydede, her gece b\u00fcy\u00fcl\u00fc \u0131\u015f\u0131lt\u0131s\u0131yla g\u00f6ky\u00fcz\u00fcn\u00fcn en g\u00fczel yerine do\u011fard\u0131. Yataklar\u0131nda uyumay\u0131 bekleyen \u00e7ocuklar\u0131n sa\u00e7lar\u0131n\u0131 ok\u015far ve onlara birbirinden g\u00fczel masallar anlat\u0131rd\u0131. Bir gece Aydede, \u00e7ok ya\u015fland\u0131\u011f\u0131 i\u00e7in eskisi gibi parlayamad\u0131\u011f\u0131n\u0131 fark etti. \u00dczerindeki \u0131\u015f\u0131lt\u0131 tozlar\u0131 azalm\u0131\u015ft\u0131. I\u015f\u0131lt\u0131s\u0131n\u0131 kaybederse \u00e7ocuklara masallar anlatamazd\u0131. Daha fazla parlayabilmek i\u00e7in bir yolculu\u011fa \u00e7\u0131kt\u0131 Aydede. I\u015f\u0131l \u0131\u015f\u0131l, sevgi ve emek dolu bir yolculuktu bu! Masallar anlat\u0131lmaya devam etsin, \u00e7ocuklar g\u00fcls\u00fcn diye\u2026   Her gece uyumadan \u00f6nce merakla masallar\u0131n\u0131 dinlemeyi bekleyen \u00e7ocuklar i\u00e7in Ebru AK\u0130L\u2019in kaleminden s\u0131cac\u0131k, sevgi dolu, pasparlak bir hik\u00e2ye\u2026   Bu kitab\u0131n sat\u0131\u015f\u0131ndan elde edilen telif geliri yazar taraf\u0131ndan kimsesiz \u00e7ocuklara ba\u011f\u0131\u015flanacakt\u0131r.<\/p>\n","protected":false},"excerpt":{"rendered":"<p>Aydede, her gece b\u00fcy\u00fcl\u00fc \u0131\u015f\u0131lt\u0131s\u0131yla g\u00f6ky\u00fcz\u00fcn\u00fcn en g\u00fczel yerine do\u011fard\u0131. Yataklar\u0131nda uyumay\u0131 bekleyen \u00e7ocuklar\u0131n sa\u00e7lar\u0131n\u0131 ok\u015far ve onlara birbirinden g\u00fczel masallar anlat\u0131rd\u0131. Bir gece Aydede, \u00e7ok<span class=\"excerpt-hellip\"> [\u2026]<\/span><\/p>\n","protected":false},"featured_media":0,"template":"","meta":{"_monsterinsights_skip_tracking":false,"_monsterinsights_sitenote_active":false,"_monsterinsights_sitenote_note":"","_monsterinsights_sitenote_category":0},"product_brand":[],"product_cat":[12274,12284],"product_tag":[],"class_list":{"0":"post-765867","1":"product","2":"type-product","3":"status-publish","5":"product_cat-cocuk-ve-genclik-kitaplari","6":"product_cat-hikayeler","7":"pa_cilt-ciltsiz","8":"pa_tur-kitap","9":"pa_yayinevi-luna-cocuk-yayinlari","10":"pa_yazar-ebru-akil","12":"first","13":"instock","14":"sale","15":"shipping-taxable","16":"purchasable","17":"product-type-simple"},"_links":{"self":[{"href":"https:\/\/roveyayinevi.com.tr\/index.php\/wp-json\/wp\/v2\/product\/765867","targetHints":{"allow":["GET"]}}],"collection":[{"href":"https:\/\/roveyayinevi.com.tr\/index.php\/wp-json\/wp\/v2\/product"}],"about":[{"href":"https:\/\/roveyayinevi.com.tr\/index.php\/wp-json\/wp\/v2\/types\/product"}],"wp:attachment":[{"href":"https:\/\/roveyayinevi.com.tr\/index.php\/wp-json\/wp\/v2\/media?parent=765867"}],"wp:term":[{"taxonomy":"product_brand","embeddable":true,"href":"https:\/\/roveyayinevi.com.tr\/index.php\/wp-json\/wp\/v2\/product_brand?post=765867"},{"taxonomy":"product_cat","embeddable":true,"href":"https:\/\/roveyayinevi.com.tr\/index.php\/wp-json\/wp\/v2\/product_cat?post=765867"},{"taxonomy":"product_tag","embeddable":true,"href":"https:\/\/roveyayinevi.com.tr\/index.php\/wp-json\/wp\/v2\/product_tag?post=765867"}],"curies":[{"name":"wp","href":"https:\/\/api.w.org\/{rel}","templated":true}]}}