{"id":765856,"date":"2025-08-28T11:54:46","date_gmt":"2025-08-28T08:54:46","guid":{"rendered":"https:\/\/roveyayinevi.com.tr\/index.php\/urun\/ani-toplayicisi-memo\/"},"modified":"2026-04-06T13:38:27","modified_gmt":"2026-04-06T10:38:27","slug":"ani-toplayicisi-memo","status":"publish","type":"product","link":"https:\/\/roveyayinevi.com.tr\/index.php\/urun\/ani-toplayicisi-memo\/","title":{"rendered":"An\u0131 Toplay\u0131c\u0131s\u0131 Memo"},"content":{"rendered":"<p>G\u00fcn\u00fcm\u00fczde herkeste bir \u201can\u0131 biriktirme\u201d tela\u015f\u0131\u2026 Foto\u011fraflar, videolar, hediyelik e\u015fyalar\u2026 Peki ne olacak bunca biriktirilen an\u0131? Evlerde, odalar\u0131m\u0131zda, bilgisayarlar\u0131m\u0131zda yer kalmad\u0131\u011f\u0131n- da neler olacak, nereye gidecek bu an\u0131lar? An\u0131 Toplay\u0131c\u0131s\u0131 Memo, onlarca y\u0131l sonra an\u0131lar\u0131m\u0131z\u0131n ba\u015f\u0131na neler gelece\u011fini distopik bir hik\u00e2yeyle anlat\u0131yor. An\u0131 merkezlerinin, an\u0131 h\u0131rs\u0131zlar\u0131n\u0131n, an\u0131 sat\u0131c\u0131lar\u0131n\u0131n oldu\u011fu bir d\u00fcnya bu. Onlar g\u00fc\u00e7lenirken Memo ve arkada\u015flar\u0131 cesaretleriyle bize yol g\u00f6steriyor. Haf\u0131zalar\u0131m\u0131z\u0131 kaybedi\u015fimizi, an\u0131lar\u0131m\u0131- z\u0131n yok olu\u015funu durdurabilir miyiz? Bir yolu var elbette. <\/p>\n","protected":false},"excerpt":{"rendered":"<p>G\u00fcn\u00fcm\u00fczde herkeste bir \u201can\u0131 biriktirme\u201d tela\u015f\u0131\u2026 Foto\u011fraflar, videolar, hediyelik e\u015fyalar\u2026 Peki ne olacak bunca biriktirilen an\u0131? Evlerde, odalar\u0131m\u0131zda, bilgisayarlar\u0131m\u0131zda yer kalmad\u0131\u011f\u0131n- da neler olacak, nereye gidecek<span class=\"excerpt-hellip\"> [\u2026]<\/span><\/p>\n","protected":false},"featured_media":0,"template":"","meta":{"_monsterinsights_skip_tracking":false,"_monsterinsights_sitenote_active":false,"_monsterinsights_sitenote_note":"","_monsterinsights_sitenote_category":0},"product_brand":[],"product_cat":[12274,12284],"product_tag":[],"class_list":{"0":"post-765856","1":"product","2":"type-product","3":"status-publish","5":"product_cat-cocuk-ve-genclik-kitaplari","6":"product_cat-hikayeler","7":"pa_cilt-ciltsiz","8":"pa_tur-kitap","9":"pa_yayinevi-smirna-yayinlari","10":"pa_yazar-nefise-abali","12":"first","13":"instock","14":"sale","15":"shipping-taxable","16":"purchasable","17":"product-type-simple"},"_links":{"self":[{"href":"https:\/\/roveyayinevi.com.tr\/index.php\/wp-json\/wp\/v2\/product\/765856","targetHints":{"allow":["GET"]}}],"collection":[{"href":"https:\/\/roveyayinevi.com.tr\/index.php\/wp-json\/wp\/v2\/product"}],"about":[{"href":"https:\/\/roveyayinevi.com.tr\/index.php\/wp-json\/wp\/v2\/types\/product"}],"wp:attachment":[{"href":"https:\/\/roveyayinevi.com.tr\/index.php\/wp-json\/wp\/v2\/media?parent=765856"}],"wp:term":[{"taxonomy":"product_brand","embeddable":true,"href":"https:\/\/roveyayinevi.com.tr\/index.php\/wp-json\/wp\/v2\/product_brand?post=765856"},{"taxonomy":"product_cat","embeddable":true,"href":"https:\/\/roveyayinevi.com.tr\/index.php\/wp-json\/wp\/v2\/product_cat?post=765856"},{"taxonomy":"product_tag","embeddable":true,"href":"https:\/\/roveyayinevi.com.tr\/index.php\/wp-json\/wp\/v2\/product_tag?post=765856"}],"curies":[{"name":"wp","href":"https:\/\/api.w.org\/{rel}","templated":true}]}}