{"id":765855,"date":"2025-08-28T11:54:45","date_gmt":"2025-08-28T08:54:45","guid":{"rendered":"https:\/\/roveyayinevi.com.tr\/index.php\/urun\/norosinema\/"},"modified":"2026-04-15T03:31:37","modified_gmt":"2026-04-15T00:31:37","slug":"norosinema","status":"publish","type":"product","link":"https:\/\/roveyayinevi.com.tr\/index.php\/urun\/norosinema\/","title":{"rendered":"N\u00f6rosinema"},"content":{"rendered":"<p>N\u00f6rosinema \u00f6yle g\u00f6r\u00fcn\u00fcyor ki sineman\u0131n pop\u00fcler tart\u0131\u015fma alanlar\u0131ndan birisi haline gelecek. Asl\u0131nda sineman\u0131n icad\u0131ndan bug\u00fcne sinema ve zihnin i\u015flevleri ile ilgili farkl\u0131 \u00e7al\u0131\u015fmalar mevcuttur. Bergson, Russell ve Deleuze zihnin i\u015flevleri ile sinema aras\u0131ndaki ili\u015fkiye odaklanan felsefi sorular ve cevaplar \u00fcretmi\u015flerdir. Hitchcock\u2019un filmleri bu sorulara yeni sorular ekleyen ilham verici filmler olmu\u015ftur. Kurosawa\u2019n\u0131n Rashamon ve Ran filminden s\u00f6z etmeden de ge\u00e7emeyiz. Bug\u00fcn iseNolan\u2019\u0131n filmleri n\u00f6rosinemay\u0131 tart\u0131\u015fmak i\u00e7in ara\u015ft\u0131rmac\u0131lara cesaret vermektedir. Ku\u015fkusuz n\u00f6rosinema sadece burada s\u00f6z\u00fc edilen y\u00f6netmen ve filmlerle s\u0131n\u0131rl\u0131 de\u011fildir. N\u00f6robilimci Uri Hasson ve ekibinin film izlerken beynimiz nas\u0131l etkileniyor ve ayn\u0131 filmi izleyen insanlar\u0131n ayn\u0131 sahneler ile ilgili tepkileri nelerdir sorusu, n\u00f6rosineman\u0131n fitilini ate\u015flemi\u015ftir. Sineman\u0131n bug\u00fcne kadar karanl\u0131kta kalan alan\u0131na dair basit ama heyecan verici olan filmleri izlerken beynimizde neler oluyor ise bir di\u011fer sorudur. Hen\u00fcz yeni bir \u00e7al\u0131\u015fma alan\u0131 olan n\u00f6rosinema, etki alan\u0131 geni\u015f bir tart\u0131\u015fmay\u0131 ba\u015flatm\u0131\u015f g\u00f6r\u00fcn\u00fcyor. Bu kitap, s\u00f6z konusu tart\u0131\u015fmay\u0131 g\u00fc\u00e7lendirecek bir perspektifle alanla ilgili giri\u015f metni niteli\u011finde haz\u0131rlanm\u0131\u015f olup konuya ili\u015fkin alandaki bo\u015flu\u011fu dolduracak niteliktedir. <\/p>\n","protected":false},"excerpt":{"rendered":"<p>N\u00f6rosinema \u00f6yle g\u00f6r\u00fcn\u00fcyor ki sineman\u0131n pop\u00fcler tart\u0131\u015fma alanlar\u0131ndan birisi haline gelecek. Asl\u0131nda sineman\u0131n icad\u0131ndan bug\u00fcne sinema ve zihnin i\u015flevleri ile ilgili farkl\u0131 \u00e7al\u0131\u015fmalar mevcuttur. Bergson, Russell<span class=\"excerpt-hellip\"> [\u2026]<\/span><\/p>\n","protected":false},"featured_media":0,"template":"","meta":{"_monsterinsights_skip_tracking":false,"_monsterinsights_sitenote_active":false,"_monsterinsights_sitenote_note":"","_monsterinsights_sitenote_category":0},"product_brand":[],"product_cat":[12409,12408],"product_tag":[],"class_list":{"0":"post-765855","1":"product","2":"type-product","3":"status-publish","5":"product_cat-fotograf-sinema-tiyatro","6":"product_cat-sanat","7":"pa_cilt-ciltsiz","8":"pa_tur-kitap","9":"pa_yayinevi-cem-yayinevi","10":"pa_yazar-meral-ozcinar","12":"first","13":"instock","14":"sale","15":"shipping-taxable","16":"purchasable","17":"product-type-simple"},"_links":{"self":[{"href":"https:\/\/roveyayinevi.com.tr\/index.php\/wp-json\/wp\/v2\/product\/765855","targetHints":{"allow":["GET"]}}],"collection":[{"href":"https:\/\/roveyayinevi.com.tr\/index.php\/wp-json\/wp\/v2\/product"}],"about":[{"href":"https:\/\/roveyayinevi.com.tr\/index.php\/wp-json\/wp\/v2\/types\/product"}],"wp:attachment":[{"href":"https:\/\/roveyayinevi.com.tr\/index.php\/wp-json\/wp\/v2\/media?parent=765855"}],"wp:term":[{"taxonomy":"product_brand","embeddable":true,"href":"https:\/\/roveyayinevi.com.tr\/index.php\/wp-json\/wp\/v2\/product_brand?post=765855"},{"taxonomy":"product_cat","embeddable":true,"href":"https:\/\/roveyayinevi.com.tr\/index.php\/wp-json\/wp\/v2\/product_cat?post=765855"},{"taxonomy":"product_tag","embeddable":true,"href":"https:\/\/roveyayinevi.com.tr\/index.php\/wp-json\/wp\/v2\/product_tag?post=765855"}],"curies":[{"name":"wp","href":"https:\/\/api.w.org\/{rel}","templated":true}]}}