{"id":765851,"date":"2025-08-28T11:54:38","date_gmt":"2025-08-28T08:54:38","guid":{"rendered":"https:\/\/roveyayinevi.com.tr\/index.php\/urun\/golgelerden-arinmak-2025-astrolojisi\/"},"modified":"2026-04-15T03:31:37","modified_gmt":"2026-04-15T00:31:37","slug":"golgelerden-arinmak-2025-astrolojisi","status":"publish","type":"product","link":"https:\/\/roveyayinevi.com.tr\/index.php\/urun\/golgelerden-arinmak-2025-astrolojisi\/","title":{"rendered":"G\u00f6lgelerden Ar\u0131nmak \u2013 2025 Astrolojisi"},"content":{"rendered":"<p>Kitap Tan\u0131t\u0131m Yaz\u0131s\u0131 : KOZM\u0130K GEZG\u0130N GAHL E. SASSON TARAFINDAN YAZILMI\u015e BU VAZGE\u00c7\u0130LMEZ ASTROLOJ\u0130 REHBER\u0130YLE GELECEK 12 AYINIZI PLANLAYIN VE HAZIRLIKLI OLUN!   2025, kozmik olaylar ve b\u00fcy\u00fck d\u00f6n\u00fc\u015f\u00fcmlerin y\u0131l\u0131 olacak! Bu y\u0131l, yo\u011fun bir ar\u0131nma ve yeniden do\u011fu\u015f s\u00fcrecine tan\u0131k olaca\u011f\u0131z. Y\u0131lan Y\u0131l\u0131 olan 2025, Lilith ve \u00f6l\u00fcm ve dirili\u015f burcu Akrep\u2019teki Vesta\u2019n\u0131n rehberli\u011finde yeralt\u0131 d\u00fcnyas\u0131na do\u011fru bir ini\u015fi ba\u015flatacak. Sat\u00fcrn, Uran\u00fcs ve Nept\u00fcn bur\u00e7lar aras\u0131nda ge\u00e7i\u015f yaparken eskiyi b\u0131rak\u0131p yenileniyorlar. Kozmik f\u0131rt\u0131nay\u0131 daha da \u015fiddetlendiren olaylar ise Mars ve Ven\u00fcs\u2019\u00fcn Aslan ve Ko\u00e7 bur\u00e7lar\u0131nda retro yapacak olmalar\u0131. Ayn\u0131 zamanda Bal\u0131k burcundaki Ejderha taraf\u0131ndan y\u00f6netilen gizemli tutulmalar yolumuzu ayd\u0131nlatacak ve olaylar\u0131 h\u0131zland\u0131racak. Ve unutmadan, b\u00fcy\u00fck hay\u0131rsever J\u00fcpiter, \u0130kizler burcundaki zorlu s\u00fcrg\u00fcn\u00fcnden sonra y\u0131l ortas\u0131nda nihayet Yenge\u00e7\u2019e, yani y\u00fcceldi\u011fi burca d\u00f6nerek bizlere umut ile yenilenme getirecek. Bu astrolojik rehber, y\u0131ld\u0131zlar\u0131n bilgeli\u011fini Kabala, numeroloji, tarih ve mitolojiyle birle\u015ftiriyor. Birinci K\u0131s\u0131m genel talimatlarla ilgili. \u0130kinci K\u0131s\u0131m her ay i\u00e7in \u00f6nemli tarihlerin listesi ile b\u00fcy\u00fck retro hareketler ve tutulmalar\u0131n rehberini sunuyor. Bu k\u0131s\u0131m, i\u015f giri\u015fimleri, romantik maceralar ya da yeni bir sa\u011fl\u0131k program\u0131na ba\u015flamak i\u00e7in elveri\u015fli tarihleri belirlemenize yard\u0131mc\u0131 olarak y\u0131l\u0131 \u00f6nceden planlaman\u0131z i\u00e7in tasarlanm\u0131\u015ft\u0131r. \u00dc\u00e7\u00fcnc\u00fc K\u0131s\u0131m, 2025\u2019in genel e\u011filimleri ve kozmik kal\u0131plar\u0131n\u0131 i\u00e7eriyor; Yeni Y\u0131l kararlar\u0131n\u0131za ba\u015flamak i\u00e7in ideal tarihleri, hayallerinizi ger\u00e7ekle\u015ftirmenize yard\u0131mc\u0131 olabilecek bir ay takvimini, 2025\u2019in numerolojisini ve rengini, ayr\u0131ca b\u00fcy\u00fck gezegen ge\u00e7i\u015flerini ve bunlar\u0131n her bur\u00e7 i\u00e7in nas\u0131l tezah\u00fcr edece\u011fini bulacaks\u0131n\u0131z. D\u00f6rd\u00fcnc\u00fc K\u0131s\u0131m ise her bir bur\u00e7 i\u00e7in ay baz\u0131nda genel bir bak\u0131\u015f sunuyor.   &amp;&amp;&amp;   Astroloji kesinlikle bir kehanet arac\u0131 de\u011fildir; kader ve iradenin birle\u015fimidir. Son otuz y\u0131lda binlerce astrolojik harita analiz ettikten sonra kaderin piyonlar\u0131 olmad\u0131\u011f\u0131m\u0131za emin oldum. Aksine gelece\u011fimizi birlikte yarat\u0131yoruz ve astroloji ise evrenin bize nazik\u00e7e sundu\u011fu bir teknik destektir. \u2012 2025 Astrolojisi: G\u00f6lgelerden Ar\u0131nmak   &amp;&amp;&amp;   Gahl E. Sasson, \u00fcnl\u00fc bir astrolog ve \u00e7ok aranan bir konu\u015fmac\u0131d\u0131r. Kabala \u00fczerine yazd\u0131\u011f\u0131 kitap, 14. Dalai Lama taraf\u0131ndan onaylanm\u0131\u015ft\u0131r. S\u0131kl\u0131kla \u201cruhun GPS\u2019i\u201d olarak an\u0131lan bu astroloji rehberi, d\u00fcnya \u00e7ap\u0131nda bir\u00e7ok dile \u00e7evrilmi\u015f ve geni\u015f bir okuyucu kitlesi taraf\u0131ndan okunmu\u015ftur. Y\u0131ld\u0131zlar\u0131n \u00f6tesinde Gahl, mitoloji, sembolizm ve hik\u00e2ye anlat\u0131m\u0131n\u0131n derinliklerine inmekte, akademik makaleler yazmakta ve uluslararas\u0131 seminerler ile at\u00f6lye \u00e7al\u0131\u015fmalar\u0131nda dinleyicileri ayd\u0131nlatmaktad\u0131r. Los Angeles\u2019ta ya\u015fayan Gahl ile CosmicNavigator.com \u00fczerinden ileti\u015fim kurabilir ya da Zoom ve Instagram\u2019da @Cosmic_Navigator adresinden her pazar d\u00fczenledi\u011fi \u00fccretsiz toplant\u0131lara kat\u0131labilirsiniz. <\/p>\n","protected":false},"excerpt":{"rendered":"<p>Kitap Tan\u0131t\u0131m Yaz\u0131s\u0131 : KOZM\u0130K GEZG\u0130N GAHL E. SASSON TARAFINDAN YAZILMI\u015e BU VAZGE\u00c7\u0130LMEZ ASTROLOJ\u0130 REHBER\u0130YLE GELECEK 12 AYINIZI PLANLAYIN VE HAZIRLIKLI OLUN! 2025, kozmik olaylar ve<span class=\"excerpt-hellip\"> [\u2026]<\/span><\/p>\n","protected":false},"featured_media":0,"template":"","meta":{"_monsterinsights_skip_tracking":false,"_monsterinsights_sitenote_active":false,"_monsterinsights_sitenote_note":"","_monsterinsights_sitenote_category":0},"product_brand":[],"product_cat":[19840,12364],"product_tag":[],"class_list":{"0":"post-765851","1":"product","2":"type-product","3":"status-publish","5":"product_cat-astroloji","6":"product_cat-genel-konular","7":"pa_cilt-ciltsiz","8":"pa_tur-kitap","9":"pa_yayinevi-butik-yayinlari","10":"pa_yazar-gahl-eden-sasson","12":"first","13":"instock","14":"sale","15":"shipping-taxable","16":"purchasable","17":"product-type-simple"},"_links":{"self":[{"href":"https:\/\/roveyayinevi.com.tr\/index.php\/wp-json\/wp\/v2\/product\/765851","targetHints":{"allow":["GET"]}}],"collection":[{"href":"https:\/\/roveyayinevi.com.tr\/index.php\/wp-json\/wp\/v2\/product"}],"about":[{"href":"https:\/\/roveyayinevi.com.tr\/index.php\/wp-json\/wp\/v2\/types\/product"}],"wp:attachment":[{"href":"https:\/\/roveyayinevi.com.tr\/index.php\/wp-json\/wp\/v2\/media?parent=765851"}],"wp:term":[{"taxonomy":"product_brand","embeddable":true,"href":"https:\/\/roveyayinevi.com.tr\/index.php\/wp-json\/wp\/v2\/product_brand?post=765851"},{"taxonomy":"product_cat","embeddable":true,"href":"https:\/\/roveyayinevi.com.tr\/index.php\/wp-json\/wp\/v2\/product_cat?post=765851"},{"taxonomy":"product_tag","embeddable":true,"href":"https:\/\/roveyayinevi.com.tr\/index.php\/wp-json\/wp\/v2\/product_tag?post=765851"}],"curies":[{"name":"wp","href":"https:\/\/api.w.org\/{rel}","templated":true}]}}