{"id":765849,"date":"2025-08-28T11:54:34","date_gmt":"2025-08-28T08:54:34","guid":{"rendered":"https:\/\/roveyayinevi.com.tr\/index.php\/urun\/akademi\/"},"modified":"2026-04-15T03:31:37","modified_gmt":"2026-04-15T00:31:37","slug":"akademi","status":"publish","type":"product","link":"https:\/\/roveyayinevi.com.tr\/index.php\/urun\/akademi\/","title":{"rendered":"Akademi"},"content":{"rendered":"<p>Amerika\u2019n\u0131n k\u00fc\u00e7\u00fck bir kasabas\u0131nda do\u011fup b\u00fcy\u00fcyen on iki ya\u015f\u0131ndaki Leo\u2019nun en b\u00fcy\u00fck hayali bir g\u00fcn profesyonel bir futbolcu olmakt\u0131r ama bu hayalini nas\u0131l ger\u00e7ekle\u015ftirece\u011fine dair bir fikri yoktur. Derken bir g\u00fcn bir yetenek avc\u0131s\u0131 tesad\u00fcfen Leo\u2019nun oynad\u0131\u011f\u0131 futbol ma\u00e7\u0131n\u0131 izleyip onu Londra Ejderhalar\u0131 Gen\u00e7lik Kamp\u0131\u2019na davet eder. Leo bu bir ayl\u0131k zorlu kamp e\u011fitimini ba\u015far\u0131yla tamamlarsa Akademi\u2019ye girmeye hak kazanacak ve profesyonel bir futbolcu olma yolunda dev bir ad\u0131m atacakt\u0131r. Daha \u00f6nce hi\u00e7 okyanusu g\u00f6rmemi\u015f, hatta u\u00e7a\u011fa bile binmemi\u015f olan Leo bu b\u00fcy\u00fck macera i\u00e7in Londra\u2019n\u0131n yolunu tutar. Ama i\u015fi hi\u00e7 de kolay de\u011fildir. \u00c7\u00fcnk\u00fc d\u00fcnyan\u0131n en yetenekli iki y\u00fcz gen\u00e7 oyuncusunun aras\u0131ndan sadece on bir tanesi Akademi\u2019ye girmeye hak kazanacakt\u0131r. Onu burada yepyeni f\u0131rsatlar\u0131n ve dostluklar\u0131n yan\u0131nda zorluklar ve engeller de beklemektedir. Acaba kendi kasabas\u0131nda bir y\u0131ld\u0131z olan Leo, iki y\u00fcz gen\u00e7 yetene\u011fin aras\u0131nda kendini kan\u0131tlay\u0131p r\u00fcyalar\u0131n\u0131 s\u00fcsleyen Akademi\u2019ye girebilecek midir?<\/p>\n","protected":false},"excerpt":{"rendered":"<p>Amerika\u2019n\u0131n k\u00fc\u00e7\u00fck bir kasabas\u0131nda do\u011fup b\u00fcy\u00fcyen on iki ya\u015f\u0131ndaki Leo\u2019nun en b\u00fcy\u00fck hayali bir g\u00fcn profesyonel bir futbolcu olmakt\u0131r ama bu hayalini nas\u0131l ger\u00e7ekle\u015ftirece\u011fine dair bir<span class=\"excerpt-hellip\"> [\u2026]<\/span><\/p>\n","protected":false},"featured_media":0,"template":"","meta":{"_monsterinsights_skip_tracking":false,"_monsterinsights_sitenote_active":false,"_monsterinsights_sitenote_note":"","_monsterinsights_sitenote_category":0},"product_brand":[],"product_cat":[12274,12284],"product_tag":[],"class_list":{"0":"post-765849","1":"product","2":"type-product","3":"status-publish","5":"product_cat-cocuk-ve-genclik-kitaplari","6":"product_cat-hikayeler","7":"pa_cilt-ciltsiz","8":"pa_tur-kitap","9":"pa_yayinevi-beyaz-balina-yayinlari","10":"pa_yazar-t-z-layton","12":"first","13":"instock","14":"sale","15":"shipping-taxable","16":"purchasable","17":"product-type-simple"},"_links":{"self":[{"href":"https:\/\/roveyayinevi.com.tr\/index.php\/wp-json\/wp\/v2\/product\/765849","targetHints":{"allow":["GET"]}}],"collection":[{"href":"https:\/\/roveyayinevi.com.tr\/index.php\/wp-json\/wp\/v2\/product"}],"about":[{"href":"https:\/\/roveyayinevi.com.tr\/index.php\/wp-json\/wp\/v2\/types\/product"}],"wp:attachment":[{"href":"https:\/\/roveyayinevi.com.tr\/index.php\/wp-json\/wp\/v2\/media?parent=765849"}],"wp:term":[{"taxonomy":"product_brand","embeddable":true,"href":"https:\/\/roveyayinevi.com.tr\/index.php\/wp-json\/wp\/v2\/product_brand?post=765849"},{"taxonomy":"product_cat","embeddable":true,"href":"https:\/\/roveyayinevi.com.tr\/index.php\/wp-json\/wp\/v2\/product_cat?post=765849"},{"taxonomy":"product_tag","embeddable":true,"href":"https:\/\/roveyayinevi.com.tr\/index.php\/wp-json\/wp\/v2\/product_tag?post=765849"}],"curies":[{"name":"wp","href":"https:\/\/api.w.org\/{rel}","templated":true}]}}