{"id":765848,"date":"2025-08-28T11:54:32","date_gmt":"2025-08-28T08:54:32","guid":{"rendered":"https:\/\/roveyayinevi.com.tr\/index.php\/urun\/ultra-islenmis-insanlar\/"},"modified":"2026-04-15T03:31:37","modified_gmt":"2026-04-15T00:31:37","slug":"ultra-islenmis-insanlar","status":"publish","type":"product","link":"https:\/\/roveyayinevi.com.tr\/index.php\/urun\/ultra-islenmis-insanlar\/","title":{"rendered":"Ultra \u0130\u015flenmi\u015f \u0130nsanlar"},"content":{"rendered":"<p>Sorun sizde de\u011fil, yediklerinizde&#8230; Lezzet ve k\u0131vam art\u0131r\u0131c\u0131lar, modifiye ni\u015fastalar, hidrolize proteinler, guar zamk\u0131, em\u00fclgat\u00f6rler&#8230; \u0130nsanl\u0131k bir \u201cyeni g\u0131da \u00e7a\u011f\u0131\u201dna girdi. Tarihte ilk kez ald\u0131\u011f\u0131m\u0131z kalorilerin b\u00fcy\u00fck k\u0131sm\u0131 yeni bir kaynaktan geliyor: ultra i\u015flenmi\u015f g\u0131dalardan. Akl\u0131n\u0131za hemen abur cuburlar da gelmesin. Mesele daha fazlas\u0131: Ultra i\u015flenmi\u015f g\u0131dalar, kendilerini masum, cazip \u2013hatta faydal\u0131\u2013 g\u00f6steren ustal\u0131kl\u0131 etiketleriyle, her g\u00fcn tabaklar\u0131m\u0131zda daha \u00e7ok yer kapl\u0131yor. Ve \u00e7ok az\u0131m\u0131z\u0131n, paketlere k\u00fc\u00e7\u00fcc\u00fck harflerle eklenmi\u015f onca tuhaf isimli \u015feyi neden yedi\u011fimiz ve sa\u011fl\u0131\u011f\u0131m\u0131z\u0131n bundan nas\u0131l etkilendi\u011fi hakk\u0131nda bir fikri var. Doktor ve biliminsan\u0131 Chris van Tulleken, d\u00fcnyada b\u00fcy\u00fck ses getiren kitab\u0131 Ultra \u0130\u015flenmi\u015f \u0130nsanlar\u2019da, \u00e7ok say\u0131da ara\u015ft\u0131rmaya dayanarak \u2013ve kendisinin bizzat kat\u0131ld\u0131\u011f\u0131 deneyden de faydalanarak\u2013 besleyici olmaktansa a\u015f\u0131r\u0131 yemeyi te\u015fvik etmek i\u00e7in tasarlanm\u0131\u015f bu yeni tip yiyeceklerin beynimizi nas\u0131l manip\u00fcle etti\u011fini, \u00e7ocuk ya\u015ftan ba\u011f\u0131ml\u0131l\u0131k yarat\u0131p v\u00fccudumuzu y\u0131k\u0131c\u0131 bir \u015fekilde etkiledi\u011fini, nas\u0131l sorumsuzca ve serbest\u00e7e pazarland\u0131\u011f\u0131n\u0131 ortaya koyuyor. Onlar\u0131 iyice tan\u0131y\u0131p, yeme davran\u0131\u015f\u0131m\u0131z ve sa\u011fl\u0131\u011f\u0131m\u0131z \u00fczerindeki kontrol\u00fc yeniden ele alabilmemiz i\u00e7in bize yol g\u00f6steriyor. Bu kitap haklar\u0131m\u0131zla ilgili. Ne yedi\u011fimizi, bedenimize ne yapt\u0131\u011f\u0131n\u0131 bilme hakk\u0131\u2026 ve iyi g\u0131daya eri\u015febilme hakk\u0131. THE TIMES \u201cYILIN EN \u0130Y\u0130 B\u0130L\u0130M K\u0130TABI\u201dAMAZON ve ECONOMIST \u201cYILIN EN \u0130Y\u0130 K\u0130TABI\u201dGOODREADS ve WATERSTONES\u2019ta YILIN EN \u0130Y\u0130 K\u0130TABI \u00d6D\u00dcL\u00dc F\u0130NAL\u0130ST\u0130 \u201cYeme al\u0131\u015fkanl\u0131klar\u0131n\u0131z\u0131 de\u011fi\u015ftirecek.\u201d \u2013The Times\u201cBunlar\u0131 herkes duymal\u0131.\u201d \u2013Tim Spector <\/p>\n","protected":false},"excerpt":{"rendered":"<p>Sorun sizde de\u011fil, yediklerinizde&#8230; Lezzet ve k\u0131vam art\u0131r\u0131c\u0131lar, modifiye ni\u015fastalar, hidrolize proteinler, guar zamk\u0131, em\u00fclgat\u00f6rler&#8230; \u0130nsanl\u0131k bir \u201cyeni g\u0131da \u00e7a\u011f\u0131\u201dna girdi. Tarihte ilk kez ald\u0131\u011f\u0131m\u0131z kalorilerin<span class=\"excerpt-hellip\"> [\u2026]<\/span><\/p>\n","protected":false},"featured_media":0,"template":"","meta":{"_monsterinsights_skip_tracking":false,"_monsterinsights_sitenote_active":false,"_monsterinsights_sitenote_note":"","_monsterinsights_sitenote_category":0},"product_brand":[],"product_cat":[20313,13365],"product_tag":[],"class_list":{"0":"post-765848","1":"product","2":"type-product","3":"status-publish","5":"product_cat-basvuru-kitaplari-saglik","6":"product_cat-saglik","7":"pa_cilt-ciltsiz","8":"pa_tur-kitap","9":"pa_yayinevi-domingo-yayinevi","10":"pa_yazar-chris-van-tulleken","12":"first","13":"instock","14":"sale","15":"shipping-taxable","16":"purchasable","17":"product-type-simple"},"_links":{"self":[{"href":"https:\/\/roveyayinevi.com.tr\/index.php\/wp-json\/wp\/v2\/product\/765848","targetHints":{"allow":["GET"]}}],"collection":[{"href":"https:\/\/roveyayinevi.com.tr\/index.php\/wp-json\/wp\/v2\/product"}],"about":[{"href":"https:\/\/roveyayinevi.com.tr\/index.php\/wp-json\/wp\/v2\/types\/product"}],"wp:attachment":[{"href":"https:\/\/roveyayinevi.com.tr\/index.php\/wp-json\/wp\/v2\/media?parent=765848"}],"wp:term":[{"taxonomy":"product_brand","embeddable":true,"href":"https:\/\/roveyayinevi.com.tr\/index.php\/wp-json\/wp\/v2\/product_brand?post=765848"},{"taxonomy":"product_cat","embeddable":true,"href":"https:\/\/roveyayinevi.com.tr\/index.php\/wp-json\/wp\/v2\/product_cat?post=765848"},{"taxonomy":"product_tag","embeddable":true,"href":"https:\/\/roveyayinevi.com.tr\/index.php\/wp-json\/wp\/v2\/product_tag?post=765848"}],"curies":[{"name":"wp","href":"https:\/\/api.w.org\/{rel}","templated":true}]}}