{"id":765847,"date":"2025-08-28T11:54:30","date_gmt":"2025-08-28T08:54:30","guid":{"rendered":"https:\/\/roveyayinevi.com.tr\/index.php\/urun\/denemeye-deger-2\/"},"modified":"2026-04-15T03:31:37","modified_gmt":"2026-04-15T00:31:37","slug":"denemeye-deger-2","status":"publish","type":"product","link":"https:\/\/roveyayinevi.com.tr\/index.php\/urun\/denemeye-deger-2\/","title":{"rendered":"Denemeye De\u011fer"},"content":{"rendered":"<p>Sevgimizi birka\u00e7 g\u00fczel c\u00fcmle ile ifade etmek yerine neden hemen emojilere sar\u0131l\u0131yoruz? \u0130nternette dola\u015f\u0131p duran yanl\u0131\u015f bilgilerin sonu nereye varacak? Pop\u00fcler k\u00fclt\u00fcr\u00fcn dayatt\u0131\u011f\u0131 g\u00fczellik kal\u0131plar\u0131 alg\u0131m\u0131z\u0131 nas\u0131l s\u0131n\u0131rl\u0131yor? Olas\u0131l\u0131klar denizinde hangi s\u0131rlar y\u00fcz\u00fcyor? Yapay zek\u00e2n\u0131n insanlardan daha zeki olabilece\u011fini ni\u00e7in kabullenemiyoruz? Peki edebiyat\u0131n amac\u0131 ne? Mavisel Yener bu kitab\u0131yla, gen\u00e7lere keyifli bir beyin f\u0131rt\u0131nas\u0131 ya\u015fat\u0131yor ve d\u00fc\u015f\u00fcnce dalgalar\u0131yla sava\u015fmak yerine onlarla dans etmeye \u00e7a\u011f\u0131r\u0131yor. Do\u011fru bilgiye ula\u015fma yolunda g\u00fcvenilir kaynaklardan faydalanman\u0131n \u00f6nemine vurgu yapan Denemeye De\u011fer; pek \u00e7ok \u00fcnl\u00fc yazar\u0131n, sanat\u00e7\u0131n\u0131n ve bilim insan\u0131n\u0131n s\u00f6zlerine ve klasikle\u015fmi\u015f yap\u0131tlar\u0131na da de\u011finerek yeni okumalara kap\u0131 aral\u0131yor. Unutmay\u0131n, d\u00fc\u015f\u00fcncelerinizi \u00f6zg\u00fcrce ifade edebilmek i\u00e7in bile denemeye de\u011fer!<\/p>\n","protected":false},"excerpt":{"rendered":"<p>Sevgimizi birka\u00e7 g\u00fczel c\u00fcmle ile ifade etmek yerine neden hemen emojilere sar\u0131l\u0131yoruz? \u0130nternette dola\u015f\u0131p duran yanl\u0131\u015f bilgilerin sonu nereye varacak? Pop\u00fcler k\u00fclt\u00fcr\u00fcn dayatt\u0131\u011f\u0131 g\u00fczellik kal\u0131plar\u0131 alg\u0131m\u0131z\u0131<span class=\"excerpt-hellip\"> [\u2026]<\/span><\/p>\n","protected":false},"featured_media":0,"template":"","meta":{"_monsterinsights_skip_tracking":false,"_monsterinsights_sitenote_active":false,"_monsterinsights_sitenote_note":"","_monsterinsights_sitenote_category":0},"product_brand":[],"product_cat":[12274,12284],"product_tag":[],"class_list":{"0":"post-765847","1":"product","2":"type-product","3":"status-publish","5":"product_cat-cocuk-ve-genclik-kitaplari","6":"product_cat-hikayeler","7":"pa_cilt-ciltsiz","8":"pa_tur-kitap","9":"pa_yayinevi-tudem-yayinlari","10":"pa_yazar-mavisel-yener","12":"first","13":"instock","14":"sale","15":"shipping-taxable","16":"purchasable","17":"product-type-simple"},"_links":{"self":[{"href":"https:\/\/roveyayinevi.com.tr\/index.php\/wp-json\/wp\/v2\/product\/765847","targetHints":{"allow":["GET"]}}],"collection":[{"href":"https:\/\/roveyayinevi.com.tr\/index.php\/wp-json\/wp\/v2\/product"}],"about":[{"href":"https:\/\/roveyayinevi.com.tr\/index.php\/wp-json\/wp\/v2\/types\/product"}],"wp:attachment":[{"href":"https:\/\/roveyayinevi.com.tr\/index.php\/wp-json\/wp\/v2\/media?parent=765847"}],"wp:term":[{"taxonomy":"product_brand","embeddable":true,"href":"https:\/\/roveyayinevi.com.tr\/index.php\/wp-json\/wp\/v2\/product_brand?post=765847"},{"taxonomy":"product_cat","embeddable":true,"href":"https:\/\/roveyayinevi.com.tr\/index.php\/wp-json\/wp\/v2\/product_cat?post=765847"},{"taxonomy":"product_tag","embeddable":true,"href":"https:\/\/roveyayinevi.com.tr\/index.php\/wp-json\/wp\/v2\/product_tag?post=765847"}],"curies":[{"name":"wp","href":"https:\/\/api.w.org\/{rel}","templated":true}]}}