{"id":765845,"date":"2025-08-28T11:54:26","date_gmt":"2025-08-28T08:54:26","guid":{"rendered":"https:\/\/roveyayinevi.com.tr\/index.php\/urun\/dikkat-zengin-yapabilir\/"},"modified":"2026-04-15T03:31:37","modified_gmt":"2026-04-15T00:31:37","slug":"dikkat-zengin-yapabilir","status":"publish","type":"product","link":"https:\/\/roveyayinevi.com.tr\/index.php\/urun\/dikkat-zengin-yapabilir\/","title":{"rendered":"Dikkat Zengin Yapabilir"},"content":{"rendered":"<p>Ekonomik \u00f6zg\u00fcrl\u00fck yolunda ilk ad\u0131m\u0131 \u015fimdi at\u0131n! Sosyal medyada son zamanlar\u0131n en \u00e7ok takip edilen ekonomi yorumcular\u0131ndan Cihat E. \u00c7i\u00e7ek b\u00fcy\u00fck ilgi g\u00f6ren d\u00fczenli YouTube yay\u0131nlar\u0131n\u0131n ard\u0131ndan tecr\u00fcbelerini bir kitapta bir araya getirmeye karar verdi ve ortaya ekonomik \u00f6zg\u00fcrle\u015fme yolunda pek \u00e7ok ki\u015finin ilham bulup fayda sa\u011flayaca\u011f\u0131 bilgilendirici bir yol haritas\u0131 \u00e7\u0131kt\u0131. \u00d6zellikle kredili konut ile kald\u0131ra\u00e7l\u0131 b\u00fcy\u00fcme ve k\u00fc\u00e7\u00fck yat\u0131r\u0131mc\u0131lara tavsiyeler \u00fczerine e\u011filen \u00c7i\u00e7ek, bu kitapta hem kendi ge\u00e7mi\u015finden somut \u00f6rneklerle y\u00fcr\u00fcd\u00fc\u011f\u00fc yolu, i\u015f d\u00fcnyas\u0131 ser\u00fcvenini ve ekonomik bak\u0131\u015f a\u00e7\u0131s\u0131n\u0131 payla\u015f\u0131yor hem de bilgi birikimini gelece\u011fe aktarmak \u00fczere karma\u015f\u0131k olmayan, basit anlat\u0131mlarla farkl\u0131 yat\u0131r\u0131m \u015fekillerini okuyucusu i\u00e7in ayr\u0131 ayr\u0131 de\u011ferlendiriyor. Dikkat Zengin Yapabilir\u2019 i okuyan herkes en temelden ba\u015flayarak yat\u0131r\u0131m\u0131n temel ilkelerine h\u00e2kim olacak, \u00f6zg\u00fcn giri\u015fimcilik tecr\u00fcbeleriyle ilham bulacak, alt\u0131n yat\u0131r\u0131m\u0131 ve enflasyonla ilgili bilinmeyenleri \u00f6\u011frenecek ve ekonomik \u00f6zg\u00fcrl\u00fc\u011fe ula\u015fmak i\u00e7in takip edilmesi gereken yolda ilk ad\u0131mlar\u0131n\u0131 Cihat E. \u00c7i\u00e7ek\u2019le birlikte atacak. <\/p>\n","protected":false},"excerpt":{"rendered":"<p>Ekonomik \u00f6zg\u00fcrl\u00fck yolunda ilk ad\u0131m\u0131 \u015fimdi at\u0131n! Sosyal medyada son zamanlar\u0131n en \u00e7ok takip edilen ekonomi yorumcular\u0131ndan Cihat E. \u00c7i\u00e7ek b\u00fcy\u00fck ilgi g\u00f6ren d\u00fczenli YouTube yay\u0131nlar\u0131n\u0131n<span class=\"excerpt-hellip\"> [\u2026]<\/span><\/p>\n","protected":false},"featured_media":0,"template":"","meta":{"_monsterinsights_skip_tracking":false,"_monsterinsights_sitenote_active":false,"_monsterinsights_sitenote_note":"","_monsterinsights_sitenote_category":0},"product_brand":[],"product_cat":[13043,17647],"product_tag":[],"class_list":{"0":"post-765845","1":"product","2":"type-product","3":"status-publish","5":"product_cat-ekonomi","6":"product_cat-is-dunyasi","7":"pa_cilt-ciltsiz","8":"pa_tur-kitap","9":"pa_yayinevi-inkilap-kitabevi","10":"pa_yazar-cihat-e-cicek","12":"first","13":"instock","14":"sale","15":"shipping-taxable","16":"purchasable","17":"product-type-simple"},"_links":{"self":[{"href":"https:\/\/roveyayinevi.com.tr\/index.php\/wp-json\/wp\/v2\/product\/765845","targetHints":{"allow":["GET"]}}],"collection":[{"href":"https:\/\/roveyayinevi.com.tr\/index.php\/wp-json\/wp\/v2\/product"}],"about":[{"href":"https:\/\/roveyayinevi.com.tr\/index.php\/wp-json\/wp\/v2\/types\/product"}],"wp:attachment":[{"href":"https:\/\/roveyayinevi.com.tr\/index.php\/wp-json\/wp\/v2\/media?parent=765845"}],"wp:term":[{"taxonomy":"product_brand","embeddable":true,"href":"https:\/\/roveyayinevi.com.tr\/index.php\/wp-json\/wp\/v2\/product_brand?post=765845"},{"taxonomy":"product_cat","embeddable":true,"href":"https:\/\/roveyayinevi.com.tr\/index.php\/wp-json\/wp\/v2\/product_cat?post=765845"},{"taxonomy":"product_tag","embeddable":true,"href":"https:\/\/roveyayinevi.com.tr\/index.php\/wp-json\/wp\/v2\/product_tag?post=765845"}],"curies":[{"name":"wp","href":"https:\/\/api.w.org\/{rel}","templated":true}]}}