{"id":765844,"date":"2025-08-28T11:54:24","date_gmt":"2025-08-28T08:54:24","guid":{"rendered":"https:\/\/roveyayinevi.com.tr\/index.php\/urun\/buyuk-mitoloji-atlasi-ciltli\/"},"modified":"2026-04-15T03:31:37","modified_gmt":"2026-04-15T00:31:37","slug":"buyuk-mitoloji-atlasi-ciltli","status":"publish","type":"product","link":"https:\/\/roveyayinevi.com.tr\/index.php\/urun\/buyuk-mitoloji-atlasi-ciltli\/","title":{"rendered":"B\u00fcy\u00fck Mitoloji Atlas\u0131 (Ciltli)"},"content":{"rendered":"<p>Hadi Bu Kitabi A\u00e7in Ve T\u00fcm D\u00fcnyayi Gezece\u011fimiz \u0130nanilmaz Macerali Bir Mitoloji Yolculu\u011funa Ba\u015flay\u0131n! Tanrilarin G\u00fc\u00e7l\u00fc Ve Zayif Yanlar\u0131ni, Efsanevi Kahramanlar\u0131n Saldirilarinda Kullandiklar\u0131 Hileleri, Korkun\u00e7 Canavarlari Yenmek \u0130\u00e7in En Ak\u0131ll\u0131ca Y\u00f6ntemleri Ve B\u00fcy\u00fcl\u00fc Yaratiklara Yakla\u015fip Onlarla Dost Olman\u0131n En \u0130yi Yollar\u0131n\u0131 \u00d6\u011frenin! <\/p>\n","protected":false},"excerpt":{"rendered":"<p>Hadi Bu Kitabi A\u00e7in Ve T\u00fcm D\u00fcnyayi Gezece\u011fimiz \u0130nanilmaz Macerali Bir Mitoloji Yolculu\u011funa Ba\u015flay\u0131n! Tanrilarin G\u00fc\u00e7l\u00fc Ve Zayif Yanlar\u0131ni, Efsanevi Kahramanlar\u0131n Saldirilarinda Kullandiklar\u0131 Hileleri, Korkun\u00e7 Canavarlari<span class=\"excerpt-hellip\"> [\u2026]<\/span><\/p>\n","protected":false},"featured_media":0,"template":"","meta":{"_monsterinsights_skip_tracking":false,"_monsterinsights_sitenote_active":false,"_monsterinsights_sitenote_note":"","_monsterinsights_sitenote_category":0},"product_brand":[],"product_cat":[12274,12284],"product_tag":[],"class_list":{"0":"post-765844","1":"product","2":"type-product","3":"status-publish","5":"product_cat-cocuk-ve-genclik-kitaplari","6":"product_cat-hikayeler","7":"pa_cilt-ciltli","8":"pa_tur-kitap","9":"pa_yayinevi-ithaki-yayinlari","10":"pa_yazar-marzia-accatino","12":"first","13":"instock","14":"sale","15":"shipping-taxable","16":"purchasable","17":"product-type-simple"},"_links":{"self":[{"href":"https:\/\/roveyayinevi.com.tr\/index.php\/wp-json\/wp\/v2\/product\/765844","targetHints":{"allow":["GET"]}}],"collection":[{"href":"https:\/\/roveyayinevi.com.tr\/index.php\/wp-json\/wp\/v2\/product"}],"about":[{"href":"https:\/\/roveyayinevi.com.tr\/index.php\/wp-json\/wp\/v2\/types\/product"}],"wp:attachment":[{"href":"https:\/\/roveyayinevi.com.tr\/index.php\/wp-json\/wp\/v2\/media?parent=765844"}],"wp:term":[{"taxonomy":"product_brand","embeddable":true,"href":"https:\/\/roveyayinevi.com.tr\/index.php\/wp-json\/wp\/v2\/product_brand?post=765844"},{"taxonomy":"product_cat","embeddable":true,"href":"https:\/\/roveyayinevi.com.tr\/index.php\/wp-json\/wp\/v2\/product_cat?post=765844"},{"taxonomy":"product_tag","embeddable":true,"href":"https:\/\/roveyayinevi.com.tr\/index.php\/wp-json\/wp\/v2\/product_tag?post=765844"}],"curies":[{"name":"wp","href":"https:\/\/api.w.org\/{rel}","templated":true}]}}