{"id":765843,"date":"2025-08-28T11:54:22","date_gmt":"2025-08-28T08:54:22","guid":{"rendered":"https:\/\/roveyayinevi.com.tr\/index.php\/urun\/ilk-yalan-kazanir\/"},"modified":"2026-04-15T03:31:37","modified_gmt":"2026-04-15T00:31:37","slug":"ilk-yalan-kazanir","status":"publish","type":"product","link":"https:\/\/roveyayinevi.com.tr\/index.php\/urun\/ilk-yalan-kazanir\/","title":{"rendered":"\u0130lk Yalan Kazan\u0131r"},"content":{"rendered":"<p>Bir partide bir yabanc\u0131yla tan\u0131\u015ft\u0131n. Sana benziyor. Hatta senin ad\u0131n\u0131 ta\u015f\u0131yor. Ama o bir yabanc\u0131 de\u011fil.  O bir uyar\u0131.    Evie Porter, bir k\u0131z\u0131n isteyebilece\u011fi her \u015feye sahipti: m\u00fckemmel, sevgi dolu bir erkek arkada\u015f, beyaz \u00e7itlerle \u00e7evrelenmi\u015f bah\u00e7eli bir ev, haval\u0131 bir arkada\u015f grubu. Tek sorun, Evie Porter diye biri yoktu.   Gizemli patronu Bay Smith taraf\u0131ndan kendisine yeni bir isim ve yer verildi\u011finde, kasaba ve i\u00e7indeki insanlar hakk\u0131nda bilinmesi gereken her \u015feyi \u00f6\u011frenmi\u015fti. Yeni hedefi belliydi: Ryan Sumner. Ryan ve arkada\u015flar\u0131n\u0131n d\u00fcnyas\u0131na girmek, Evie i\u00e7in yaln\u0131zca bir romantik ili\u015fkinin de\u011fil, ayn\u0131 zamanda bir s\u0131nav\u0131n ba\u015flang\u0131c\u0131yd\u0131. Her bir c\u00fcmle, her bir bak\u0131\u015f, Evie&#8217;nin ger\u00e7ek kimli\u011fini ortaya \u00e7\u0131karabilirdi. Ama Evie hata yapamazd\u0131, \u00f6zellikle de bir \u00f6nceki i\u015finde ya\u015fananlardan sonra.   \u015eimdi Evie&#8217;nin yapmas\u0131 gereken tek \u015fey, ilk yalan\u0131n\u0131 ustal\u0131kla s\u00f6ylemekti. \u0130lk yalan kazan\u0131rd\u0131 ama i\u015fler hi\u00e7 de kolay olmayacakt\u0131. Ryan\u2019\u0131n arkada\u015flar\u0131, bu oyunda Evie kadar h\u0131rsl\u0131 ve \u015f\u00fcpheciydi. Evie, bir yandan onlar\u0131 etkileyip yeni hayat\u0131n\u0131 in\u015fa ederken, di\u011fer yandan ge\u00e7mi\u015fiyle ilgili karanl\u0131k s\u0131rlar\u0131n ortaya \u00e7\u0131kmamas\u0131 i\u00e7in sava\u015fmak zorundayd\u0131.  Evie, bu kasabada ger\u00e7ekten kime g\u00fcvenebilirdi? Ya da as\u0131l soru: Onlar Evie\u2019ye g\u00fcvenmeli miydi?    New York Times \u00c7oksatan\u0131  Reese\u2019s Book Club, Ocak 2024 Se\u00e7kisi    \u201cBu h\u0131zl\u0131 tempolu kitapta bir gerilim roman\u0131nda isteyebilece\u011finiz her \u015fey var: sakl\u0131 kimlikler, gizemli bir patron ve beni ba\u015f\u0131ndan sonuna kadar merakta b\u0131rakan bir kovalamaca.\u201d   \u2014Reese Witherspoon (Reese\u2019s Book Club, Ocak 2024 Se\u00e7kisi)   \u201cAmans\u0131z bir yakalamaca gerilimi&#8230; Gece ge\u00e7 saatlere kadar okumay\u0131 planlayanlar i\u00e7in klasik bir gerilim roman\u0131.\u201d   \u2014Elle   \u201cZekice kurgulanm\u0131\u015f olay \u00f6rg\u00fcs\u00fc ve k\u0131vrak zekal\u0131 ba\u015fkahraman\u0131 sayesinde bu gerilim dolu romanda kime g\u00fcvenece\u011finizi bilemeyeceksiniz&#8230; S\u00fcr\u00fckleyici.\u201d   \u2014Reader&#8217;s Digest   \u201cElston \u00e7\u0131tay\u0131 y\u00fckseltiyor.\u201d   \u2014The New York Times   \u201cBa\u015f\u0131ndan sonuna kadar beni diken \u00fcst\u00fcnde tutan bu h\u0131zl\u0131 tempolu romanda heyecan dolu bir yolculuk sizi bekliyor.\u201d  \u2014New York Post  \u201c\u0130lk Yalan Kazan\u0131r, sizi ba\u015f\u0131ndan sonuna kadar merakta b\u0131rakacak, e\u011flenceli ve \u00f6ng\u00f6r\u00fclemez bir gerilim yolculu\u011fu sunuyor.\u201d   \u2014Atlanta Journal-Constitution   \u201cAshley Elston son derece karma\u015f\u0131k bir olay \u00f6rg\u00fcs\u00fcn\u00fc, hayat\u0131 boyunca psikolojik gerilim yazm\u0131\u015f birinin \u00f6zg\u00fcveniyle ele al\u0131yor&#8230; Reese Witherspoon&#8217;un \u0130lk Yalan Kazan\u0131r&#8217;\u0131 bu ayki kitap kul\u00fcb\u00fc se\u00e7kisine eklemesine \u015fa\u015fmamal\u0131.\u201d   \u2014Sunday Times (Londra)   \u201c\u015eimdiye kadar okudu\u011fum en iyi gerilim romanlar\u0131ndan biri&#8230; \u0130nan\u0131lmaz.\u201d   \u2014Jesse Watters   \u201cS\u00fcr\u00fckleyici!\u201d   \u2014Lucy Foley  \u201cKemerlerinizi ba\u011flay\u0131n. \u0130lk Yalan Kazan\u0131r, son y\u0131llarda okudu\u011fum en iyi ka\u00e7ma-kovalama gerilimi ve bu \u00e7\u0131lg\u0131n yolculuk gerilimin yan\u0131 s\u0131ra bir\u00e7ok duyguyu da beraberinde getiriyor. H\u00e2l\u00e2 nefesim kesiliyor.\u201d   \u2014Lisa Gardner   \u201cNe numaralarla dolu ama! \u0130lk Yalan Kazan\u0131r, bir g\u00f6lge oyunu gibi ak\u0131p gidiyor: Tam ne g\u00f6rd\u00fc\u011f\u00fcn\u00fcz\u00fc anlad\u0131\u011f\u0131n\u0131z\u0131 d\u00fc\u015f\u00fcnd\u00fc\u011f\u00fcn\u00fcz anda \u015fekiller de\u011fi\u015fiyor, sahne ge\u00e7iyor ve \u2013durun\u2013 belki de az \u00f6nce olay\u0131 yanl\u0131\u015f anlad\u0131n\u0131z? Haval\u0131, zekice ve son derece e\u011flenceli, bug\u00fcnlerde \u00e7ok az yazar\u0131n denemeye cesaret edebildi\u011fi t\u00fcrden de\u011fi\u015fken ve riskli bir gerilim. L\u00fctfen al\u0131n. Bu iyi bir kitap.\u201d   \u2014A.J. Finn    \u201c\u0130lk Yalan Kazan\u0131r, kimli\u011fi ve a\u015fk\u0131, ger\u00e7e\u011fi ve yalan\u0131 zekice irdeleyen, \u00e7\u0131tay\u0131 y\u00fckselten bir gerilim roman\u0131. Zeki ve kurnaz, h\u0131zl\u0131 tempolu ve \u015fa\u015f\u0131rtmacalarla dolu olan bu kitap, ilk sayfas\u0131ndan son sayfas\u0131na kadar bana so\u011fuk terler d\u00f6kt\u00fcrd\u00fc. Ashley Elston ger\u00e7ekten \u00f6ng\u00f6r\u00fclemez, unutulmaz bir hik\u00e2ye yaratm\u0131\u015f. Bay\u0131ld\u0131m!\u201d   \u2014Megan Miranda  \u201cAshley Elston&#8217;\u0131n ustal\u0131kla kurgulanm\u0131\u015f bu gerilim roman\u0131nda kime g\u00fcvenece\u011finizi bilemiyorsunuz. \u0130lk Yalan Kazan\u0131r, s\u00fcr\u00fckleyici oldu\u011fu kadar duygusal da olan, soluk solu\u011fa okuyaca\u011f\u0131n\u0131z bir kitap. Her kelimesine bay\u0131ld\u0131m!\u201d   \u2014Mary Kubica   \u201cElinizden b\u0131rakman\u0131n imk\u00e2ns\u0131z oldu\u011fu, gerilim dolu ve s\u00fcr\u00fckleyici bir roman! \u0130lk Yalan Kazan\u0131r, dolamba\u00e7l\u0131 anlat\u0131m\u0131yla ve zengin bir \u015fekilde \u00e7izilmi\u015f karakterleriyle beni b\u00fcy\u00fcledi.\u201d   \u2014Megan Shepherd  \u201cKa\u00e7an kim, kovalayan kim? K\u00f6t\u00fc adamlar bile onlar\u0131 desteklemekten kendinizi alamayaca\u011f\u0131n\u0131z kadar sevimli oldu\u011funda bunu bilmek pek kolay de\u011fil. Zekice, dolamba\u00e7l\u0131 ve gerilim dolu \u0130lk Yalan Kazan\u0131r, tatmin edici sona eri\u015fene kadar beni diken \u00fcst\u00fcnde tuttu.\u201d   \u2014Diane Chamberlain  \u201cZekice, ilgi \u00e7ekici ve elinizden b\u0131rakamayaca\u011f\u0131n\u0131z bir roman. Elston, okurlar\u0131 \u015fa\u015fk\u0131nl\u0131ktan nefes nefese b\u0131rakacak, koltuklar\u0131na g\u00f6m\u00fclmelerine ve daha fazlas\u0131n\u0131 beklemelerine neden olan ters k\u00f6\u015feleri ustal\u0131kla kaleme alm\u0131\u015f. Romantik \u00f6\u011feler i\u00e7eren zekice bir gerilim roman\u0131&#8230; Kitap bittikten sonra da hik\u00e2ye okurun akl\u0131ndan \u00e7\u0131kmayacak.\u201d   \u2014Alyssa Cole    \u201cOla\u011fan\u00fcst\u00fc! \u0130lk Yalan Kazan\u0131r&#8217;\u0131n derinden \u00f6r\u00fclm\u00fc\u015f karakterleri beni ilk sayfadan itibaren i\u00e7ine \u00e7ekti ve sonra b\u00fcy\u00fcleyici bir yolculu\u011fa \u00e7\u0131kard\u0131. Ashley Elston ustaca, unutulmaz bir ka\u00e7ma-kovalama gerilimi yaratm\u0131\u015f!\u201d   \u2014Wendy Walker    \u201cS\u00fcr\u00fckleyici, m\u00fckemmel bir gerilim roman\u0131.\u201d   \u2014Cesca Major   \u201c\u015ea\u015f\u0131rt\u0131c\u0131 derecede duygusal, zekice yaz\u0131lm\u0131\u015f, dolamba\u00e7l\u0131 bir gerilim. \u0130lk Yalan Kazan\u0131r bir oturu\u015fta okunmak i\u00e7in yalvaran t\u00fcrden bir kitap.\u201d   \u2014Kara Thomas  \u201cElston&#8217;\u0131n ustal\u0131kla haz\u0131rlad\u0131\u011f\u0131 bulmacay\u0131 bir araya getirmeye \u00e7al\u0131\u015f\u0131rken zaman \u00e7izelgeleri, kimlikler ve g\u00fcd\u00fcler aras\u0131nda ge\u00e7en bu heyecanl\u0131 yolculukta kimseye g\u00fcvenmemeye haz\u0131r olun.   \u2014Ashley Winstead   \u201cZekice kurgulanm\u0131\u015f&#8230; Elston bolca gerilim yarat\u0131yor ve tatmin edici, y\u0131lan gibi dolamba\u00e7l\u0131 ters k\u00f6\u015feleriyle harika bir final sunuyor. Bu, Elston&#8217;dan daha iyi \u015feyler gelece\u011finin vaadini veriyor.\u201d   \u2014Publishers Weekly    \u201cLucca&#8217;n\u0131n ortaya \u00e7\u0131k\u0131\u015f\u0131ndan son hesapla\u015fmalara kadar entrika ve ivme ile dolu, zekice yaz\u0131lm\u0131\u015f bir gerilim&#8230; Evie zeki ve ilgi \u00e7ekici bir ba\u015fkahraman ve firari oldu\u011fu s\u00fcre boyunca yapt\u0131klar\u0131 tahmin edilebilir olmaktan \u00e7ok uzak.\u201d   \u2014Kirkus   \u201cBu roman\u0131 ger\u00e7ekten \u00e7ok be\u011fendim; beklenmedik ve zeki bir ana karaktere sahip.\u201d    \u2014Harriet Tyce  \u201cKesinlikle harika. Kitab\u0131 yalay\u0131p yuttum.\u201d    \u2014Heidi Perks  \u201cZekice, orijinal ve ilgi \u00e7ekici bir kitap.\u201d   \u2014Rachel Abbott    \u201c\u00c7\u0131lg\u0131nca yarat\u0131c\u0131, \u015feytani denebilecek kadar zekice&#8230; Ashley Elston, titizlikle kurgulanm\u0131\u015f detaylarla ve sizi yiyip bitirecek risklerle dolu, ayn\u0131 zamanda da \u015fimdiye kadar kar\u015f\u0131la\u015ft\u0131\u011f\u0131m en sempatik, ahlaki a\u00e7\u0131dan gri karakterlerden birini sunuyor. \u0130lk Yalan Kazan\u0131r&#8217;\u0131 bir solukta okudum ve art\u0131k \u00f6m\u00fcr boyu Ashley Elston hayran\u0131y\u0131m.\u201d   \u2014Julie Clark  <\/p>\n","protected":false},"excerpt":{"rendered":"<p>Bir partide bir yabanc\u0131yla tan\u0131\u015ft\u0131n. Sana benziyor. Hatta senin ad\u0131n\u0131 ta\u015f\u0131yor. Ama o bir yabanc\u0131 de\u011fil. O bir uyar\u0131. Evie Porter, bir k\u0131z\u0131n isteyebilece\u011fi her \u015feye<span class=\"excerpt-hellip\"> [\u2026]<\/span><\/p>\n","protected":false},"featured_media":0,"template":"","meta":{"_monsterinsights_skip_tracking":false,"_monsterinsights_sitenote_active":false,"_monsterinsights_sitenote_note":"","_monsterinsights_sitenote_category":0},"product_brand":[],"product_cat":[12291,17033],"product_tag":[],"class_list":{"0":"post-765843","1":"product","2":"type-product","3":"status-publish","5":"product_cat-edebiyat","6":"product_cat-korku-gerilim","7":"pa_cilt-ciltsiz","8":"pa_tur-kitap","9":"pa_yayinevi-yabanci-yayinevi","10":"pa_yazar-ashley-elston","12":"first","13":"instock","14":"sale","15":"shipping-taxable","16":"purchasable","17":"product-type-simple"},"_links":{"self":[{"href":"https:\/\/roveyayinevi.com.tr\/index.php\/wp-json\/wp\/v2\/product\/765843","targetHints":{"allow":["GET"]}}],"collection":[{"href":"https:\/\/roveyayinevi.com.tr\/index.php\/wp-json\/wp\/v2\/product"}],"about":[{"href":"https:\/\/roveyayinevi.com.tr\/index.php\/wp-json\/wp\/v2\/types\/product"}],"wp:attachment":[{"href":"https:\/\/roveyayinevi.com.tr\/index.php\/wp-json\/wp\/v2\/media?parent=765843"}],"wp:term":[{"taxonomy":"product_brand","embeddable":true,"href":"https:\/\/roveyayinevi.com.tr\/index.php\/wp-json\/wp\/v2\/product_brand?post=765843"},{"taxonomy":"product_cat","embeddable":true,"href":"https:\/\/roveyayinevi.com.tr\/index.php\/wp-json\/wp\/v2\/product_cat?post=765843"},{"taxonomy":"product_tag","embeddable":true,"href":"https:\/\/roveyayinevi.com.tr\/index.php\/wp-json\/wp\/v2\/product_tag?post=765843"}],"curies":[{"name":"wp","href":"https:\/\/api.w.org\/{rel}","templated":true}]}}