{"id":765842,"date":"2025-08-28T11:54:20","date_gmt":"2025-08-28T08:54:20","guid":{"rendered":"https:\/\/roveyayinevi.com.tr\/index.php\/urun\/roka-ve-koko-kardes-geliyor\/"},"modified":"2025-12-30T11:32:04","modified_gmt":"2025-12-30T08:32:04","slug":"roka-ve-koko-kardes-geliyor","status":"publish","type":"product","link":"https:\/\/roveyayinevi.com.tr\/index.php\/urun\/roka-ve-koko-kardes-geliyor\/","title":{"rendered":"Roka Ve Koko &#8211; Karde\u015f Geliyor"},"content":{"rendered":"<p>Roka ve Koko, annelerini son g\u00fcnlerde pek iyi g\u00f6rm\u00fcyordu. Sorununun ne oldu\u011funu bulmak ve onu ne\u015felendirmek i\u00e7in patilerinden geleni yapmaya kararl\u0131lard\u0131. Ama hik\u00e2yenin sonunda onlar\u0131 b\u00fcy\u00fck bir s\u00fcrpriz bekliyordu<\/p>\n","protected":false},"excerpt":{"rendered":"<p>Roka ve Koko, annelerini son g\u00fcnlerde pek iyi g\u00f6rm\u00fcyordu. Sorununun ne oldu\u011funu bulmak ve onu ne\u015felendirmek i\u00e7in patilerinden geleni yapmaya kararl\u0131lard\u0131. Ama hik\u00e2yenin sonunda onlar\u0131 b\u00fcy\u00fck<span class=\"excerpt-hellip\"> [\u2026]<\/span><\/p>\n","protected":false},"featured_media":0,"template":"","meta":{"_monsterinsights_skip_tracking":false,"_monsterinsights_sitenote_active":false,"_monsterinsights_sitenote_note":"","_monsterinsights_sitenote_category":0},"product_brand":[],"product_cat":[12274,12518],"product_tag":[],"class_list":{"0":"post-765842","1":"product","2":"type-product","3":"status-publish","5":"product_cat-cocuk-ve-genclik-kitaplari","6":"product_cat-okul-oncesi-kitaplar","7":"pa_cilt-ciltsiz","8":"pa_tur-kitap","9":"pa_yayinevi-buyulu-fener-yayinlari","10":"pa_yazar-neslin-gizem-sahin","12":"first","13":"instock","14":"sale","15":"shipping-taxable","16":"purchasable","17":"product-type-simple"},"_links":{"self":[{"href":"https:\/\/roveyayinevi.com.tr\/index.php\/wp-json\/wp\/v2\/product\/765842","targetHints":{"allow":["GET"]}}],"collection":[{"href":"https:\/\/roveyayinevi.com.tr\/index.php\/wp-json\/wp\/v2\/product"}],"about":[{"href":"https:\/\/roveyayinevi.com.tr\/index.php\/wp-json\/wp\/v2\/types\/product"}],"wp:attachment":[{"href":"https:\/\/roveyayinevi.com.tr\/index.php\/wp-json\/wp\/v2\/media?parent=765842"}],"wp:term":[{"taxonomy":"product_brand","embeddable":true,"href":"https:\/\/roveyayinevi.com.tr\/index.php\/wp-json\/wp\/v2\/product_brand?post=765842"},{"taxonomy":"product_cat","embeddable":true,"href":"https:\/\/roveyayinevi.com.tr\/index.php\/wp-json\/wp\/v2\/product_cat?post=765842"},{"taxonomy":"product_tag","embeddable":true,"href":"https:\/\/roveyayinevi.com.tr\/index.php\/wp-json\/wp\/v2\/product_tag?post=765842"}],"curies":[{"name":"wp","href":"https:\/\/api.w.org\/{rel}","templated":true}]}}