{"id":765839,"date":"2025-08-28T11:54:14","date_gmt":"2025-08-28T08:54:14","guid":{"rendered":"https:\/\/roveyayinevi.com.tr\/index.php\/urun\/gercek-cinayet-hikayeleri\/"},"modified":"2026-04-15T03:31:37","modified_gmt":"2026-04-15T00:31:37","slug":"gercek-cinayet-hikayeleri","status":"publish","type":"product","link":"https:\/\/roveyayinevi.com.tr\/index.php\/urun\/gercek-cinayet-hikayeleri\/","title":{"rendered":"Ger\u00e7ek Cinayet Hikayeleri"},"content":{"rendered":"<p>\u201c14 Aral\u0131k 1650. Oxford\u2019da so\u011fuk bir g\u00fcn. Bebe\u011fini \u00f6ld\u00fcrmekle su\u00e7lanan Anne Greene, dara\u011fac\u0131n\u0131n yolunu tutmu\u015ftu. \u0130lmek boynuna ge\u00e7irildi ve as\u0131ld\u0131. Yar\u0131m saat as\u0131l\u0131 kald\u0131. G\u00f6revlilerden biri, \u00f6ld\u00fc\u011f\u00fcnden emin olmak i\u00e7in silah\u0131n\u0131n dip\u00e7i\u011fiyle son bir kez Greene\u2019nin g\u00f6\u011fs\u00fcne vurdu. Art\u0131k eminlerdi. Hen\u00fcz yirmi iki ya\u015f\u0131ndaki gen\u00e7 kad\u0131n \u00f6lm\u00fc\u015ft\u00fc. Cesedi indirildi, tabuta koyuldu ve anatomik olarak incelenmesi i\u00e7in Doktor William Petty\u2019nin evine g\u00f6t\u00fcr\u00fcld\u00fc. Krallar\u0131n \u00e7\u0131kard\u0131\u011f\u0131 kararlarla su\u00e7lular\u0131n cesetleri doktorlara veriliyordu ancak mahk\u00fbmlar genellikle erkek oldu\u011fu i\u00e7in kad\u0131n bedenine ula\u015fmak nispeten zordu. Hem b\u00f6yle bir f\u0131rsat ellerine ge\u00e7ti\u011fi i\u00e7in hem de ceset olduk\u00e7a taze oldu\u011fundan doktorlar heyecanl\u0131yd\u0131. Tabutu yava\u015f yava\u015f a\u00e7t\u0131lar. Ancak hi\u00e7 ummad\u0131klar\u0131 bir \u015feyle kar\u015f\u0131la\u015ft\u0131lar\u2026\u201d  Bu kitapta okuyaca\u011f\u0131n\u0131z di\u011fer hik\u00e2yeleri g\u00f6z \u00f6n\u00fcne al\u0131nca, Anne Greene en \u015fansl\u0131lardan biri. \u00c7\u00fcnk\u00fc o sadece bir yar\u0131-ceset. Peki ya tabutu bo\u015falt\u0131lanlar, cans\u0131z bedeni \u00fc\u00e7 kuru\u015fa sat\u0131labilsin diye ceset h\u0131rs\u0131zlar\u0131n\u0131n eline d\u00fc\u015fenler, hatta cinayete kurban gidenler? Burak Saytekin, Ger\u00e7ek Cinayet Hik\u00e2yeleri\u2019nde bilimin karanl\u0131k d\u00fcnyas\u0131na s\u0131z\u0131p bizi bu yabanc\u0131 evrenin tekinsiz s\u0131rlar\u0131yla ba\u015f ba\u015fa b\u0131rak\u0131yor.<\/p>\n","protected":false},"excerpt":{"rendered":"<p>\u201c14 Aral\u0131k 1650. Oxford\u2019da so\u011fuk bir g\u00fcn. Bebe\u011fini \u00f6ld\u00fcrmekle su\u00e7lanan Anne Greene, dara\u011fac\u0131n\u0131n yolunu tutmu\u015ftu. \u0130lmek boynuna ge\u00e7irildi ve as\u0131ld\u0131. Yar\u0131m saat as\u0131l\u0131 kald\u0131. G\u00f6revlilerden biri,<span class=\"excerpt-hellip\"> [\u2026]<\/span><\/p>\n","protected":false},"featured_media":0,"template":"","meta":{"_monsterinsights_skip_tracking":false,"_monsterinsights_sitenote_active":false,"_monsterinsights_sitenote_note":"","_monsterinsights_sitenote_category":0},"product_brand":[],"product_cat":[12370,12304],"product_tag":[],"class_list":{"0":"post-765839","1":"product","2":"type-product","3":"status-publish","5":"product_cat-arastirma-inceleme","6":"product_cat-tarih","7":"pa_cilt-ciltsiz","8":"pa_tur-kitap","9":"pa_yayinevi-epsilon-yayinlari","10":"pa_yazar-burak-saytekin","12":"first","13":"instock","14":"sale","15":"shipping-taxable","16":"purchasable","17":"product-type-simple"},"_links":{"self":[{"href":"https:\/\/roveyayinevi.com.tr\/index.php\/wp-json\/wp\/v2\/product\/765839","targetHints":{"allow":["GET"]}}],"collection":[{"href":"https:\/\/roveyayinevi.com.tr\/index.php\/wp-json\/wp\/v2\/product"}],"about":[{"href":"https:\/\/roveyayinevi.com.tr\/index.php\/wp-json\/wp\/v2\/types\/product"}],"wp:attachment":[{"href":"https:\/\/roveyayinevi.com.tr\/index.php\/wp-json\/wp\/v2\/media?parent=765839"}],"wp:term":[{"taxonomy":"product_brand","embeddable":true,"href":"https:\/\/roveyayinevi.com.tr\/index.php\/wp-json\/wp\/v2\/product_brand?post=765839"},{"taxonomy":"product_cat","embeddable":true,"href":"https:\/\/roveyayinevi.com.tr\/index.php\/wp-json\/wp\/v2\/product_cat?post=765839"},{"taxonomy":"product_tag","embeddable":true,"href":"https:\/\/roveyayinevi.com.tr\/index.php\/wp-json\/wp\/v2\/product_tag?post=765839"}],"curies":[{"name":"wp","href":"https:\/\/api.w.org\/{rel}","templated":true}]}}