{"id":765838,"date":"2025-08-28T11:54:12","date_gmt":"2025-08-28T08:54:12","guid":{"rendered":"https:\/\/roveyayinevi.com.tr\/index.php\/urun\/sen-ve-ben-3\/"},"modified":"2026-04-15T03:31:37","modified_gmt":"2026-04-15T00:31:37","slug":"sen-ve-ben-3","status":"publish","type":"product","link":"https:\/\/roveyayinevi.com.tr\/index.php\/urun\/sen-ve-ben-3\/","title":{"rendered":"Sen ve Ben"},"content":{"rendered":"<p>Sen: G\u00f6n\u00fcl ba\u011f\u0131mda bir g\u00fcl Ben: Hazan bah\u00e7ede b\u00fclb\u00fcl   Sen: Y\u00fcce da\u011flar maral\u0131 Ben: A\u015fk elinden yaral\u0131   Sen: G\u00fcl dal\u0131nda tomurcuk Ben: Sana aldanan \u00e7ocuk   Sen: \u00c7\u00f6l ortas\u0131ndaki su Ben: Sevenlerin korkusu   Sen: Kerem\u2019i yakan Asl\u0131 Ben: Ferhat misali yasl\u0131   Sen: A\u015fk deryas\u0131nda bir g\u00f6l Ben: Sevgine susam\u0131\u015f \u00e7\u00f6l   Sen: Benim damar\u0131mda kan Ben: Sevdanla yanan volkan   Sen: G\u00f6z p\u0131narlar\u0131mda sel Ben: K\u0131r\u0131k saz\u0131mda bam tel   Sen: G\u00fcller veren \u00e7i\u00e7ek\u00e7i Ben: A\u015fk isteyen dilenci   Sen: Sev ki beni g\u00fcleyim Ben: Sana mahk\u00fbm k\u00f6leyim. <\/p>\n","protected":false},"excerpt":{"rendered":"<p>Sen: G\u00f6n\u00fcl ba\u011f\u0131mda bir g\u00fcl Ben: Hazan bah\u00e7ede b\u00fclb\u00fcl Sen: Y\u00fcce da\u011flar maral\u0131 Ben: A\u015fk elinden yaral\u0131 Sen: G\u00fcl dal\u0131nda tomurcuk Ben: Sana aldanan \u00e7ocuk Sen:<span class=\"excerpt-hellip\"> [\u2026]<\/span><\/p>\n","protected":false},"featured_media":0,"template":"","meta":{"_monsterinsights_skip_tracking":false,"_monsterinsights_sitenote_active":false,"_monsterinsights_sitenote_note":"","_monsterinsights_sitenote_category":0},"product_brand":[],"product_cat":[12291,12509],"product_tag":[],"class_list":{"0":"post-765838","1":"product","2":"type-product","3":"status-publish","5":"product_cat-edebiyat","6":"product_cat-siir","7":"pa_cilt-ciltsiz","8":"pa_tur-kitap","9":"pa_yayinevi-gulnar-yayinlari","10":"pa_yazar-halil-manus","12":"first","13":"instock","14":"sale","15":"shipping-taxable","16":"purchasable","17":"product-type-simple"},"_links":{"self":[{"href":"https:\/\/roveyayinevi.com.tr\/index.php\/wp-json\/wp\/v2\/product\/765838","targetHints":{"allow":["GET"]}}],"collection":[{"href":"https:\/\/roveyayinevi.com.tr\/index.php\/wp-json\/wp\/v2\/product"}],"about":[{"href":"https:\/\/roveyayinevi.com.tr\/index.php\/wp-json\/wp\/v2\/types\/product"}],"wp:attachment":[{"href":"https:\/\/roveyayinevi.com.tr\/index.php\/wp-json\/wp\/v2\/media?parent=765838"}],"wp:term":[{"taxonomy":"product_brand","embeddable":true,"href":"https:\/\/roveyayinevi.com.tr\/index.php\/wp-json\/wp\/v2\/product_brand?post=765838"},{"taxonomy":"product_cat","embeddable":true,"href":"https:\/\/roveyayinevi.com.tr\/index.php\/wp-json\/wp\/v2\/product_cat?post=765838"},{"taxonomy":"product_tag","embeddable":true,"href":"https:\/\/roveyayinevi.com.tr\/index.php\/wp-json\/wp\/v2\/product_tag?post=765838"}],"curies":[{"name":"wp","href":"https:\/\/api.w.org\/{rel}","templated":true}]}}