{"id":765837,"date":"2025-08-28T11:54:10","date_gmt":"2025-08-28T08:54:10","guid":{"rendered":"https:\/\/roveyayinevi.com.tr\/index.php\/urun\/nasrettin-hocadan-oku-ogren-boya-eglen\/"},"modified":"2026-04-15T03:31:37","modified_gmt":"2026-04-15T00:31:37","slug":"nasrettin-hocadan-oku-ogren-boya-eglen","status":"publish","type":"product","link":"https:\/\/roveyayinevi.com.tr\/index.php\/urun\/nasrettin-hocadan-oku-ogren-boya-eglen\/","title":{"rendered":"Nasrettin Hoca\u2019dan Oku \u00d6\u011fren Boya E\u011flen"},"content":{"rendered":"<p>Sevgili \u00e7ocuklar; Bu kitapta 56 adet f\u0131kray\u0131 hece \u00f6l\u00e7\u00fcs\u00fcyle \u015fiirle\u015ftirerek, d\u00f6rtl\u00fckler halinde sunmaya \u00e7al\u0131\u015ft\u0131k. Her f\u0131kraya uygun resimler ekledik. Bu resimleri sizlerin boyamas\u0131n\u0131 arzulad\u0131k. Resimlerin g\u00f6rsel anla\u015f\u0131l\u0131rl\u0131\u011f\u0131 ile \u015fiirin b\u00fcy\u00fcl\u00fc anlat\u0131m g\u00fcc\u00fc, f\u0131kralar\u0131n mesaj\u0131n\u0131 daha da kolay anlaman\u0131z\u0131 sa\u011flayacak, f\u0131kra okumay\u0131 ve anlatmay\u0131 daha da sevdirecektir sizlere. Bu kitap, okumay\u0131 seven, \u00f6\u011frenmeyi isteyen, g\u00fclmeye ihtiyac\u0131 olan herkese hitap ediyor. \u0130yi okumalar hepinize. <\/p>\n","protected":false},"excerpt":{"rendered":"<p>Sevgili \u00e7ocuklar; Bu kitapta 56 adet f\u0131kray\u0131 hece \u00f6l\u00e7\u00fcs\u00fcyle \u015fiirle\u015ftirerek, d\u00f6rtl\u00fckler halinde sunmaya \u00e7al\u0131\u015ft\u0131k. Her f\u0131kraya uygun resimler ekledik. Bu resimleri sizlerin boyamas\u0131n\u0131 arzulad\u0131k. Resimlerin g\u00f6rsel<span class=\"excerpt-hellip\"> [\u2026]<\/span><\/p>\n","protected":false},"featured_media":0,"template":"","meta":{"_monsterinsights_skip_tracking":false,"_monsterinsights_sitenote_active":false,"_monsterinsights_sitenote_note":"","_monsterinsights_sitenote_category":0},"product_brand":[],"product_cat":[12644,12274],"product_tag":[],"class_list":{"0":"post-765837","1":"product","2":"type-product","3":"status-publish","5":"product_cat-boyama-kitaplari","6":"product_cat-cocuk-ve-genclik-kitaplari","7":"pa_cilt-ciltsiz","8":"pa_tur-kitap","9":"pa_yayinevi-gulnar-yayinlari","10":"pa_yazar-halil-manus","12":"first","13":"instock","14":"sale","15":"shipping-taxable","16":"purchasable","17":"product-type-simple"},"_links":{"self":[{"href":"https:\/\/roveyayinevi.com.tr\/index.php\/wp-json\/wp\/v2\/product\/765837","targetHints":{"allow":["GET"]}}],"collection":[{"href":"https:\/\/roveyayinevi.com.tr\/index.php\/wp-json\/wp\/v2\/product"}],"about":[{"href":"https:\/\/roveyayinevi.com.tr\/index.php\/wp-json\/wp\/v2\/types\/product"}],"wp:attachment":[{"href":"https:\/\/roveyayinevi.com.tr\/index.php\/wp-json\/wp\/v2\/media?parent=765837"}],"wp:term":[{"taxonomy":"product_brand","embeddable":true,"href":"https:\/\/roveyayinevi.com.tr\/index.php\/wp-json\/wp\/v2\/product_brand?post=765837"},{"taxonomy":"product_cat","embeddable":true,"href":"https:\/\/roveyayinevi.com.tr\/index.php\/wp-json\/wp\/v2\/product_cat?post=765837"},{"taxonomy":"product_tag","embeddable":true,"href":"https:\/\/roveyayinevi.com.tr\/index.php\/wp-json\/wp\/v2\/product_tag?post=765837"}],"curies":[{"name":"wp","href":"https:\/\/api.w.org\/{rel}","templated":true}]}}