{"id":765832,"date":"2025-08-28T11:53:58","date_gmt":"2025-08-28T08:53:58","guid":{"rendered":"https:\/\/roveyayinevi.com.tr\/index.php\/urun\/muntehir\/"},"modified":"2026-04-15T03:31:37","modified_gmt":"2026-04-15T00:31:37","slug":"muntehir","status":"publish","type":"product","link":"https:\/\/roveyayinevi.com.tr\/index.php\/urun\/muntehir\/","title":{"rendered":"M\u00fcntehir"},"content":{"rendered":"<p>Canip Bey bir s\u00fcre ayakkab\u0131lara bakt\u0131. \u201cKusursuz cinayet yoktur ama kusursuz intihar vard\u0131r ve bu kusursuz bir intihard\u0131r,\u201d dedi.Adnan \u0130slamo\u011fullar\u0131 M\u00fcntehir\u2019de polisiyenin s\u0131n\u0131rlar\u0131n\u0131 yeniden belirliyor. M\u00fcntehirden geriye kalan ve okurunu kendisine \u00e2\u015f\u0131k edebilecek kadar sanatk\u00e2rane bir metni aras\u0131nda saklayan deftere yaln\u0131zca bir \u00fcst kurmaca vazifesi y\u00fcklemiyor, ayn\u0131 zamanda b\u00f6ylesine sanatk\u00e2rane bir metnin modern bir kurmacay\u0131 nas\u0131l s\u0131rtlan\u0131p da ta\u015f\u0131yabilece\u011finin dersini veriyor. Bu, belki de iki yakan\u0131n bir araya gelmesi gibi.M\u00fcntehir, son y\u0131llarda \u201ce\u011flencelik\u201d, \u201cdinlencelik\u201d, \u201c\u00e7erezlik\u201d gibi kal\u0131plara s\u0131k\u0131\u015f\u0131p gitgide hor g\u00f6r\u00fclmeye ba\u015flanan polisiye t\u00fcr\u00fcn\u00fc okurun zihninde yeniden konumland\u0131racak b\u00fcy\u00fckl\u00fckte bir roman. Aperitif de\u011fil, hafif de\u011fil\u2026 \u201c\u00c7erezlik\u201d hi\u00e7 de\u011fil! \u0130\u015ftahla yenmeye lay\u0131k, ba\u015fl\u0131 ba\u015f\u0131na bir ana yemek.H\u00fclasa, M\u00fcntehir\u2019le birlikte polisiye art\u0131k bildi\u011fimiz polisiye de\u011fil\u2026<\/p>\n","protected":false},"excerpt":{"rendered":"<p>Canip Bey bir s\u00fcre ayakkab\u0131lara bakt\u0131. \u201cKusursuz cinayet yoktur ama kusursuz intihar vard\u0131r ve bu kusursuz bir intihard\u0131r,\u201d dedi.Adnan \u0130slamo\u011fullar\u0131 M\u00fcntehir\u2019de polisiyenin s\u0131n\u0131rlar\u0131n\u0131 yeniden belirliyor. M\u00fcntehirden<span class=\"excerpt-hellip\"> [\u2026]<\/span><\/p>\n","protected":false},"featured_media":0,"template":"","meta":{"_monsterinsights_skip_tracking":false,"_monsterinsights_sitenote_active":false,"_monsterinsights_sitenote_note":"","_monsterinsights_sitenote_category":0},"product_brand":[],"product_cat":[12291,12711],"product_tag":[],"class_list":{"0":"post-765832","1":"product","2":"type-product","3":"status-publish","5":"product_cat-edebiyat","6":"product_cat-roman-oyku","7":"pa_cilt-ciltsiz","8":"pa_tur-kitap","9":"pa_yayinevi-otuken-nesriyat","10":"pa_yazar-adnan-islamogullari","12":"first","13":"instock","14":"sale","15":"shipping-taxable","16":"purchasable","17":"product-type-simple"},"_links":{"self":[{"href":"https:\/\/roveyayinevi.com.tr\/index.php\/wp-json\/wp\/v2\/product\/765832","targetHints":{"allow":["GET"]}}],"collection":[{"href":"https:\/\/roveyayinevi.com.tr\/index.php\/wp-json\/wp\/v2\/product"}],"about":[{"href":"https:\/\/roveyayinevi.com.tr\/index.php\/wp-json\/wp\/v2\/types\/product"}],"wp:attachment":[{"href":"https:\/\/roveyayinevi.com.tr\/index.php\/wp-json\/wp\/v2\/media?parent=765832"}],"wp:term":[{"taxonomy":"product_brand","embeddable":true,"href":"https:\/\/roveyayinevi.com.tr\/index.php\/wp-json\/wp\/v2\/product_brand?post=765832"},{"taxonomy":"product_cat","embeddable":true,"href":"https:\/\/roveyayinevi.com.tr\/index.php\/wp-json\/wp\/v2\/product_cat?post=765832"},{"taxonomy":"product_tag","embeddable":true,"href":"https:\/\/roveyayinevi.com.tr\/index.php\/wp-json\/wp\/v2\/product_tag?post=765832"}],"curies":[{"name":"wp","href":"https:\/\/api.w.org\/{rel}","templated":true}]}}