{"id":765831,"date":"2025-08-28T11:53:56","date_gmt":"2025-08-28T08:53:56","guid":{"rendered":"https:\/\/roveyayinevi.com.tr\/index.php\/urun\/hayir-2\/"},"modified":"2026-04-15T03:31:36","modified_gmt":"2026-04-15T00:31:36","slug":"hayir-2","status":"publish","type":"product","link":"https:\/\/roveyayinevi.com.tr\/index.php\/urun\/hayir-2\/","title":{"rendered":"Hay\u0131r&#8230;"},"content":{"rendered":"<p>Adalet A\u011fao\u011flu, ele\u015ftirel ger\u00e7ek\u00e7ili\u011fi ve insan ruhunu derinlemesine analiz eden psikolojik \u00e7\u00f6z\u00fcmlemeleriyle modern T\u00fcrk edebiyat\u0131n\u0131n en g\u00fc\u00e7l\u00fc kalemlerinden biridir. \u201cDar Zamanlar\u201d serisinin \u00fc\u00e7\u00fcnc\u00fc kitab\u0131 olarak yay\u0131mlanan Hay\u0131r\u2026 (1987), T\u00fcrkiye\u2019nin 1980 darbesi sonras\u0131    d\u00f6nemde    ya\u015fad\u0131\u011f\u0131    sanc\u0131lar\u0131, bireylerin hayat\u0131nda a\u00e7\u0131lan derin yaralar \u00fczerinden g\u00f6zler \u00f6n\u00fcne serer. A\u011fao\u011flu bu romanda, i\u00e7sel  \u00e7at\u0131\u015fmalar\u0131,  ge\u00e7mi\u015fle hesapla\u015fmalar\u0131 ve varolu\u015fsal krizleri etkileyici bir dille anlat\u0131rken \u201chay\u0131r\u201d demenin getirdi\u011fi sorumluluk ve sonu\u00e7lar \u00fczerine de d\u00fc\u015f\u00fcnd\u00fcr\u00fcr. Toplumsal vicdan\u0131n aynas\u0131 olan bu eser, de\u011fi\u015fen T\u00fcrkiye\u2019de de\u011fi\u015fmeyen insanl\u0131k h\u00e2llerini \u00f6ne \u00e7\u0131karmaktad\u0131r. <\/p>\n","protected":false},"excerpt":{"rendered":"<p>Adalet A\u011fao\u011flu, ele\u015ftirel ger\u00e7ek\u00e7ili\u011fi ve insan ruhunu derinlemesine analiz eden psikolojik \u00e7\u00f6z\u00fcmlemeleriyle modern T\u00fcrk edebiyat\u0131n\u0131n en g\u00fc\u00e7l\u00fc kalemlerinden biridir. \u201cDar Zamanlar\u201d serisinin \u00fc\u00e7\u00fcnc\u00fc kitab\u0131 olarak yay\u0131mlanan<span class=\"excerpt-hellip\"> [\u2026]<\/span><\/p>\n","protected":false},"featured_media":0,"template":"","meta":{"_monsterinsights_skip_tracking":false,"_monsterinsights_sitenote_active":false,"_monsterinsights_sitenote_note":"","_monsterinsights_sitenote_category":0},"product_brand":[],"product_cat":[12291,12711],"product_tag":[],"class_list":{"0":"post-765831","1":"product","2":"type-product","3":"status-publish","5":"product_cat-edebiyat","6":"product_cat-roman-oyku","7":"pa_cilt-ciltsiz","8":"pa_tur-kitap","9":"pa_yayinevi-bogazici-universitesi-yayinevi","10":"pa_yazar-adalet-agaoglu","12":"first","13":"instock","14":"sale","15":"shipping-taxable","16":"purchasable","17":"product-type-simple"},"_links":{"self":[{"href":"https:\/\/roveyayinevi.com.tr\/index.php\/wp-json\/wp\/v2\/product\/765831","targetHints":{"allow":["GET"]}}],"collection":[{"href":"https:\/\/roveyayinevi.com.tr\/index.php\/wp-json\/wp\/v2\/product"}],"about":[{"href":"https:\/\/roveyayinevi.com.tr\/index.php\/wp-json\/wp\/v2\/types\/product"}],"wp:attachment":[{"href":"https:\/\/roveyayinevi.com.tr\/index.php\/wp-json\/wp\/v2\/media?parent=765831"}],"wp:term":[{"taxonomy":"product_brand","embeddable":true,"href":"https:\/\/roveyayinevi.com.tr\/index.php\/wp-json\/wp\/v2\/product_brand?post=765831"},{"taxonomy":"product_cat","embeddable":true,"href":"https:\/\/roveyayinevi.com.tr\/index.php\/wp-json\/wp\/v2\/product_cat?post=765831"},{"taxonomy":"product_tag","embeddable":true,"href":"https:\/\/roveyayinevi.com.tr\/index.php\/wp-json\/wp\/v2\/product_tag?post=765831"}],"curies":[{"name":"wp","href":"https:\/\/api.w.org\/{rel}","templated":true}]}}