{"id":765829,"date":"2025-08-28T11:53:01","date_gmt":"2025-08-28T08:53:01","guid":{"rendered":"https:\/\/roveyayinevi.com.tr\/index.php\/urun\/teknik-analizde-fiyatin-dili-mumlar-ve-mum-formasyonlari\/"},"modified":"2026-04-15T03:31:36","modified_gmt":"2026-04-15T00:31:36","slug":"teknik-analizde-fiyatin-dili-mumlar-ve-mum-formasyonlari","status":"publish","type":"product","link":"https:\/\/roveyayinevi.com.tr\/index.php\/urun\/teknik-analizde-fiyatin-dili-mumlar-ve-mum-formasyonlari\/","title":{"rendered":"Teknik Analizde Fiyat\u0131n Dili: Mumlar ve Mum Formasyonlar\u0131"},"content":{"rendered":"<p>Teknik analizde e\u011fer fiyat\u0131n bir dili olsayd\u0131, bu dil hi\u00e7 \u015f\u00fcphesiz mum grafikleriyle konu\u015fulurdu. Bu kitapla birlikte finansal piyasalarda fiyat\u0131n konu\u015ftu\u011fu dili, mumlar\u0131 ve mum formasyonlar\u0131n\u0131 anlayacak, onlar\u0131 kullanarak do\u011fru stratejiler geli\u015ftirecek ve finansal okur-yazarl\u0131\u011f\u0131n\u0131z\u0131 bir ad\u0131m daha ileriye ta\u015f\u0131yacaks\u0131n\u0131z. 15 \u00d6rnekle Ad\u0131m Ad\u0131m A\u00e7\u0131klamal\u0131 Teknik Analiz kitab\u0131n\u0131n yazar\u0131 \u0130brahim Babada\u011f\u0131, bu kez teknik analizde mum grafiklerinin \u00f6nemini kapsaml\u0131 bir \u015fekilde ele al\u0131yor. Ge\u00e7mi\u015f verilerin yorumlanmas\u0131ndan gelecekteki fiyat hareketlerini \u00f6ng\u00f6rmeye kadar, her yat\u0131r\u0131mc\u0131n\u0131n ihtiya\u00e7 duydu\u011fu bilgi ve becerileri okurlar\u0131 i\u00e7in ad\u0131m ad\u0131m a\u00e7\u0131kl\u0131yor. Piyasalar\u0131n kap\u0131s\u0131n\u0131 sizin i\u00e7in aralayacak olan Teknik Analizde Fiyat\u0131n Dili ger\u00e7ek piyasa \u00f6rnekleriyle \u015fu konular\u0131 ele al\u0131yor: Mum grafikleri nedir, ne anlat\u0131r, nas\u0131l kullan\u0131l\u0131r?Mum formasyonlar\u0131 nas\u0131l olu\u015fur? Anlamlar\u0131 nelerdir?Fiyat hareketleri mumlarla nas\u0131l analiz edilir?Fiyat\u0131n ve grafiklerin dili nas\u0131l anla\u015f\u0131l\u0131r? Hem trading d\u00fcnyas\u0131yla yeni tan\u0131\u015fm\u0131\u015f ki\u015filer i\u00e7in hem de deneyimli trader ve yat\u0131r\u0131mc\u0131lar i\u00e7in e\u015fsiz bir bak\u0131\u015f a\u00e7\u0131s\u0131 sunan bu kitap, yat\u0131r\u0131mc\u0131lar\u0131n do\u011fru stratejilerle daha bilin\u00e7li kararlar vererek sahip olduklar\u0131 serveti art\u0131rmalar\u0131na yard\u0131mc\u0131 olacak. Teknik Analizde Fiyat\u0131n Dili sayesinde yaln\u0131zca fiyatlar\u0131 okumay\u0131 de\u011fil, piyasan\u0131n karma\u015f\u0131k dilini nas\u0131l \u00e7\u00f6zece\u011finizi ve ona g\u00f6re nas\u0131l pozisyon alaca\u011f\u0131n\u0131z\u0131 da \u00f6\u011freneceksiniz.<\/p>\n","protected":false},"excerpt":{"rendered":"<p>Teknik analizde e\u011fer fiyat\u0131n bir dili olsayd\u0131, bu dil hi\u00e7 \u015f\u00fcphesiz mum grafikleriyle konu\u015fulurdu. Bu kitapla birlikte finansal piyasalarda fiyat\u0131n konu\u015ftu\u011fu dili, mumlar\u0131 ve mum formasyonlar\u0131n\u0131<span class=\"excerpt-hellip\"> [\u2026]<\/span><\/p>\n","protected":false},"featured_media":0,"template":"","meta":{"_monsterinsights_skip_tracking":false,"_monsterinsights_sitenote_active":false,"_monsterinsights_sitenote_note":"","_monsterinsights_sitenote_category":0},"product_brand":[],"product_cat":[13043,17647],"product_tag":[],"class_list":{"0":"post-765829","1":"product","2":"type-product","3":"status-publish","5":"product_cat-ekonomi","6":"product_cat-is-dunyasi","7":"pa_cilt-ciltsiz","8":"pa_tur-kitap","9":"pa_yayinevi-epsilon-yayinlari","10":"pa_yazar-ibrahim-babadagi","12":"first","13":"instock","14":"sale","15":"shipping-taxable","16":"purchasable","17":"product-type-simple"},"_links":{"self":[{"href":"https:\/\/roveyayinevi.com.tr\/index.php\/wp-json\/wp\/v2\/product\/765829","targetHints":{"allow":["GET"]}}],"collection":[{"href":"https:\/\/roveyayinevi.com.tr\/index.php\/wp-json\/wp\/v2\/product"}],"about":[{"href":"https:\/\/roveyayinevi.com.tr\/index.php\/wp-json\/wp\/v2\/types\/product"}],"wp:attachment":[{"href":"https:\/\/roveyayinevi.com.tr\/index.php\/wp-json\/wp\/v2\/media?parent=765829"}],"wp:term":[{"taxonomy":"product_brand","embeddable":true,"href":"https:\/\/roveyayinevi.com.tr\/index.php\/wp-json\/wp\/v2\/product_brand?post=765829"},{"taxonomy":"product_cat","embeddable":true,"href":"https:\/\/roveyayinevi.com.tr\/index.php\/wp-json\/wp\/v2\/product_cat?post=765829"},{"taxonomy":"product_tag","embeddable":true,"href":"https:\/\/roveyayinevi.com.tr\/index.php\/wp-json\/wp\/v2\/product_tag?post=765829"}],"curies":[{"name":"wp","href":"https:\/\/api.w.org\/{rel}","templated":true}]}}