{"id":765828,"date":"2025-08-28T11:52:58","date_gmt":"2025-08-28T08:52:58","guid":{"rendered":"https:\/\/roveyayinevi.com.tr\/index.php\/urun\/goklerde-olay-var-olay-2\/"},"modified":"2026-04-15T03:31:36","modified_gmt":"2026-04-15T00:31:36","slug":"goklerde-olay-var-olay-2","status":"publish","type":"product","link":"https:\/\/roveyayinevi.com.tr\/index.php\/urun\/goklerde-olay-var-olay-2\/","title":{"rendered":"G\u00f6klerde Olay Var Olay &#8211; 2"},"content":{"rendered":"<p>Ba\u015f\u0131mda Ta\u00e7; Defne\u2019ye \u00e2\u015f\u0131k olan Tanr\u0131 Apollon\u2019un, Defne\u2019yi elde etmek i\u00e7in kovalamas\u0131n\u0131, onu istemeyen Defne\u2019nin tanr\u0131lara yalvarmas\u0131n\u0131 ve Defne\u2019nin bir defne a\u011fac\u0131na d\u00f6n\u00fc\u015fmesi s\u00fcrecinde ge\u00e7en olaylar\u0131 komedi bi\u00e7iminde ele alan bir eserdir.   \u201cG\u00f6klerde Olay Var Olay\u201d, Arkeolog Veysel Da\u011f\u2019\u0131n Antik \u00c7a\u011f mitolojisinden esinlenerek uyarlad\u0131\u011f\u0131 tiyatro oyunlar\u0131 dizisidir. Bu tiyatro oyunlar\u0131 dizisi kapsam\u0131nda; G\u00f6klerde Olay Var Olay-1: Bahar Getiren (Denizk\u0131z\u0131 Yay\u0131nlar\u0131-2024) ve G\u00f6klerde Olay Var Olay-2: Ba\u015f\u0131mda Ta\u00e7 (Denizk\u0131z\u0131 yay\u0131nlar\u0131-2024) adl\u0131 iki tiyatro oyunu yay\u0131mlanm\u0131\u015ft\u0131r. <\/p>\n","protected":false},"excerpt":{"rendered":"<p>Ba\u015f\u0131mda Ta\u00e7; Defne\u2019ye \u00e2\u015f\u0131k olan Tanr\u0131 Apollon\u2019un, Defne\u2019yi elde etmek i\u00e7in kovalamas\u0131n\u0131, onu istemeyen Defne\u2019nin tanr\u0131lara yalvarmas\u0131n\u0131 ve Defne\u2019nin bir defne a\u011fac\u0131na d\u00f6n\u00fc\u015fmesi s\u00fcrecinde ge\u00e7en olaylar\u0131<span class=\"excerpt-hellip\"> [\u2026]<\/span><\/p>\n","protected":false},"featured_media":0,"template":"","meta":{"_monsterinsights_skip_tracking":false,"_monsterinsights_sitenote_active":false,"_monsterinsights_sitenote_note":"","_monsterinsights_sitenote_category":0},"product_brand":[],"product_cat":[12291,14272],"product_tag":[],"class_list":{"0":"post-765828","1":"product","2":"type-product","3":"status-publish","5":"product_cat-edebiyat","6":"product_cat-tiyatro","7":"pa_cilt-ciltsiz","8":"pa_tur-kitap","9":"pa_yayinevi-denizkizi-yayinlari","10":"pa_yazar-veysel-dag","12":"first","13":"instock","14":"sale","15":"shipping-taxable","16":"purchasable","17":"product-type-simple"},"_links":{"self":[{"href":"https:\/\/roveyayinevi.com.tr\/index.php\/wp-json\/wp\/v2\/product\/765828","targetHints":{"allow":["GET"]}}],"collection":[{"href":"https:\/\/roveyayinevi.com.tr\/index.php\/wp-json\/wp\/v2\/product"}],"about":[{"href":"https:\/\/roveyayinevi.com.tr\/index.php\/wp-json\/wp\/v2\/types\/product"}],"wp:attachment":[{"href":"https:\/\/roveyayinevi.com.tr\/index.php\/wp-json\/wp\/v2\/media?parent=765828"}],"wp:term":[{"taxonomy":"product_brand","embeddable":true,"href":"https:\/\/roveyayinevi.com.tr\/index.php\/wp-json\/wp\/v2\/product_brand?post=765828"},{"taxonomy":"product_cat","embeddable":true,"href":"https:\/\/roveyayinevi.com.tr\/index.php\/wp-json\/wp\/v2\/product_cat?post=765828"},{"taxonomy":"product_tag","embeddable":true,"href":"https:\/\/roveyayinevi.com.tr\/index.php\/wp-json\/wp\/v2\/product_tag?post=765828"}],"curies":[{"name":"wp","href":"https:\/\/api.w.org\/{rel}","templated":true}]}}