{"id":765827,"date":"2025-08-28T11:52:56","date_gmt":"2025-08-28T08:52:56","guid":{"rendered":"https:\/\/roveyayinevi.com.tr\/index.php\/urun\/dert-dinleme-uzmani\/"},"modified":"2026-04-08T03:28:08","modified_gmt":"2026-04-08T00:28:08","slug":"dert-dinleme-uzmani","status":"publish","type":"product","link":"https:\/\/roveyayinevi.com.tr\/index.php\/urun\/dert-dinleme-uzmani\/","title":{"rendered":"Dert Dinleme Uzman\u0131"},"content":{"rendered":"<p>Adalet A\u011fao\u011flu, ele\u015ftirel ger\u00e7ek\u00e7ili\u011fi ve insan ruhunu derinlemesine analiz eden psikolojik \u00e7\u00f6z\u00fcmlemeleriyle modern T\u00fcrk Edebiyat\u0131n\u0131n en g\u00fc\u00e7l\u00fc kalemlerinden biridir. \u201cDar Zamanlar\u201d serisinin d\u00f6rd\u00fcnc\u00fc ve son kitab\u0131 olarak yay\u0131mlanan Dert Dinleme Uzman\u0131 (2014), ba\u015fkalar\u0131n\u0131n dertlerini dinleyen, dinlerken t\u00fckenen bir adam\u0131n g\u00f6z\u00fcnden bireyin kendi hayat\u0131yla ve \u00e7evresiyle ya\u015fad\u0131\u011f\u0131 \u00e7at\u0131\u015fmalar\u0131 incelikle ele al\u0131r. A\u011fao\u011flu bu  romanda,  toplumun  farkl\u0131  kesimlerinden insanlar\u0131n      g\u00f6r\u00fcnmeyen      yaralar\u0131n\u0131,      bast\u0131r\u0131lm\u0131\u015f duygular\u0131n\u0131 ve modern hayat\u0131n getirdi\u011fi yabanc\u0131la\u015fmay\u0131 g\u00f6zler \u00f6n\u00fcne serer. G\u00fcndelik hayat\u0131n s\u0131radan gibi g\u00f6r\u00fcnen ancak derin ac\u0131lar ta\u015f\u0131yan insan hik\u00e2yelerine odaklanan bu eser, dert dinlemenin sanata d\u00f6n\u00fc\u015fen h\u00e2llerini derinlikli bir dille i\u015fler. <\/p>\n","protected":false},"excerpt":{"rendered":"<p>Adalet A\u011fao\u011flu, ele\u015ftirel ger\u00e7ek\u00e7ili\u011fi ve insan ruhunu derinlemesine analiz eden psikolojik \u00e7\u00f6z\u00fcmlemeleriyle modern T\u00fcrk Edebiyat\u0131n\u0131n en g\u00fc\u00e7l\u00fc kalemlerinden biridir. \u201cDar Zamanlar\u201d serisinin d\u00f6rd\u00fcnc\u00fc ve son kitab\u0131<span class=\"excerpt-hellip\"> [\u2026]<\/span><\/p>\n","protected":false},"featured_media":0,"template":"","meta":{"_monsterinsights_skip_tracking":false,"_monsterinsights_sitenote_active":false,"_monsterinsights_sitenote_note":"","_monsterinsights_sitenote_category":0},"product_brand":[],"product_cat":[12291,12711],"product_tag":[],"class_list":{"0":"post-765827","1":"product","2":"type-product","3":"status-publish","5":"product_cat-edebiyat","6":"product_cat-roman-oyku","7":"pa_cilt-ciltsiz","8":"pa_tur-kitap","9":"pa_yayinevi-bogazici-universitesi-yayinevi","10":"pa_yazar-adalet-agaoglu","12":"first","13":"instock","14":"sale","15":"shipping-taxable","16":"purchasable","17":"product-type-simple"},"_links":{"self":[{"href":"https:\/\/roveyayinevi.com.tr\/index.php\/wp-json\/wp\/v2\/product\/765827","targetHints":{"allow":["GET"]}}],"collection":[{"href":"https:\/\/roveyayinevi.com.tr\/index.php\/wp-json\/wp\/v2\/product"}],"about":[{"href":"https:\/\/roveyayinevi.com.tr\/index.php\/wp-json\/wp\/v2\/types\/product"}],"wp:attachment":[{"href":"https:\/\/roveyayinevi.com.tr\/index.php\/wp-json\/wp\/v2\/media?parent=765827"}],"wp:term":[{"taxonomy":"product_brand","embeddable":true,"href":"https:\/\/roveyayinevi.com.tr\/index.php\/wp-json\/wp\/v2\/product_brand?post=765827"},{"taxonomy":"product_cat","embeddable":true,"href":"https:\/\/roveyayinevi.com.tr\/index.php\/wp-json\/wp\/v2\/product_cat?post=765827"},{"taxonomy":"product_tag","embeddable":true,"href":"https:\/\/roveyayinevi.com.tr\/index.php\/wp-json\/wp\/v2\/product_tag?post=765827"}],"curies":[{"name":"wp","href":"https:\/\/api.w.org\/{rel}","templated":true}]}}