{"id":765824,"date":"2025-08-28T11:52:50","date_gmt":"2025-08-28T08:52:50","guid":{"rendered":"https:\/\/roveyayinevi.com.tr\/index.php\/urun\/18-yuzyil-gazellerinde-sekil-hususiyetleri\/"},"modified":"2026-04-15T03:31:36","modified_gmt":"2026-04-15T00:31:36","slug":"18-yuzyil-gazellerinde-sekil-hususiyetleri","status":"publish","type":"product","link":"https:\/\/roveyayinevi.com.tr\/index.php\/urun\/18-yuzyil-gazellerinde-sekil-hususiyetleri\/","title":{"rendered":"18. Y\u00fczy\u0131l Gazellerinde \u015eekil Hususiyetleri"},"content":{"rendered":"<p>18. Y\u00fczy\u0131l Gazellerinde \u015eekil Hususiyetleri<\/p>\n","protected":false},"excerpt":{"rendered":"<p>18. Y\u00fczy\u0131l Gazellerinde \u015eekil Hususiyetleri<\/p>\n","protected":false},"featured_media":0,"template":"","meta":{"_monsterinsights_skip_tracking":false,"_monsterinsights_sitenote_active":false,"_monsterinsights_sitenote_note":"","_monsterinsights_sitenote_category":0},"product_brand":[],"product_cat":[12370,12304],"product_tag":[],"class_list":{"0":"post-765824","1":"product","2":"type-product","3":"status-publish","5":"product_cat-arastirma-inceleme","6":"product_cat-tarih","7":"pa_cilt-ciltsiz","8":"pa_tur-kitap","9":"pa_yayinevi-soncag","10":"pa_yazar-metin-aydin","12":"first","13":"instock","14":"sale","15":"shipping-taxable","16":"purchasable","17":"product-type-simple"},"_links":{"self":[{"href":"https:\/\/roveyayinevi.com.tr\/index.php\/wp-json\/wp\/v2\/product\/765824","targetHints":{"allow":["GET"]}}],"collection":[{"href":"https:\/\/roveyayinevi.com.tr\/index.php\/wp-json\/wp\/v2\/product"}],"about":[{"href":"https:\/\/roveyayinevi.com.tr\/index.php\/wp-json\/wp\/v2\/types\/product"}],"wp:attachment":[{"href":"https:\/\/roveyayinevi.com.tr\/index.php\/wp-json\/wp\/v2\/media?parent=765824"}],"wp:term":[{"taxonomy":"product_brand","embeddable":true,"href":"https:\/\/roveyayinevi.com.tr\/index.php\/wp-json\/wp\/v2\/product_brand?post=765824"},{"taxonomy":"product_cat","embeddable":true,"href":"https:\/\/roveyayinevi.com.tr\/index.php\/wp-json\/wp\/v2\/product_cat?post=765824"},{"taxonomy":"product_tag","embeddable":true,"href":"https:\/\/roveyayinevi.com.tr\/index.php\/wp-json\/wp\/v2\/product_tag?post=765824"}],"curies":[{"name":"wp","href":"https:\/\/api.w.org\/{rel}","templated":true}]}}