{"id":765823,"date":"2025-08-28T11:52:48","date_gmt":"2025-08-28T08:52:48","guid":{"rendered":"https:\/\/roveyayinevi.com.tr\/index.php\/urun\/manifesto-2\/"},"modified":"2026-04-15T03:31:36","modified_gmt":"2026-04-15T00:31:36","slug":"manifesto-2","status":"publish","type":"product","link":"https:\/\/roveyayinevi.com.tr\/index.php\/urun\/manifesto-2\/","title":{"rendered":"Manifesto"},"content":{"rendered":"<p>Co\u015fkun duygular\u0131n edebiyat imbi\u011finden s\u00fcz\u00fclerek dile gelmesinden ba\u015fka nedir ki \u015fiir? \u201cNeredesin ey vicdan, neredesin ey ahlak, \u0130nsan denilen canl\u0131 ne zaman oldu mahluk? Kad\u0131n\u0131m\u0131z, k\u0131z\u0131m\u0131z sanki birer kurbanl\u0131k, Geceler de karanl\u0131k, g\u00fcnd\u00fczler de karanl\u0131k! Sokaklar\u0131n ba\u015f\u0131nda caniler kol geziyor, Erkek m\u00fcsveddeleri kad\u0131nlar\u0131 eziyor! Yok mu hi\u00e7 dur diyecek, bu vah\u015fi cendereye, Nereye gidiyoruz, bu utan\u00e7la nereye?..\u201d                 Kimi zaman isyan, kimi zaman h\u00fcz\u00fcn, kimi sevin\u00e7 dile gelir, kimi zaman ve en \u00e7ok da a\u015fk. \u201cG\u00f6zlerin sevgiyle bakard\u0131 hani, \u015eimdi uzaklara dal\u0131yor, neden? A\u015fk\u0131m\u0131z G\u00fcne\u015f\u2019i yakard\u0131 hani, \u015eimdi b\u00f6yle mahzun kal\u0131yor, neden?..\u201d                 Herkes kendinden bir \u015feyler bulur \u015fiirlerde, bazen umut verir merhem olur \u00e7ekilen derde. \u201cVatan\u0131n ba\u011fr\u0131na d\u00fc\u015fman dayam\u0131\u015f han\u00e7erini  Yo\u011fimi\u015f kurtaracak baht\u0131 kara m\u00e2derini.\u201d Da\u011f\u0131t\u0131lm\u0131\u015f as\u0131rlar\u0131n muzaffer ordular\u0131, G\u00f6zya\u015f\u0131yla \u0131slanm\u0131\u015f Marmara\u2019n\u0131n sular\u0131. \u00c7anakkale ge\u00e7ilmi\u015f, Avrupa\u2019da bayram var, Teslimiyet var ise neye yarar ki surlar? K\u0131sk\u0131vrak yakalanm\u0131\u015f koca Osmanl\u0131, \u00dclke z\u00fcl\u00fcm alt\u0131nda, Anadolu inliyor, Saraya \u00e7evirmi\u015fler z\u0131rhl\u0131lar namlular\u0131, \u0130stanbul, d\u00fc\u015fmanlar\u0131n mar\u015flar\u0131n\u0131 dinliyor. \u0130syan edip, o kibirli d\u00fc\u015fman sesine, \u201cGeldikleri gibi gidecekler!\u201d demedim; Sak\u0131n ha, ad\u0131m\u0131 anmay\u0131n benim. Bu vatan\u0131 kurtaran, ben de\u011filim!                 Velhas\u0131l\u0131kelam, \u015fiir insanla, insan \u015fiirle var olur her daim\u2026                          \u201cNesin sen, bir tav\u015fan m\u0131, yoksa \u00fcrkek ceylan m\u0131, S\u00f6ylemekten, anlamaktan, \u015fik\u00e2yetten korkars\u0131n, P\u0131sa p\u0131sa bir h\u00e2l oldun, susan m\u0131s\u0131n, insan m\u0131, Bazen ger\u00e7ekleri bile, rivayetten korkars\u0131n!\u201d   \u201c\u015eiir\u201de \u00f6zlem duyanlar i\u00e7in bir vuslat vaadi MAN\u0130FESTO\u2026 <\/p>\n","protected":false},"excerpt":{"rendered":"<p>Co\u015fkun duygular\u0131n edebiyat imbi\u011finden s\u00fcz\u00fclerek dile gelmesinden ba\u015fka nedir ki \u015fiir? \u201cNeredesin ey vicdan, neredesin ey ahlak, \u0130nsan denilen canl\u0131 ne zaman oldu mahluk? Kad\u0131n\u0131m\u0131z, k\u0131z\u0131m\u0131z<span class=\"excerpt-hellip\"> [\u2026]<\/span><\/p>\n","protected":false},"featured_media":0,"template":"","meta":{"_monsterinsights_skip_tracking":false,"_monsterinsights_sitenote_active":false,"_monsterinsights_sitenote_note":"","_monsterinsights_sitenote_category":0},"product_brand":[],"product_cat":[12291,12509],"product_tag":[],"class_list":{"0":"post-765823","1":"product","2":"type-product","3":"status-publish","5":"product_cat-edebiyat","6":"product_cat-siir","7":"pa_cilt-ciltsiz","8":"pa_tur-kitap","9":"pa_yayinevi-kaptan-kitap","10":"pa_yazar-hakan-karci","12":"first","13":"instock","14":"sale","15":"shipping-taxable","16":"purchasable","17":"product-type-simple"},"_links":{"self":[{"href":"https:\/\/roveyayinevi.com.tr\/index.php\/wp-json\/wp\/v2\/product\/765823","targetHints":{"allow":["GET"]}}],"collection":[{"href":"https:\/\/roveyayinevi.com.tr\/index.php\/wp-json\/wp\/v2\/product"}],"about":[{"href":"https:\/\/roveyayinevi.com.tr\/index.php\/wp-json\/wp\/v2\/types\/product"}],"wp:attachment":[{"href":"https:\/\/roveyayinevi.com.tr\/index.php\/wp-json\/wp\/v2\/media?parent=765823"}],"wp:term":[{"taxonomy":"product_brand","embeddable":true,"href":"https:\/\/roveyayinevi.com.tr\/index.php\/wp-json\/wp\/v2\/product_brand?post=765823"},{"taxonomy":"product_cat","embeddable":true,"href":"https:\/\/roveyayinevi.com.tr\/index.php\/wp-json\/wp\/v2\/product_cat?post=765823"},{"taxonomy":"product_tag","embeddable":true,"href":"https:\/\/roveyayinevi.com.tr\/index.php\/wp-json\/wp\/v2\/product_tag?post=765823"}],"curies":[{"name":"wp","href":"https:\/\/api.w.org\/{rel}","templated":true}]}}