{"id":765822,"date":"2025-08-28T11:52:46","date_gmt":"2025-08-28T08:52:46","guid":{"rendered":"https:\/\/roveyayinevi.com.tr\/index.php\/urun\/sessiz-cigliklar\/"},"modified":"2026-04-15T03:31:36","modified_gmt":"2026-04-15T00:31:36","slug":"sessiz-cigliklar","status":"publish","type":"product","link":"https:\/\/roveyayinevi.com.tr\/index.php\/urun\/sessiz-cigliklar\/","title":{"rendered":"Sessiz \u00c7\u0131\u011fl\u0131klar"},"content":{"rendered":"<p>E. Kor, 2017 y\u0131l\u0131nda Bilkent \u00dcniversitesi Elektrik ve Elektronik M\u00fchendisli\u011fi B\u00f6l\u00fcm\u00fcn\u00fc burslu olarak kazand\u0131. 2022 y\u0131l\u0131nda lisans e\u011fitimini \u2018\u00fcst\u00fcn \u015feref\u2019 belgesi alarak tamamlad\u0131 ve ayn\u0131 \u00fcniversitede y\u00fcksek lisans e\u011fitimine ba\u015flad\u0131.    E. Kor\u2019un, Myrina Yay\u0131nlar\u0131 taraf\u0131ndan yay\u0131mlanan \u201cBir Garip Par\u0131lt\u0131\u201d (2022) ve \u201cOd ve Yel\u201d (2023) olmak \u00fczere iki \u015fiir kitab\u0131 daha bulunmaktad\u0131r. \u201cSessiz \u00c7\u0131\u011fl\u0131klar\u201d \u015fairin \u00fc\u00e7\u00fcnc\u00fc \u015fiir kitab\u0131d\u0131r.  <\/p>\n","protected":false},"excerpt":{"rendered":"<p>E. Kor, 2017 y\u0131l\u0131nda Bilkent \u00dcniversitesi Elektrik ve Elektronik M\u00fchendisli\u011fi B\u00f6l\u00fcm\u00fcn\u00fc burslu olarak kazand\u0131. 2022 y\u0131l\u0131nda lisans e\u011fitimini \u2018\u00fcst\u00fcn \u015feref\u2019 belgesi alarak tamamlad\u0131 ve ayn\u0131 \u00fcniversitede<span class=\"excerpt-hellip\"> [\u2026]<\/span><\/p>\n","protected":false},"featured_media":0,"template":"","meta":{"_monsterinsights_skip_tracking":false,"_monsterinsights_sitenote_active":false,"_monsterinsights_sitenote_note":"","_monsterinsights_sitenote_category":0},"product_brand":[],"product_cat":[12291,12509],"product_tag":[],"class_list":{"0":"post-765822","1":"product","2":"type-product","3":"status-publish","5":"product_cat-edebiyat","6":"product_cat-siir","7":"pa_cilt-ciltsiz","8":"pa_tur-kitap","9":"pa_yayinevi-denizkizi-yayinlari","10":"pa_yazar-ege-kor","12":"first","13":"instock","14":"sale","15":"shipping-taxable","16":"purchasable","17":"product-type-simple"},"_links":{"self":[{"href":"https:\/\/roveyayinevi.com.tr\/index.php\/wp-json\/wp\/v2\/product\/765822","targetHints":{"allow":["GET"]}}],"collection":[{"href":"https:\/\/roveyayinevi.com.tr\/index.php\/wp-json\/wp\/v2\/product"}],"about":[{"href":"https:\/\/roveyayinevi.com.tr\/index.php\/wp-json\/wp\/v2\/types\/product"}],"wp:attachment":[{"href":"https:\/\/roveyayinevi.com.tr\/index.php\/wp-json\/wp\/v2\/media?parent=765822"}],"wp:term":[{"taxonomy":"product_brand","embeddable":true,"href":"https:\/\/roveyayinevi.com.tr\/index.php\/wp-json\/wp\/v2\/product_brand?post=765822"},{"taxonomy":"product_cat","embeddable":true,"href":"https:\/\/roveyayinevi.com.tr\/index.php\/wp-json\/wp\/v2\/product_cat?post=765822"},{"taxonomy":"product_tag","embeddable":true,"href":"https:\/\/roveyayinevi.com.tr\/index.php\/wp-json\/wp\/v2\/product_tag?post=765822"}],"curies":[{"name":"wp","href":"https:\/\/api.w.org\/{rel}","templated":true}]}}