{"id":765816,"date":"2025-08-28T11:52:35","date_gmt":"2025-08-28T08:52:35","guid":{"rendered":"https:\/\/roveyayinevi.com.tr\/index.php\/urun\/gazi-mustafa-kemal-ataturk-anlatiyor-savas-baris-devrim-ciltli\/"},"modified":"2026-04-15T03:31:36","modified_gmt":"2026-04-15T00:31:36","slug":"gazi-mustafa-kemal-ataturk-anlatiyor-savas-baris-devrim-ciltli","status":"publish","type":"product","link":"https:\/\/roveyayinevi.com.tr\/index.php\/urun\/gazi-mustafa-kemal-ataturk-anlatiyor-savas-baris-devrim-ciltli\/","title":{"rendered":"Gazi Mustafa Kemal Atat\u00fcrk Anlat\u0131yor: Sava\u015f Bar\u0131\u015f Devrim  (Ciltli)"},"content":{"rendered":"<p>Atatu\u0308rk&#8217;u\u0308n miras\u0131na ortak olmak, sahiplenmek ve korumak, sadece onun sevilmesi ile mu\u0308mku\u0308n de\u011fildir. Bu yeterli olsayd\u0131 bugu\u0308n baz\u0131 sorunlar\u0131n h\u00e2l\u00e2 varl\u0131\u011f\u0131n\u0131 devam ettirmesi s\u00f6z konusu olamayacakt\u0131.   Onu daha iyi nas\u0131l anlayabilirsiniz?   Onun du\u0308\u015fu\u0308nce du\u0308nyas\u0131n\u0131n derinli\u011fine inmeniz zorunlu. Ancak onun du\u0308\u015fu\u0308nce du\u0308nyas\u0131 o kadar derin ki i\u00e7erisinde bazen kayboluyor, kendinizi bo\u015flukta hissediyor ve oradan kurtulmak i\u00e7in de ona daha \u00e7ok sar\u0131lma hissini duyuyorsunuz.   Atatu\u0308rk du\u0308\u015fu\u0308ncede o kadar \u00f6zgu\u0308r ki, \u201chayat hakk\u0131ndaki du\u0308\u015fu\u0308ncelerim, eski du\u0308\u015fu\u0308ncelerimden az \u00e7ok ayr\u0131ld\u0131, eski du\u0308\u015fu\u0308ncelerim ileride kar\u015f\u0131la\u015ft\u0131klar\u0131mla ba\u011fda\u015fmad\u0131\u201d demektedir.   Kurallar ve insanlar\u0131n du\u0308\u015fu\u0308nceleri, zamanla ve kazand\u0131\u011f\u0131 tecru\u0308beler ve bilgiler \u00e7er\u00e7evesinde geli\u015fmek u\u0308zere de\u011fi\u015febilir.   Bu nedenle Atatu\u0308rk&#8217;u\u0308n du\u0308\u015fu\u0308ncelerini yorumlarken, i\u00e7inde bulunulan zaman\u0131n ve ko\u015fullar\u0131n iyi anla\u015f\u0131lmas\u0131 ve de\u011ferlendirilmesi gerekir.   Aksi takdirde, Atatu\u0308rk&#8217;u\u0308 dar kal\u0131plara ve sloganlara s\u0131k\u0131\u015ft\u0131rmak ve onun du\u0308\u015fu\u0308ncelerinden do\u011fmalar \u00e7\u0131karmaya \u00e7al\u0131\u015fmakla kar\u015f\u0131 kar\u015f\u0131ya kalabilirsiniz. O zaman da onu hi\u00e7 anlamam\u0131\u015f olman\u0131n yan\u0131nda, belki de ona en bu\u0308yu\u0308k k\u00f6tu\u0308lu\u0308\u011fu\u0308 yapm\u0131\u015f olursunuz. <\/p>\n","protected":false},"excerpt":{"rendered":"<p>Atatu\u0308rk&#8217;u\u0308n miras\u0131na ortak olmak, sahiplenmek ve korumak, sadece onun sevilmesi ile mu\u0308mku\u0308n de\u011fildir. Bu yeterli olsayd\u0131 bugu\u0308n baz\u0131 sorunlar\u0131n h\u00e2l\u00e2 varl\u0131\u011f\u0131n\u0131 devam ettirmesi s\u00f6z konusu olamayacakt\u0131.<span class=\"excerpt-hellip\"> [\u2026]<\/span><\/p>\n","protected":false},"featured_media":0,"template":"","meta":{"_monsterinsights_skip_tracking":false,"_monsterinsights_sitenote_active":false,"_monsterinsights_sitenote_note":"","_monsterinsights_sitenote_category":0},"product_brand":[],"product_cat":[12530,12304],"product_tag":[],"class_list":{"0":"post-765816","1":"product","2":"type-product","3":"status-publish","5":"product_cat-mustafa-kemal-ataturk","6":"product_cat-tarih","7":"pa_cilt-ciltli","8":"pa_tur-kitap","9":"pa_yayinevi-kirmizi-kedi-yayinevi","10":"pa_yazar-ilker-basbug","12":"first","13":"instock","14":"sale","15":"shipping-taxable","16":"purchasable","17":"product-type-simple"},"_links":{"self":[{"href":"https:\/\/roveyayinevi.com.tr\/index.php\/wp-json\/wp\/v2\/product\/765816","targetHints":{"allow":["GET"]}}],"collection":[{"href":"https:\/\/roveyayinevi.com.tr\/index.php\/wp-json\/wp\/v2\/product"}],"about":[{"href":"https:\/\/roveyayinevi.com.tr\/index.php\/wp-json\/wp\/v2\/types\/product"}],"wp:attachment":[{"href":"https:\/\/roveyayinevi.com.tr\/index.php\/wp-json\/wp\/v2\/media?parent=765816"}],"wp:term":[{"taxonomy":"product_brand","embeddable":true,"href":"https:\/\/roveyayinevi.com.tr\/index.php\/wp-json\/wp\/v2\/product_brand?post=765816"},{"taxonomy":"product_cat","embeddable":true,"href":"https:\/\/roveyayinevi.com.tr\/index.php\/wp-json\/wp\/v2\/product_cat?post=765816"},{"taxonomy":"product_tag","embeddable":true,"href":"https:\/\/roveyayinevi.com.tr\/index.php\/wp-json\/wp\/v2\/product_tag?post=765816"}],"curies":[{"name":"wp","href":"https:\/\/api.w.org\/{rel}","templated":true}]}}