{"id":765809,"date":"2025-08-28T11:52:21","date_gmt":"2025-08-28T08:52:21","guid":{"rendered":"https:\/\/roveyayinevi.com.tr\/index.php\/urun\/paw-patrol-ayni-mi-farkli-mi-okul-oncesi-alistirma-kitabi\/"},"modified":"2025-08-31T20:57:13","modified_gmt":"2025-08-31T17:57:13","slug":"paw-patrol-ayni-mi-farkli-mi-okul-oncesi-alistirma-kitabi","status":"publish","type":"product","link":"https:\/\/roveyayinevi.com.tr\/index.php\/urun\/paw-patrol-ayni-mi-farkli-mi-okul-oncesi-alistirma-kitabi\/","title":{"rendered":"Paw Patrol Ayn\u0131 m\u0131, Farkl\u0131 m\u0131? Okul \u00d6ncesi Al\u0131\u015ft\u0131rma Kitab\u0131"},"content":{"rendered":"<p>Paw Patrol: Ayn\u0131 m\u0131, Farkl\u0131 m\u0131? Okul \u00d6ncesi Al\u0131\u015ft\u0131rma kitab\u0131, \u00e7ocuklar\u0131n kar\u015f\u0131la\u015ft\u0131rma ve s\u0131n\u0131fland\u0131rma becerilerini geli\u015ftirmelerine y\u00f6nelik e\u011flenceli faaliyetler sunar. \u00c7ocuklar, nesneler aras\u0131ndaki benzerlik ve farkl\u0131l\u0131klar\u0131 ke\u015ffederken hem keyif alacak hem de odaklanma becerilerini g\u00fc\u00e7lendirecekler. Chase, Ryder, Skye ve t\u00fcm PAW Patrol ekibi, okul \u00f6ncesi ba\u015far\u0131 i\u00e7in \u00f6\u011frenmeyi e\u011flenceli hale getirmek i\u00e7in burada!<\/p>\n","protected":false},"excerpt":{"rendered":"<p>Paw Patrol: Ayn\u0131 m\u0131, Farkl\u0131 m\u0131? Okul \u00d6ncesi Al\u0131\u015ft\u0131rma kitab\u0131, \u00e7ocuklar\u0131n kar\u015f\u0131la\u015ft\u0131rma ve s\u0131n\u0131fland\u0131rma becerilerini geli\u015ftirmelerine y\u00f6nelik e\u011flenceli faaliyetler sunar. \u00c7ocuklar, nesneler aras\u0131ndaki benzerlik ve farkl\u0131l\u0131klar\u0131<span class=\"excerpt-hellip\"> [\u2026]<\/span><\/p>\n","protected":false},"featured_media":0,"template":"","meta":{"_monsterinsights_skip_tracking":false,"_monsterinsights_sitenote_active":false,"_monsterinsights_sitenote_note":"","_monsterinsights_sitenote_category":0},"product_brand":[],"product_cat":[12274,15842],"product_tag":[],"class_list":{"0":"post-765809","1":"product","2":"type-product","3":"status-publish","5":"product_cat-cocuk-ve-genclik-kitaplari","6":"product_cat-egitici-kitaplar","7":"pa_cilt-ciltsiz","8":"pa_tur-kitap","9":"pa_yayinevi-beta-kids","10":"pa_yazar-kolektif","12":"first","13":"instock","14":"sale","15":"shipping-taxable","16":"purchasable","17":"product-type-simple"},"_links":{"self":[{"href":"https:\/\/roveyayinevi.com.tr\/index.php\/wp-json\/wp\/v2\/product\/765809","targetHints":{"allow":["GET"]}}],"collection":[{"href":"https:\/\/roveyayinevi.com.tr\/index.php\/wp-json\/wp\/v2\/product"}],"about":[{"href":"https:\/\/roveyayinevi.com.tr\/index.php\/wp-json\/wp\/v2\/types\/product"}],"wp:attachment":[{"href":"https:\/\/roveyayinevi.com.tr\/index.php\/wp-json\/wp\/v2\/media?parent=765809"}],"wp:term":[{"taxonomy":"product_brand","embeddable":true,"href":"https:\/\/roveyayinevi.com.tr\/index.php\/wp-json\/wp\/v2\/product_brand?post=765809"},{"taxonomy":"product_cat","embeddable":true,"href":"https:\/\/roveyayinevi.com.tr\/index.php\/wp-json\/wp\/v2\/product_cat?post=765809"},{"taxonomy":"product_tag","embeddable":true,"href":"https:\/\/roveyayinevi.com.tr\/index.php\/wp-json\/wp\/v2\/product_tag?post=765809"}],"curies":[{"name":"wp","href":"https:\/\/api.w.org\/{rel}","templated":true}]}}