{"id":765807,"date":"2025-08-28T11:52:17","date_gmt":"2025-08-28T08:52:17","guid":{"rendered":"https:\/\/roveyayinevi.com.tr\/index.php\/urun\/paw-patrol-ilk-sayilarim-faaliyet-kitabi\/"},"modified":"2026-04-15T03:31:36","modified_gmt":"2026-04-15T00:31:36","slug":"paw-patrol-ilk-sayilarim-faaliyet-kitabi","status":"publish","type":"product","link":"https:\/\/roveyayinevi.com.tr\/index.php\/urun\/paw-patrol-ilk-sayilarim-faaliyet-kitabi\/","title":{"rendered":"Paw Patrol \u0130lk Say\u0131lar\u0131m Faaliyet Kitab\u0131"},"content":{"rendered":"<p>&#8220;\u0130lk Say\u0131lar\u0131m Faaliyet Kitab\u0131&#8221;, \u00e7ocuklar\u0131n temel say\u0131lar\u0131 tan\u0131mas\u0131na ve sayma becerilerini geli\u015ftirmesine yard\u0131mc\u0131 olmak amac\u0131yla tasarlanm\u0131\u015ft\u0131r. PAW Patrol karakterleriyle dolu bu e\u011flenceli kitap, \u00e7ocuklar\u0131n 1\u2019den 10\u2019a kadar olan say\u0131lar\u0131 \u00f6\u011frenmelerine destek olurken ayn\u0131 zamanda e\u015fle\u015ftirme gibi temel matematik becerilerini de peki\u015ftirecek. Renkli ve b\u00fcy\u00fck boy g\u00f6rsellerle zenginle\u015ftirilmi\u015f bu PAW Patrol kitab\u0131, miniklerin say\u0131larla tan\u0131\u015fmas\u0131na ve e\u011flenerek \u00f6\u011frenmesine olanak tan\u0131r. Say\u0131lar d\u00fcnyas\u0131nda maceraya at\u0131lmaya haz\u0131rlan\u0131n! Evde ya da yuvalarda kullan\u0131m i\u00e7in ideal bir kaynakt\u0131r. <\/p>\n","protected":false},"excerpt":{"rendered":"<p>&#8220;\u0130lk Say\u0131lar\u0131m Faaliyet Kitab\u0131&#8221;, \u00e7ocuklar\u0131n temel say\u0131lar\u0131 tan\u0131mas\u0131na ve sayma becerilerini geli\u015ftirmesine yard\u0131mc\u0131 olmak amac\u0131yla tasarlanm\u0131\u015ft\u0131r. PAW Patrol karakterleriyle dolu bu e\u011flenceli kitap, \u00e7ocuklar\u0131n 1\u2019den 10\u2019a<span class=\"excerpt-hellip\"> [\u2026]<\/span><\/p>\n","protected":false},"featured_media":0,"template":"","meta":{"_monsterinsights_skip_tracking":false,"_monsterinsights_sitenote_active":false,"_monsterinsights_sitenote_note":"","_monsterinsights_sitenote_category":0},"product_brand":[],"product_cat":[12274,15842],"product_tag":[],"class_list":{"0":"post-765807","1":"product","2":"type-product","3":"status-publish","5":"product_cat-cocuk-ve-genclik-kitaplari","6":"product_cat-egitici-kitaplar","7":"pa_cilt-ciltsiz","8":"pa_tur-kitap","9":"pa_yayinevi-beta-kids","10":"pa_yazar-beta-kids-kolektif","12":"first","13":"instock","14":"sale","15":"shipping-taxable","16":"purchasable","17":"product-type-simple"},"_links":{"self":[{"href":"https:\/\/roveyayinevi.com.tr\/index.php\/wp-json\/wp\/v2\/product\/765807","targetHints":{"allow":["GET"]}}],"collection":[{"href":"https:\/\/roveyayinevi.com.tr\/index.php\/wp-json\/wp\/v2\/product"}],"about":[{"href":"https:\/\/roveyayinevi.com.tr\/index.php\/wp-json\/wp\/v2\/types\/product"}],"wp:attachment":[{"href":"https:\/\/roveyayinevi.com.tr\/index.php\/wp-json\/wp\/v2\/media?parent=765807"}],"wp:term":[{"taxonomy":"product_brand","embeddable":true,"href":"https:\/\/roveyayinevi.com.tr\/index.php\/wp-json\/wp\/v2\/product_brand?post=765807"},{"taxonomy":"product_cat","embeddable":true,"href":"https:\/\/roveyayinevi.com.tr\/index.php\/wp-json\/wp\/v2\/product_cat?post=765807"},{"taxonomy":"product_tag","embeddable":true,"href":"https:\/\/roveyayinevi.com.tr\/index.php\/wp-json\/wp\/v2\/product_tag?post=765807"}],"curies":[{"name":"wp","href":"https:\/\/api.w.org\/{rel}","templated":true}]}}