{"id":765806,"date":"2025-08-28T11:52:15","date_gmt":"2025-08-28T08:52:15","guid":{"rendered":"https:\/\/roveyayinevi.com.tr\/index.php\/urun\/paw-patrol-ilk-boyama-kitabim\/"},"modified":"2026-04-15T03:31:36","modified_gmt":"2026-04-15T00:31:36","slug":"paw-patrol-ilk-boyama-kitabim","status":"publish","type":"product","link":"https:\/\/roveyayinevi.com.tr\/index.php\/urun\/paw-patrol-ilk-boyama-kitabim\/","title":{"rendered":"Paw Patrol \u0130lk Boyama Kitab\u0131m"},"content":{"rendered":"<p>\u0130lk Boyama Kitab\u0131m, \u00e7ocuklar\u0131n en sevdikleri PAW Patrol karakterlerini renklendirerek yarat\u0131c\u0131l\u0131klar\u0131n\u0131 geli\u015ftirmelerine yard\u0131mc\u0131 olur. Bu kitap, \u00e7ocuklar\u0131n el becerilerini desteklerken ayn\u0131 zamanda renkleri \u00f6\u011frenmelerine olanak tan\u0131r. 64 sayfa b\u00fcy\u00fck ve cesur \u00e7izimler i\u00e7eren bu kitap, 2-5 ya\u015f aras\u0131 hem erkek hem k\u0131z \u00e7ocuklar\u0131 i\u00e7in saatlerce s\u00fcrecek bir e\u011flence sunar. Chase, Marshall, Rubble, Skye ve di\u011fer yavru k\u00f6pek kahramanlar, HAVrika ara\u00e7lar\u0131n\u0131 ve ekip \u00e7al\u0131\u015fmalar\u0131n\u0131 kullanarak her zaman arkada\u015flar\u0131n\u0131 kurtarmaya ve Macera K\u00f6rfezi\u2019ni korumaya haz\u0131rd\u0131r. <\/p>\n","protected":false},"excerpt":{"rendered":"<p>\u0130lk Boyama Kitab\u0131m, \u00e7ocuklar\u0131n en sevdikleri PAW Patrol karakterlerini renklendirerek yarat\u0131c\u0131l\u0131klar\u0131n\u0131 geli\u015ftirmelerine yard\u0131mc\u0131 olur. Bu kitap, \u00e7ocuklar\u0131n el becerilerini desteklerken ayn\u0131 zamanda renkleri \u00f6\u011frenmelerine olanak tan\u0131r.<span class=\"excerpt-hellip\"> [\u2026]<\/span><\/p>\n","protected":false},"featured_media":0,"template":"","meta":{"_monsterinsights_skip_tracking":false,"_monsterinsights_sitenote_active":false,"_monsterinsights_sitenote_note":"","_monsterinsights_sitenote_category":0},"product_brand":[],"product_cat":[12644,12274],"product_tag":[],"class_list":{"0":"post-765806","1":"product","2":"type-product","3":"status-publish","5":"product_cat-boyama-kitaplari","6":"product_cat-cocuk-ve-genclik-kitaplari","7":"pa_cilt-ciltsiz","8":"pa_tur-kitap","9":"pa_yayinevi-beta-kids","10":"pa_yazar-kolektif","12":"first","13":"instock","14":"sale","15":"shipping-taxable","16":"purchasable","17":"product-type-simple"},"_links":{"self":[{"href":"https:\/\/roveyayinevi.com.tr\/index.php\/wp-json\/wp\/v2\/product\/765806","targetHints":{"allow":["GET"]}}],"collection":[{"href":"https:\/\/roveyayinevi.com.tr\/index.php\/wp-json\/wp\/v2\/product"}],"about":[{"href":"https:\/\/roveyayinevi.com.tr\/index.php\/wp-json\/wp\/v2\/types\/product"}],"wp:attachment":[{"href":"https:\/\/roveyayinevi.com.tr\/index.php\/wp-json\/wp\/v2\/media?parent=765806"}],"wp:term":[{"taxonomy":"product_brand","embeddable":true,"href":"https:\/\/roveyayinevi.com.tr\/index.php\/wp-json\/wp\/v2\/product_brand?post=765806"},{"taxonomy":"product_cat","embeddable":true,"href":"https:\/\/roveyayinevi.com.tr\/index.php\/wp-json\/wp\/v2\/product_cat?post=765806"},{"taxonomy":"product_tag","embeddable":true,"href":"https:\/\/roveyayinevi.com.tr\/index.php\/wp-json\/wp\/v2\/product_tag?post=765806"}],"curies":[{"name":"wp","href":"https:\/\/api.w.org\/{rel}","templated":true}]}}