{"id":765805,"date":"2025-08-28T11:52:13","date_gmt":"2025-08-28T08:52:13","guid":{"rendered":"https:\/\/roveyayinevi.com.tr\/index.php\/urun\/azerbaycan-edebiyatinda-tarihi-roman\/"},"modified":"2026-04-15T03:31:36","modified_gmt":"2026-04-15T00:31:36","slug":"azerbaycan-edebiyatinda-tarihi-roman","status":"publish","type":"product","link":"https:\/\/roveyayinevi.com.tr\/index.php\/urun\/azerbaycan-edebiyatinda-tarihi-roman\/","title":{"rendered":"Azerbaycan Edebiyat\u0131nda Tarihi Roman"},"content":{"rendered":"<p>Romanlar Sovyet d\u00f6neminde kaleme al\u0131nsa da 1960 y\u0131l\u0131ndan sonra y\u00f6netimin edebiyat ve sanata tan\u0131d\u0131\u011f\u0131 imk\u00e2nlar nedeniyle eserlerde milli birlik ve beraberlik konular\u0131 ele al\u0131nm\u0131\u015ft\u0131r. Romanlarda sadece tarihi olaylar de\u011fil ayn\u0131 zamanda konu edilen d\u00f6nemin sosyal ya\u015fam tarz\u0131, gelenek ve g\u00f6renekleri, sofra adab\u0131, halk edebiyat\u0131 \u00f6rnekleri, bayramlar, inan\u00e7 ve t\u00f6renler de anlat\u0131lm\u0131\u015f, mimari yap\u0131lar hakk\u0131nda bilgi verilmi\u015ftir. Eseri daha okunur k\u0131lma, tarihi bilgileri desteklemek amac\u0131yla aktar\u0131lan k\u00fclt\u00fcrel \u00f6gelerin ayn\u0131 zamanda okurun milli benli\u011fini olu\u015fturmaya hizmet etti\u011fi saptanm\u0131\u015ft\u0131r.  \u0130nceleme konusu eserler aras\u0131nda Sovyet d\u00f6neminin etkisi en \u00e7ok \u201cVatana Gay\u0131t\u201d roman\u0131nda g\u00f6r\u00fclmektedir. Eserde bey, han, a\u011fa gibi yerel y\u00f6neticiler ve imamlar sosyal ger\u00e7eklik kuram\u0131 \u00e7er\u00e7evesinde yorumlanm\u0131\u015f kart karakterlerdir. Ayn\u0131 zamanda Sovyetlerde yayg\u0131nla\u015fan halklar dostlu\u011fu kavram\u0131 da romanda \u015eerefnise ve Haykanu\u015f gibi kahramanlar fonunda ele al\u0131nm\u0131\u015ft\u0131r.  \u201cKarl\u0131 A\u015f\u0131r\u0131m\u201d roman\u0131nda ise uygulanan politikalar sonucu toplumun giderek yozla\u015fmas\u0131 ve par\u00e7alanmas\u0131 \u00f6rt\u00fck bir dil kullan\u0131larak ele\u015ftirilmi\u015f, incelenen romanlar aras\u0131nda y\u00f6netimi en \u00e7ok tenkit eden eser oldu\u011fu tespit edilmi\u015ftir.  Romanlardan \u00fc\u00e7\u00fc (\u201cBak\u0131 1501\u201d, \u201cHudaferin K\u00f6pr\u00fcs\u00fc\u201d, \u201c\u00c7ald\u0131ran D\u00f6y\u00fc\u015f\u00fc\u201d) \u015eah \u0130smail\u2019in hayat\u0131 ve seferlerinden bahsetmektedir. \u0130lk kez tarihi roman t\u00fcr\u00fcnde \u015eah \u0130smail\u2019in hayat\u0131 ve seferleri \u201cBak\u0131 1501\u201d eserinde ele al\u0131nm\u0131\u015f, roman \u0130smail\u2019in 1501-1514 y\u0131llar\u0131 aras\u0131ndaki ya\u015fam ve faaliyetlerini konu edinmi\u015f, yazar eserde \u00f6zellikle \u015fah\u0131n Bak\u00fc ve \u015eirvan seferleri \u00fczerine yo\u011funla\u015fm\u0131\u015ft\u0131r. Eserde \u015fah\u0131n \u00e7ocukluk y\u0131llar\u0131 da an\u0131lar e\u015fli\u011finde verilmi\u015f, hakk\u0131nda ortaya \u00e7\u0131kan baz\u0131 rivayetler esere d\u00e2hil edilmi\u015ftir.  K\u00fc\u00e7\u00fck tayfalara par\u00e7alanm\u0131\u015f memleketi bir y\u00f6netim alt\u0131nda birle\u015ftirerek g\u00fc\u00e7l\u00fc devlet kuran \u015fah, saf T\u00fcrk\u00e7e ile ak\u0131c\u0131 \u015fiirler yazan \u015fair, mahir avc\u0131 ve ac\u0131mas\u0131z bir serasker olarak tasvir edilmi\u015f, kahraman\u0131n \u00f6\u00e7 al\u0131\u015f\u0131 ve ac\u0131mas\u0131zl\u0131\u011f\u0131 \u00fczerinde durulmu\u015ftur. \u015eah \u0130smail\u2019in y\u00fcr\u00fctt\u00fc\u011f\u00fc \u015eii politikas\u0131 roman\u0131n ana eksenini olu\u015fturmu\u015f, yazar, \u015eirvan ve Bak\u00fc sava\u015flar\u0131na dikkat \u00e7ekmi\u015f, \u015fah\u0131n emriyle ger\u00e7ekle\u015fen y\u0131k\u0131mlar\u0131 tasvir etmi\u015ftir. Zaman zaman \u0130smail\u2019in \u015fair kimli\u011fini de roman\u0131n merkezine ta\u015f\u0131yan yazar, kahraman\u0131n \u015fair sultan olu\u015funu sevgi ve nefret, affetme ve intikam gibi ba\u011flamlar \u00e7er\u00e7evesinde ele alm\u0131\u015f, onu \u00e7eli\u015fkili bir kahraman olarak konumland\u0131rm\u0131\u015ft\u0131r. <\/p>\n","protected":false},"excerpt":{"rendered":"<p>Romanlar Sovyet d\u00f6neminde kaleme al\u0131nsa da 1960 y\u0131l\u0131ndan sonra y\u00f6netimin edebiyat ve sanata tan\u0131d\u0131\u011f\u0131 imk\u00e2nlar nedeniyle eserlerde milli birlik ve beraberlik konular\u0131 ele al\u0131nm\u0131\u015ft\u0131r. Romanlarda sadece<span class=\"excerpt-hellip\"> [\u2026]<\/span><\/p>\n","protected":false},"featured_media":0,"template":"","meta":{"_monsterinsights_skip_tracking":false,"_monsterinsights_sitenote_active":false,"_monsterinsights_sitenote_note":"","_monsterinsights_sitenote_category":0},"product_brand":[],"product_cat":[12291,12745],"product_tag":[],"class_list":{"0":"post-765805","1":"product","2":"type-product","3":"status-publish","5":"product_cat-edebiyat","6":"product_cat-tarihi-roman","7":"pa_cilt-ciltsiz","8":"pa_tur-kitap","9":"pa_yayinevi-kultur-ajans-yayinlari","10":"pa_yazar-konul-gulusoy","12":"first","13":"instock","14":"sale","15":"shipping-taxable","16":"purchasable","17":"product-type-simple"},"_links":{"self":[{"href":"https:\/\/roveyayinevi.com.tr\/index.php\/wp-json\/wp\/v2\/product\/765805","targetHints":{"allow":["GET"]}}],"collection":[{"href":"https:\/\/roveyayinevi.com.tr\/index.php\/wp-json\/wp\/v2\/product"}],"about":[{"href":"https:\/\/roveyayinevi.com.tr\/index.php\/wp-json\/wp\/v2\/types\/product"}],"wp:attachment":[{"href":"https:\/\/roveyayinevi.com.tr\/index.php\/wp-json\/wp\/v2\/media?parent=765805"}],"wp:term":[{"taxonomy":"product_brand","embeddable":true,"href":"https:\/\/roveyayinevi.com.tr\/index.php\/wp-json\/wp\/v2\/product_brand?post=765805"},{"taxonomy":"product_cat","embeddable":true,"href":"https:\/\/roveyayinevi.com.tr\/index.php\/wp-json\/wp\/v2\/product_cat?post=765805"},{"taxonomy":"product_tag","embeddable":true,"href":"https:\/\/roveyayinevi.com.tr\/index.php\/wp-json\/wp\/v2\/product_tag?post=765805"}],"curies":[{"name":"wp","href":"https:\/\/api.w.org\/{rel}","templated":true}]}}