{"id":765800,"date":"2025-08-28T11:52:03","date_gmt":"2025-08-28T08:52:03","guid":{"rendered":"https:\/\/roveyayinevi.com.tr\/index.php\/urun\/esme-lennox-nasil-yok-oldu\/"},"modified":"2026-04-15T03:31:36","modified_gmt":"2026-04-15T00:31:36","slug":"esme-lennox-nasil-yok-oldu","status":"publish","type":"product","link":"https:\/\/roveyayinevi.com.tr\/index.php\/urun\/esme-lennox-nasil-yok-oldu\/","title":{"rendered":"Esme Lennox Nas\u0131l Yok Oldu"},"content":{"rendered":"<p>HAMNET\u2019IN YAZARINDAN 1930\u2019lar, Edinburg\u2026 Lennox Ailesi\u2019nin, k\u0131zlar\u0131 Esme\u2019yle ya\u015fad\u0131\u011f\u0131 sorunlar\u0131n sonu gelmiyor. A\u00e7\u0131k s\u00f6zl\u00fc, kal\u0131plara s\u0131\u011fmayan bu gen\u00e7 kad\u0131n ailesi i\u00e7in bir utan\u00e7 kayna\u011f\u0131. Ve ailesinin bunu kabullenmesi m\u00fcmk\u00fcn de\u011fil. Y\u0131llar sonra, Iris Lockhart ad\u0131nda bir ba\u015fka gen\u00e7 kad\u0131n, ak\u0131l hastanesinden gelen bir mektupla o g\u00fcne kadar varl\u0131\u011f\u0131ndan bile haberdar olmad\u0131\u011f\u0131 b\u00fcy\u00fck teyzesi Esme Lennox\u2019un taburcu edilmek \u00fczere oldu\u011funu \u00f6\u011freniyor. Iris ge\u00e7mi\u015fin perdesini aralamaya, ona bu konuda yard\u0131m edebilecek tek ki\u015fi olan babaannesi Kitty ise konu\u015fmamaya kararl\u0131. Peki kim bu Esme? \u00d6mr\u00fcn\u00fc t\u0131marhanede ge\u00e7irmesine neden olacak ne yapm\u0131\u015f olabilir? Bir insan aile tarihinden nas\u0131l silinebilir? Unutturulmaya \u00e7al\u0131\u015f\u0131lan bir kad\u0131n\u0131n, Esme Lennox\u2019un hik\u00e2yesi Hamnet ve Evlilik Portresi kitaplar\u0131n\u0131n yazar\u0131, Women\u2019s Prize sahibi Maggie O\u2019Farrell\u2019\u0131n nefes kesici anlat\u0131m\u0131yla hayat buluyor. \u201c\u00d6yle bir enerji ve co\u015fkuyla yaz\u0131lm\u0131\u015f ki&#8230; S\u00fcr\u00fckleyici anlat\u0131m\u0131, berrakl\u0131\u011f\u0131 ve insan\u0131 i\u00e7ine \u00e7eken gizemiyle, klasik gotik romanlar\u0131 an\u0131msat\u0131yor. Ger\u00e7ekten elinizden b\u0131rakamayaca\u011f\u0131n\u0131z bir kitap\u201d \u2013Ali Smith \u201cAilelerin sadece kitaplarda b\u00f6yle davrand\u0131\u011f\u0131n\u0131 d\u00fc\u015f\u00fcnmek isterdim ama yaz\u0131k ki ihanet, k\u0131skan\u00e7l\u0131k ve s\u0131rlar ger\u00e7ek hayatta ka\u00e7\u0131n\u0131lmaz. M\u00fcthi\u015f bir kitapt\u0131, uzun s\u00fcre akl\u0131mdan \u00e7\u0131kmayacak.\u201d \u2013Audrey Niffenegger <\/p>\n","protected":false},"excerpt":{"rendered":"<p>HAMNET\u2019IN YAZARINDAN 1930\u2019lar, Edinburg\u2026 Lennox Ailesi\u2019nin, k\u0131zlar\u0131 Esme\u2019yle ya\u015fad\u0131\u011f\u0131 sorunlar\u0131n sonu gelmiyor. A\u00e7\u0131k s\u00f6zl\u00fc, kal\u0131plara s\u0131\u011fmayan bu gen\u00e7 kad\u0131n ailesi i\u00e7in bir utan\u00e7 kayna\u011f\u0131. Ve ailesinin<span class=\"excerpt-hellip\"> [\u2026]<\/span><\/p>\n","protected":false},"featured_media":0,"template":"","meta":{"_monsterinsights_skip_tracking":false,"_monsterinsights_sitenote_active":false,"_monsterinsights_sitenote_note":"","_monsterinsights_sitenote_category":0},"product_brand":[],"product_cat":[12291,12711],"product_tag":[],"class_list":{"0":"post-765800","1":"product","2":"type-product","3":"status-publish","5":"product_cat-edebiyat","6":"product_cat-roman-oyku","7":"pa_cilt-ciltsiz","8":"pa_tur-kitap","9":"pa_yayinevi-domingo-yayinevi","10":"pa_yazar-maggie-ofarrell","12":"first","13":"instock","14":"sale","15":"shipping-taxable","16":"purchasable","17":"product-type-simple"},"_links":{"self":[{"href":"https:\/\/roveyayinevi.com.tr\/index.php\/wp-json\/wp\/v2\/product\/765800","targetHints":{"allow":["GET"]}}],"collection":[{"href":"https:\/\/roveyayinevi.com.tr\/index.php\/wp-json\/wp\/v2\/product"}],"about":[{"href":"https:\/\/roveyayinevi.com.tr\/index.php\/wp-json\/wp\/v2\/types\/product"}],"wp:attachment":[{"href":"https:\/\/roveyayinevi.com.tr\/index.php\/wp-json\/wp\/v2\/media?parent=765800"}],"wp:term":[{"taxonomy":"product_brand","embeddable":true,"href":"https:\/\/roveyayinevi.com.tr\/index.php\/wp-json\/wp\/v2\/product_brand?post=765800"},{"taxonomy":"product_cat","embeddable":true,"href":"https:\/\/roveyayinevi.com.tr\/index.php\/wp-json\/wp\/v2\/product_cat?post=765800"},{"taxonomy":"product_tag","embeddable":true,"href":"https:\/\/roveyayinevi.com.tr\/index.php\/wp-json\/wp\/v2\/product_tag?post=765800"}],"curies":[{"name":"wp","href":"https:\/\/api.w.org\/{rel}","templated":true}]}}