{"id":765799,"date":"2025-08-28T11:52:00","date_gmt":"2025-08-28T08:52:00","guid":{"rendered":"https:\/\/roveyayinevi.com.tr\/index.php\/urun\/lucasin-savaslari\/"},"modified":"2026-04-15T03:31:36","modified_gmt":"2026-04-15T00:31:36","slug":"lucasin-savaslari","status":"publish","type":"product","link":"https:\/\/roveyayinevi.com.tr\/index.php\/urun\/lucasin-savaslari\/","title":{"rendered":"Lucas\u2019\u0131n Sava\u015flar\u0131"},"content":{"rendered":"<p>Tarihi ger\u00e7eklere sad\u0131k kal\u0131narak ve titizlikle belgelere dayand\u0131r\u0131larak haz\u0131rlanan Lucas\u2019\u0131n Sava\u015flar\u0131, \u00f6lu\u0308mden k\u0131l pay\u0131 kurtulan asi \u00e7ocuk, yeni hollywood hareketinin dahisi, y\u0131lmaz vizyoner George Lucas\u2019\u0131n hik\u00e2yesini anlat\u0131yor. Oyuncu se\u00e7meleri \u00e7ilesinden kabusa d\u00f6nu\u0308\u015fen \u00e7ekimlere; kavgalar\u0131n, gizli a\u015fklar\u0131n, u\u0308st u\u0308ste gelen felaketlerin ya\u015fand\u0131\u011f\u0131 y\u0131ld\u0131z sava\u015flar\u0131 kulislerinden yay\u0131mlanmam\u0131\u015f bilgiler\u2026 yedinci sanat\u0131 ebediyen de\u011fi\u015ftiren bir ba\u015f yap\u0131t\u0131n \u00e7\u0131kt\u0131\u011f\u0131 dev batakl\u0131k. Yarat\u0131m su\u0308recinin bo\u011fuculu\u011funa tan\u0131k oldu\u011fumuz Lucas\u2019\u0131n Sava\u015flar\u0131, yo\u011fun ve dokunakl\u0131, ama her \u015feye ra\u011fmen, bir o kadar da e\u011flenceli. Sinemac\u0131l\u0131\u011fa dair ders niteli\u011finde, keyifli bir ba\u015far\u0131 hikayesinin perde arkas\u0131, \u00e7ocuklu\u011fun bu\u0308yu\u0308su\u0308ne ve kararl\u0131l\u0131\u011fa bir \u00f6vgu\u0308. <\/p>\n","protected":false},"excerpt":{"rendered":"<p>Tarihi ger\u00e7eklere sad\u0131k kal\u0131narak ve titizlikle belgelere dayand\u0131r\u0131larak haz\u0131rlanan Lucas\u2019\u0131n Sava\u015flar\u0131, \u00f6lu\u0308mden k\u0131l pay\u0131 kurtulan asi \u00e7ocuk, yeni hollywood hareketinin dahisi, y\u0131lmaz vizyoner George Lucas\u2019\u0131n hik\u00e2yesini<span class=\"excerpt-hellip\"> [\u2026]<\/span><\/p>\n","protected":false},"featured_media":0,"template":"","meta":{"_monsterinsights_skip_tracking":false,"_monsterinsights_sitenote_active":false,"_monsterinsights_sitenote_note":"","_monsterinsights_sitenote_category":0},"product_brand":[],"product_cat":[12291,12711],"product_tag":[],"class_list":{"0":"post-765799","1":"product","2":"type-product","3":"status-publish","5":"product_cat-edebiyat","6":"product_cat-roman-oyku","7":"pa_cilt-ciltsiz","8":"pa_tur-kitap","9":"pa_yayinevi-kara-karga-yayinlari","10":"pa_yazar-renaud-roche-laurent-hopman","12":"first","13":"instock","14":"sale","15":"shipping-taxable","16":"purchasable","17":"product-type-simple"},"_links":{"self":[{"href":"https:\/\/roveyayinevi.com.tr\/index.php\/wp-json\/wp\/v2\/product\/765799","targetHints":{"allow":["GET"]}}],"collection":[{"href":"https:\/\/roveyayinevi.com.tr\/index.php\/wp-json\/wp\/v2\/product"}],"about":[{"href":"https:\/\/roveyayinevi.com.tr\/index.php\/wp-json\/wp\/v2\/types\/product"}],"wp:attachment":[{"href":"https:\/\/roveyayinevi.com.tr\/index.php\/wp-json\/wp\/v2\/media?parent=765799"}],"wp:term":[{"taxonomy":"product_brand","embeddable":true,"href":"https:\/\/roveyayinevi.com.tr\/index.php\/wp-json\/wp\/v2\/product_brand?post=765799"},{"taxonomy":"product_cat","embeddable":true,"href":"https:\/\/roveyayinevi.com.tr\/index.php\/wp-json\/wp\/v2\/product_cat?post=765799"},{"taxonomy":"product_tag","embeddable":true,"href":"https:\/\/roveyayinevi.com.tr\/index.php\/wp-json\/wp\/v2\/product_tag?post=765799"}],"curies":[{"name":"wp","href":"https:\/\/api.w.org\/{rel}","templated":true}]}}